
{"id":6785,"date":"2015-11-13T16:20:07","date_gmt":"2015-11-13T15:20:07","guid":{"rendered":"https:\/\/www.gipa.eu\/de\/what-do-we-offer\/"},"modified":"2016-04-22T13:29:36","modified_gmt":"2016-04-22T12:29:36","slug":"was-bietet-gipa","status":"publish","type":"page","link":"https:\/\/www.gipa.eu\/de\/was-bietet-gipa\/","title":{"rendered":"Was bietet GiPA?"},"content":{"rendered":"<div class=\"wpb-content-wrapper\"><p>[vc_row class=&#8220;what-do-we-offer-services&#8220;][vc_column width=&#8220;1\/2&#8243;][services_medium title=&#8220;Verstehen Sie Ihren Markt und Ihr Wettbewerbsumfeld&#8220; icon=&#8220;moon-stats&#8220; icon_color=&#8220;#ffffff&#8220; circle_color=&#8220;#f79520&#8243; border_color=&#8220;#f79520&#8243;]<\/p>\n<p style=\"text-align: left;\">Seit 1986 f\u00fchrt GiPA jedes Jahr Marktbeobachtungsstudien zum Fahrzeugbestand und zum Autofahrer Verhalten durch. Diese Studien werden in mehr als 30 L\u00e4ndern durchgef\u00fchrt. Zus\u00e4tzlich f\u00fchrt GiPA Kraftr\u00e4der und LKW Studien in einigen L\u00e4ndern durch.<br \/>\nWeil die M\u00e4rkte sich schnell ver\u00e4ndern und weil Sie regelm\u00e4\u00dfig frische Informationen brauchen, bieten wir alle Antworten zu spezifischen Fragen rund um die Automotive Branche an (Identifikation und Bewertung des Marktpotenzials, Tracking der Kundenzufriedenheit&#8230;).<\/p>\n<p>[\/services_medium][\/vc_column][vc_column width=&#8220;1\/2&#8243;][services_medium title=&#8220;Generieren Sie Loyalit\u00e4t aus Kundenerfahrungen und entwickeln Sie erfolgreiche Strategien zur Neukundengewinnung&#8220; icon=&#8220;moon-user-plus-2&#8243; icon_color=&#8220;#ffffff&#8220; circle_color=&#8220;#f79520&#8243; border_color=&#8220;#f79520&#8243;]<\/p>\n<p style=\"text-align: left;\">Kundenbindung, Kundenzufriedenheit und Kundenloyalit\u00e4t sind das Ergebnis \u00a0aller Interaktionen zwischen Ihrem Unternehmen und Ihren Kunden. Als Automotive Aftermarket Experten k\u00f6nnen wir Sie bei der Messung und Bewertung Ihrer Kundenerfahrung unterst\u00fctzen. Unabh\u00e4ngig davon, ob Sie kontinuierliche oder einmalige Messungen planen, GiPA bietet immer die passende L\u00f6sung.<\/p>\n<p>[\/services_medium][\/vc_column][\/vc_row][vc_row parallax=&#8220;content-moving&#8220; type=&#8220;full_width_background&#8220; bg_image=&#8220;7849&#8243; bg_position=&#8220;center center&#8220; parallax_bg=&#8220;true&#8220; bg_color=&#8220;#f6f6f6&#8243; text_color=&#8220;light&#8220; class=&#8220;what-do-we-offer-services &#8222;][vc_column][vc_raw_html el_class=&#8220;anchor-container&#8220;]JTNDcCUyMHN0eWxlJTNEJTIybWFyZ2luJTNBJTIwMHB4JTNCJTIyJTNFJTNDYSUyMGlkJTNEJTIybWFuYWdlLWRldmVsb3AlMjIlMjBjbGFzcyUzRCUyMmFuY2hvci1zdGlja3ktZ2VyZXIlMjIlM0UlMjZuYnNwJTNCJTNDJTJGYSUzRSUzQyUyRnAlM0U=[\/vc_raw_html][\/vc_column][vc_column width=&#8220;1\/2&#8243;][services_medium title=&#8220;Steuern Sie Ihre Marke und Ihre Kommunikation &#8220; icon=&#8220;moon-bubbles-3&#8243; icon_color=&#8220;#ffffff&#8220; circle_color=&#8220;#f79520&#8243; border_color=&#8220;#f79520&#8243; dynamic_content_link=&#8220;#manage-develop&#8220;]<\/p>\n<p style=\"text-align: left;\">Endverbraucher sind bereit, mehr f\u00fcr Produkte \/ Dienstleistungen einer bekannten Marke zu bezahlen. Die Leistung Ihres Unternehmens h\u00e4ngt direkt von der St\u00e4rke Ihrer Marke ab. Die Markenbekanntheit und das Markenbild sind die Schl\u00fcsselkomponenten zur Messung und Steuerung Ihrer Marke.<br \/>\nEgal, ob Sie sich in Relation zu Ihren Wettbewerbern positionieren oder ob Sie Ihre St\u00e4rken und Schw\u00e4chen im Detail identifizieren wollen. Wir werden Ihnen die passende Methodik empfehlen.<\/p>\n<p>[\/services_medium][\/vc_column][vc_column width=&#8220;1\/2&#8243;][services_medium title=&#8220;Entwickeln Sie Ihre Produkte und Dienstleistungen&#8220; icon=&#8220;moon-lamp-4&#8243; icon_color=&#8220;#ffffff&#8220; circle_color=&#8220;#f79520&#8243; border_color=&#8220;#f79520&#8243; dynamic_content_link=&#8220;#manage-develop&#8220;]<\/p>\n<p style=\"text-align: left;\">Innovation ist einer der wichtigsten Wachstumstreiber Ihres Unternehmens. Ihre Service- und Produktportfolio Optimierung bietet hier Chancen. Wir unterst\u00fctzen Sie, diese zu identifizieren und umzusetzen.<\/p>\n<p>[\/services_medium][\/vc_column][\/vc_row][vc_row class=&#8220;what-do-we-offer-services &#8222;][vc_column][vc_raw_html el_class=&#8220;anchor-container&#8220;]JTNDcCUyMHN0eWxlJTNEJTIybWFyZ2luJTNBJTIwMHB4JTNCJTIyJTNFJTNDYSUyMGlkJTNEJTIyZGV0ZXJtaW5lLWF1ZGl0JTIyJTIwY2xhc3MlM0QlMjJhbmNob3Itc3RpY2t5LWdlcmVyJTIyJTNFJTI2bmJzcCUzQiUzQyUyRmElM0UlM0MlMkZwJTNF[\/vc_raw_html][\/vc_column][vc_column width=&#8220;1\/2&#8243;][services_medium title=&#8220;Die richtige Preispositionierung finden&#8220; icon=&#8220;moon-calculate-2&#8243; icon_color=&#8220;#ffffff&#8220; circle_color=&#8220;#f79520&#8243; border_color=&#8220;#f79520&#8243; dynamic_content_link=&#8220;#determine-audit&#8220;]<\/p>\n<p style=\"text-align: left;\">Werden Ihre Produkte zum richtigen Preis verkauft? Der richtige Preis f\u00fchrt zur Maximierung der Rentabilit\u00e4t (der h\u00f6chste Preis f\u00fcr das beste Volumen).<br \/>\nWir k\u00f6nnen Ihnen helfen, Ihre Preisstrategie zu optimieren:<br \/>\n&#8211; Analyse der Markenpositionierung im Wettbewerbsumfeld<br \/>\n&#8211; Aufdeckung des Preispotenzials aus Kundensicht (Nutzenorientierung)<\/p>\n<p>[\/services_medium][\/vc_column][vc_column width=&#8220;1\/2&#8243;][services_medium title=&#8220;Pr\u00fcfen Sie die Service Qualit\u00e4t Ihres Netzwerks und Ihrer Wettbewerber: Mystery Shopping&#8220; icon=&#8220;moon-eye&#8220; icon_color=&#8220;#ffffff&#8220; circle_color=&#8220;#f79520&#8243; border_color=&#8220;#f79520&#8243; dynamic_content_link=&#8220;#determine-audit&#8220;]<\/p>\n<p style=\"text-align: left;\">Um ein einheitliches Markenerlebnis zu erm\u00f6glichen, m\u00fcssen Sie Monitoring Tools benutzen, die Ihre Netzwerkleistungen messen. Mystery Calls, Mystery Shopping, Wettbewerbsbenchmarking&#8230; Wir sind davon \u00fcberzeugt, dass der Erfolg Ihres Mystery Shopping Programms von umfassendem Branchenwissen abh\u00e4ngt.<br \/>\nMit unseren Mystery Shopping L\u00f6sungen helfen wir Ihnen, die m\u00f6glichen Schw\u00e4chen und St\u00e4rken im gesamten Kundenerfahrungsprozess zu identifizieren.<br \/>\nWir bieten Ihnen alle notwendigen Tools, um Qualit\u00e4t zu steuern und den Gewinn Ihres Unternehmens zu maximieren.<\/p>\n<p>[\/services_medium][\/vc_column][vc_column][textbar style=&#8220;style_2&#8243; button_title=&#8220;Kontakt&#8220; button_link=&#8220;\/de\/kontakt\/&#8220; icon=&#8220;steadysets-icon-type&#8220;][\/textbar][\/vc_column][\/vc_row]<\/p>\n<\/div>","protected":false},"excerpt":{"rendered":"<p>[vc_row class=&#8220;what-do-we-offer-services&#8220;][vc_column width=&#8220;1\/2&#8243;][services_medium title=&#8220;Verstehen Sie Ihren Markt und Ihr Wettbewerbsumfeld&#8220; icon=&#8220;moon-stats&#8220; icon_color=&#8220;#ffffff&#8220; circle_color=&#8220;#f79520&#8243; border_color=&#8220;#f79520&#8243;] Seit 1986 f\u00fchrt GiPA jedes Jahr Marktbeobachtungsstudien zum Fahrzeugbestand und zum Autofahrer Verhalten durch. Diese Studien werden in mehr als 30 L\u00e4ndern durchgef\u00fchrt. Zus\u00e4tzlich f\u00fchrt GiPA Kraftr\u00e4der und LKW Studien in einigen L\u00e4ndern durch. Weil die M\u00e4rkte sich schnell ver\u00e4ndern und [&hellip;]<\/p>\n","protected":false},"author":8,"featured_media":0,"parent":0,"menu_order":0,"comment_status":"closed","ping_status":"closed","template":"","meta":{"footnotes":""},"class_list":["post-6785","page","type-page","status-publish","hentry"],"yoast_head":"<!-- This site is optimized with the Yoast SEO plugin v27.4 - https:\/\/yoast.com\/product\/yoast-seo-wordpress\/ -->\n<title>Was bietet GiPA? - GiPA<\/title>\n<meta name=\"robots\" content=\"index, follow, max-snippet:-1, max-image-preview:large, max-video-preview:-1\" \/>\n<link rel=\"canonical\" href=\"https:\/\/www.gipa.eu\/what-do-we-offer\/\" \/>\n<meta property=\"og:locale\" content=\"de_DE\" \/>\n<meta property=\"og:type\" content=\"article\" \/>\n<meta property=\"og:title\" content=\"Was bietet GiPA? - GiPA\" \/>\n<meta property=\"og:description\" content=\"[vc_row class=&#8220;what-do-we-offer-services&#8220;][vc_column width=&#8220;1\/2&#8243;][services_medium title=&#8220;Verstehen Sie Ihren Markt und Ihr Wettbewerbsumfeld&#8220; icon=&#8220;moon-stats&#8220; icon_color=&#8220;#ffffff&#8220; circle_color=&#8220;#f79520&#8243; border_color=&#8220;#f79520&#8243;] Seit 1986 f\u00fchrt GiPA jedes Jahr Marktbeobachtungsstudien zum Fahrzeugbestand und zum Autofahrer Verhalten durch. Diese Studien werden in mehr als 30 L\u00e4ndern durchgef\u00fchrt. Zus\u00e4tzlich f\u00fchrt GiPA Kraftr\u00e4der und LKW Studien in einigen L\u00e4ndern durch. Weil die M\u00e4rkte sich schnell ver\u00e4ndern und [&hellip;]\" \/>\n<meta property=\"og:url\" content=\"https:\/\/www.gipa.eu\/what-do-we-offer\/\" \/>\n<meta property=\"og:site_name\" content=\"GiPA\" \/>\n<meta property=\"article:modified_time\" content=\"2016-04-22T12:29:36+00:00\" \/>\n<meta name=\"twitter:card\" content=\"summary_large_image\" \/>\n<meta name=\"twitter:label1\" content=\"Gesch\u00e4tzte Lesezeit\" \/>\n\t<meta name=\"twitter:data1\" content=\"3\u00a0Minuten\" \/>\n<script type=\"application\/ld+json\" class=\"yoast-schema-graph\">{\"@context\":\"https:\\\/\\\/schema.org\",\"@graph\":[{\"@type\":\"WebPage\",\"@id\":\"https:\\\/\\\/www.gipa.eu\\\/what-do-we-offer\\\/\",\"url\":\"https:\\\/\\\/www.gipa.eu\\\/what-do-we-offer\\\/\",\"name\":\"Was bietet GiPA? - GiPA\",\"isPartOf\":{\"@id\":\"https:\\\/\\\/www.gipa.eu\\\/#website\"},\"datePublished\":\"2015-11-13T15:20:07+00:00\",\"dateModified\":\"2016-04-22T12:29:36+00:00\",\"breadcrumb\":{\"@id\":\"https:\\\/\\\/www.gipa.eu\\\/what-do-we-offer\\\/#breadcrumb\"},\"inLanguage\":\"de\",\"potentialAction\":[{\"@type\":\"ReadAction\",\"target\":[\"https:\\\/\\\/www.gipa.eu\\\/what-do-we-offer\\\/\"]}]},{\"@type\":\"BreadcrumbList\",\"@id\":\"https:\\\/\\\/www.gipa.eu\\\/what-do-we-offer\\\/#breadcrumb\",\"itemListElement\":[{\"@type\":\"ListItem\",\"position\":1,\"name\":\"Home\",\"item\":\"https:\\\/\\\/www.gipa.eu\\\/\"},{\"@type\":\"ListItem\",\"position\":2,\"name\":\"Was bietet GiPA?\"}]},{\"@type\":\"WebSite\",\"@id\":\"https:\\\/\\\/www.gipa.eu\\\/#website\",\"url\":\"https:\\\/\\\/www.gipa.eu\\\/\",\"name\":\"GiPA\",\"description\":\"Solutions for parts &amp; services intelligence\",\"publisher\":{\"@id\":\"https:\\\/\\\/www.gipa.eu\\\/#organization\"},\"potentialAction\":[{\"@type\":\"SearchAction\",\"target\":{\"@type\":\"EntryPoint\",\"urlTemplate\":\"https:\\\/\\\/www.gipa.eu\\\/?s={search_term_string}\"},\"query-input\":{\"@type\":\"PropertyValueSpecification\",\"valueRequired\":true,\"valueName\":\"search_term_string\"}}],\"inLanguage\":\"de\"},{\"@type\":\"Organization\",\"@id\":\"https:\\\/\\\/www.gipa.eu\\\/#organization\",\"name\":\"GiPA\",\"url\":\"https:\\\/\\\/www.gipa.eu\\\/\",\"logo\":{\"@type\":\"ImageObject\",\"inLanguage\":\"de\",\"@id\":\"https:\\\/\\\/www.gipa.eu\\\/#\\\/schema\\\/logo\\\/image\\\/\",\"url\":\"https:\\\/\\\/www.gipa.eu\\\/wp-content\\\/uploads\\\/2015\\\/12\\\/gipa.png\",\"contentUrl\":\"https:\\\/\\\/www.gipa.eu\\\/wp-content\\\/uploads\\\/2015\\\/12\\\/gipa.png\",\"width\":428,\"height\":136,\"caption\":\"GiPA\"},\"image\":{\"@id\":\"https:\\\/\\\/www.gipa.eu\\\/#\\\/schema\\\/logo\\\/image\\\/\"}}]}<\/script>\n<!-- \/ Yoast SEO plugin. -->","yoast_head_json":{"title":"Was bietet GiPA? - GiPA","robots":{"index":"index","follow":"follow","max-snippet":"max-snippet:-1","max-image-preview":"max-image-preview:large","max-video-preview":"max-video-preview:-1"},"canonical":"https:\/\/www.gipa.eu\/what-do-we-offer\/","og_locale":"de_DE","og_type":"article","og_title":"Was bietet GiPA? - GiPA","og_description":"[vc_row class=&#8220;what-do-we-offer-services&#8220;][vc_column width=&#8220;1\/2&#8243;][services_medium title=&#8220;Verstehen Sie Ihren Markt und Ihr Wettbewerbsumfeld&#8220; icon=&#8220;moon-stats&#8220; icon_color=&#8220;#ffffff&#8220; circle_color=&#8220;#f79520&#8243; border_color=&#8220;#f79520&#8243;] Seit 1986 f\u00fchrt GiPA jedes Jahr Marktbeobachtungsstudien zum Fahrzeugbestand und zum Autofahrer Verhalten durch. Diese Studien werden in mehr als 30 L\u00e4ndern durchgef\u00fchrt. Zus\u00e4tzlich f\u00fchrt GiPA Kraftr\u00e4der und LKW Studien in einigen L\u00e4ndern durch. Weil die M\u00e4rkte sich schnell ver\u00e4ndern und [&hellip;]","og_url":"https:\/\/www.gipa.eu\/what-do-we-offer\/","og_site_name":"GiPA","article_modified_time":"2016-04-22T12:29:36+00:00","twitter_card":"summary_large_image","twitter_misc":{"Gesch\u00e4tzte Lesezeit":"3\u00a0Minuten"},"schema":{"@context":"https:\/\/schema.org","@graph":[{"@type":"WebPage","@id":"https:\/\/www.gipa.eu\/what-do-we-offer\/","url":"https:\/\/www.gipa.eu\/what-do-we-offer\/","name":"Was bietet GiPA? - GiPA","isPartOf":{"@id":"https:\/\/www.gipa.eu\/#website"},"datePublished":"2015-11-13T15:20:07+00:00","dateModified":"2016-04-22T12:29:36+00:00","breadcrumb":{"@id":"https:\/\/www.gipa.eu\/what-do-we-offer\/#breadcrumb"},"inLanguage":"de","potentialAction":[{"@type":"ReadAction","target":["https:\/\/www.gipa.eu\/what-do-we-offer\/"]}]},{"@type":"BreadcrumbList","@id":"https:\/\/www.gipa.eu\/what-do-we-offer\/#breadcrumb","itemListElement":[{"@type":"ListItem","position":1,"name":"Home","item":"https:\/\/www.gipa.eu\/"},{"@type":"ListItem","position":2,"name":"Was bietet GiPA?"}]},{"@type":"WebSite","@id":"https:\/\/www.gipa.eu\/#website","url":"https:\/\/www.gipa.eu\/","name":"GiPA","description":"Solutions for parts &amp; services intelligence","publisher":{"@id":"https:\/\/www.gipa.eu\/#organization"},"potentialAction":[{"@type":"SearchAction","target":{"@type":"EntryPoint","urlTemplate":"https:\/\/www.gipa.eu\/?s={search_term_string}"},"query-input":{"@type":"PropertyValueSpecification","valueRequired":true,"valueName":"search_term_string"}}],"inLanguage":"de"},{"@type":"Organization","@id":"https:\/\/www.gipa.eu\/#organization","name":"GiPA","url":"https:\/\/www.gipa.eu\/","logo":{"@type":"ImageObject","inLanguage":"de","@id":"https:\/\/www.gipa.eu\/#\/schema\/logo\/image\/","url":"https:\/\/www.gipa.eu\/wp-content\/uploads\/2015\/12\/gipa.png","contentUrl":"https:\/\/www.gipa.eu\/wp-content\/uploads\/2015\/12\/gipa.png","width":428,"height":136,"caption":"GiPA"},"image":{"@id":"https:\/\/www.gipa.eu\/#\/schema\/logo\/image\/"}}]}},"_links":{"self":[{"href":"https:\/\/www.gipa.eu\/de\/wp-json\/wp\/v2\/pages\/6785","targetHints":{"allow":["GET"]}}],"collection":[{"href":"https:\/\/www.gipa.eu\/de\/wp-json\/wp\/v2\/pages"}],"about":[{"href":"https:\/\/www.gipa.eu\/de\/wp-json\/wp\/v2\/types\/page"}],"author":[{"embeddable":true,"href":"https:\/\/www.gipa.eu\/de\/wp-json\/wp\/v2\/users\/8"}],"replies":[{"embeddable":true,"href":"https:\/\/www.gipa.eu\/de\/wp-json\/wp\/v2\/comments?post=6785"}],"version-history":[{"count":0,"href":"https:\/\/www.gipa.eu\/de\/wp-json\/wp\/v2\/pages\/6785\/revisions"}],"wp:attachment":[{"href":"https:\/\/www.gipa.eu\/de\/wp-json\/wp\/v2\/media?parent=6785"}],"curies":[{"name":"wp","href":"https:\/\/api.w.org\/{rel}","templated":true}]}}