
{"id":6806,"date":"2015-11-13T16:19:34","date_gmt":"2015-11-13T15:19:34","guid":{"rendered":"https:\/\/www.gipa.eu\/de\/careers\/"},"modified":"2016-03-04T18:21:40","modified_gmt":"2016-03-04T17:21:40","slug":"karriere","status":"publish","type":"page","link":"https:\/\/www.gipa.eu\/de\/karriere\/","title":{"rendered":"Karriere"},"content":{"rendered":"<div class=\"wpb-content-wrapper\"><p>[vc_row][vc_column width=&#8220;2\/3&#8243; css=&#8220;.vc_custom_1451384347116{padding-top: 30px !important;}&#8220;][textbar style=&#8220;style_2&#8243; button_title=&#8220;Initiativbewerbung&#8220; button_link=&#8220;\/de\/spontaneous-applications\/&#8220; icon=&#8220;steadysets-icon-type&#8220;]<\/p>\n<p style=\"text-align: left;\">M\u00f6chten Sie f\u00fcr ein Unternehmen arbeiten, das Marktf\u00fchrer in seiner Branche und in mehr als 30 L\u00e4ndern t\u00e4tig ist?<\/p>\n<p>&nbsp;<\/p>\n<p>GiPA ist st\u00e4ndig auf der Suche nach neuen talentierten Menschen. Kommen Sie in unser Team![\/textbar][\/vc_column][vc_column width=&#8220;1\/3&#8243;][vc_single_image image=&#8220;4264&#8243; img_size=&#8220;medium&#8220; alignment=&#8220;right&#8220;][\/vc_column][\/vc_row][vc_row][vc_column width=&#8220;2\/3&#8243;][vc_column_text]<\/p>\n<h2 style=\"text-align: center;\">Offene Stellen<\/h2>\n<p>[\/vc_column_text][vc_column_text]<div class=\"job_listings\" data-location=\"\" data-keywords=\"\" data-show_filters=\"false\" data-show_pagination=\"false\" data-per_page=\"10\" data-orderby=\"featured\" data-order=\"DESC\" data-categories=\"\" data-disable-form-state-storage=\"\" data-featured_first=\"false\" data-post_id=\"6806\" >\t<p class=\"no_job_listings_found\">Keine Info gefunden.<\/p>\n<\/div>[\/vc_column_text][\/vc_column][vc_column width=&#8220;1\/3&#8243;][\/vc_column][\/vc_row]<\/p>\n<\/div>","protected":false},"excerpt":{"rendered":"<p>[vc_row][vc_column width=&#8220;2\/3&#8243; css=&#8220;.vc_custom_1451384347116{padding-top: 30px !important;}&#8220;][textbar style=&#8220;style_2&#8243; button_title=&#8220;Initiativbewerbung&#8220; button_link=&#8220;\/de\/spontaneous-applications\/&#8220; icon=&#8220;steadysets-icon-type&#8220;] M\u00f6chten Sie f\u00fcr ein Unternehmen arbeiten, das Marktf\u00fchrer in seiner Branche und in mehr als 30 L\u00e4ndern t\u00e4tig ist? &nbsp; GiPA ist st\u00e4ndig auf der Suche nach neuen talentierten Menschen. Kommen Sie in unser Team![\/textbar][\/vc_column][vc_column width=&#8220;1\/3&#8243;][vc_single_image image=&#8220;4264&#8243; img_size=&#8220;medium&#8220; alignment=&#8220;right&#8220;][\/vc_column][\/vc_row][vc_row][vc_column width=&#8220;2\/3&#8243;][vc_column_text] Offene Stellen [\/vc_column_text][vc_column_text][\/vc_column_text][\/vc_column][vc_column width=&#8220;1\/3&#8243;][\/vc_column][\/vc_row]<\/p>\n","protected":false},"author":8,"featured_media":0,"parent":0,"menu_order":0,"comment_status":"closed","ping_status":"closed","template":"","meta":{"footnotes":""},"class_list":["post-6806","page","type-page","status-publish","hentry"],"yoast_head":"<!-- This site is optimized with the Yoast SEO plugin v27.4 - https:\/\/yoast.com\/product\/yoast-seo-wordpress\/ -->\n<title>Karriere - GiPA<\/title>\n<meta name=\"robots\" content=\"index, follow, max-snippet:-1, max-image-preview:large, max-video-preview:-1\" \/>\n<link rel=\"canonical\" href=\"https:\/\/www.gipa.eu\/careers\/\" \/>\n<meta property=\"og:locale\" content=\"de_DE\" \/>\n<meta property=\"og:type\" content=\"article\" \/>\n<meta property=\"og:title\" content=\"Karriere - GiPA\" \/>\n<meta property=\"og:description\" content=\"[vc_row][vc_column width=&#8220;2\/3&#8243; css=&#8220;.vc_custom_1451384347116{padding-top: 30px !important;}&#8220;][textbar style=&#8220;style_2&#8243; button_title=&#8220;Initiativbewerbung&#8220; button_link=&#8220;\/de\/spontaneous-applications\/&#8220; icon=&#8220;steadysets-icon-type&#8220;] M\u00f6chten Sie f\u00fcr ein Unternehmen arbeiten, das Marktf\u00fchrer in seiner Branche und in mehr als 30 L\u00e4ndern t\u00e4tig ist? &nbsp; GiPA ist st\u00e4ndig auf der Suche nach neuen talentierten Menschen. Kommen Sie in unser Team![\/textbar][\/vc_column][vc_column width=&#8220;1\/3&#8243;][vc_single_image image=&#8220;4264&#8243; img_size=&#8220;medium&#8220; alignment=&#8220;right&#8220;][\/vc_column][\/vc_row][vc_row][vc_column width=&#8220;2\/3&#8243;][vc_column_text] Offene Stellen [\/vc_column_text][vc_column_text][\/vc_column_text][\/vc_column][vc_column width=&#8220;1\/3&#8243;][\/vc_column][\/vc_row]\" \/>\n<meta property=\"og:url\" content=\"https:\/\/www.gipa.eu\/careers\/\" \/>\n<meta property=\"og:site_name\" content=\"GiPA\" \/>\n<meta property=\"article:modified_time\" content=\"2016-03-04T17:21:40+00:00\" \/>\n<meta name=\"twitter:card\" content=\"summary_large_image\" \/>\n<meta name=\"twitter:label1\" content=\"Gesch\u00e4tzte Lesezeit\" \/>\n\t<meta name=\"twitter:data1\" content=\"1\u00a0Minute\" \/>\n<script type=\"application\/ld+json\" class=\"yoast-schema-graph\">{\"@context\":\"https:\\\/\\\/schema.org\",\"@graph\":[{\"@type\":\"WebPage\",\"@id\":\"https:\\\/\\\/www.gipa.eu\\\/careers\\\/\",\"url\":\"https:\\\/\\\/www.gipa.eu\\\/careers\\\/\",\"name\":\"Karriere - GiPA\",\"isPartOf\":{\"@id\":\"https:\\\/\\\/www.gipa.eu\\\/#website\"},\"datePublished\":\"2015-11-13T15:19:34+00:00\",\"dateModified\":\"2016-03-04T17:21:40+00:00\",\"breadcrumb\":{\"@id\":\"https:\\\/\\\/www.gipa.eu\\\/careers\\\/#breadcrumb\"},\"inLanguage\":\"de\",\"potentialAction\":[{\"@type\":\"ReadAction\",\"target\":[\"https:\\\/\\\/www.gipa.eu\\\/careers\\\/\"]}]},{\"@type\":\"BreadcrumbList\",\"@id\":\"https:\\\/\\\/www.gipa.eu\\\/careers\\\/#breadcrumb\",\"itemListElement\":[{\"@type\":\"ListItem\",\"position\":1,\"name\":\"Home\",\"item\":\"https:\\\/\\\/www.gipa.eu\\\/\"},{\"@type\":\"ListItem\",\"position\":2,\"name\":\"Karriere\"}]},{\"@type\":\"WebSite\",\"@id\":\"https:\\\/\\\/www.gipa.eu\\\/#website\",\"url\":\"https:\\\/\\\/www.gipa.eu\\\/\",\"name\":\"GiPA\",\"description\":\"Solutions for parts &amp; services intelligence\",\"publisher\":{\"@id\":\"https:\\\/\\\/www.gipa.eu\\\/#organization\"},\"potentialAction\":[{\"@type\":\"SearchAction\",\"target\":{\"@type\":\"EntryPoint\",\"urlTemplate\":\"https:\\\/\\\/www.gipa.eu\\\/?s={search_term_string}\"},\"query-input\":{\"@type\":\"PropertyValueSpecification\",\"valueRequired\":true,\"valueName\":\"search_term_string\"}}],\"inLanguage\":\"de\"},{\"@type\":\"Organization\",\"@id\":\"https:\\\/\\\/www.gipa.eu\\\/#organization\",\"name\":\"GiPA\",\"url\":\"https:\\\/\\\/www.gipa.eu\\\/\",\"logo\":{\"@type\":\"ImageObject\",\"inLanguage\":\"de\",\"@id\":\"https:\\\/\\\/www.gipa.eu\\\/#\\\/schema\\\/logo\\\/image\\\/\",\"url\":\"https:\\\/\\\/www.gipa.eu\\\/wp-content\\\/uploads\\\/2015\\\/12\\\/gipa.png\",\"contentUrl\":\"https:\\\/\\\/www.gipa.eu\\\/wp-content\\\/uploads\\\/2015\\\/12\\\/gipa.png\",\"width\":428,\"height\":136,\"caption\":\"GiPA\"},\"image\":{\"@id\":\"https:\\\/\\\/www.gipa.eu\\\/#\\\/schema\\\/logo\\\/image\\\/\"}}]}<\/script>\n<!-- \/ Yoast SEO plugin. -->","yoast_head_json":{"title":"Karriere - GiPA","robots":{"index":"index","follow":"follow","max-snippet":"max-snippet:-1","max-image-preview":"max-image-preview:large","max-video-preview":"max-video-preview:-1"},"canonical":"https:\/\/www.gipa.eu\/careers\/","og_locale":"de_DE","og_type":"article","og_title":"Karriere - GiPA","og_description":"[vc_row][vc_column width=&#8220;2\/3&#8243; css=&#8220;.vc_custom_1451384347116{padding-top: 30px !important;}&#8220;][textbar style=&#8220;style_2&#8243; button_title=&#8220;Initiativbewerbung&#8220; button_link=&#8220;\/de\/spontaneous-applications\/&#8220; icon=&#8220;steadysets-icon-type&#8220;] M\u00f6chten Sie f\u00fcr ein Unternehmen arbeiten, das Marktf\u00fchrer in seiner Branche und in mehr als 30 L\u00e4ndern t\u00e4tig ist? &nbsp; GiPA ist st\u00e4ndig auf der Suche nach neuen talentierten Menschen. Kommen Sie in unser Team![\/textbar][\/vc_column][vc_column width=&#8220;1\/3&#8243;][vc_single_image image=&#8220;4264&#8243; img_size=&#8220;medium&#8220; alignment=&#8220;right&#8220;][\/vc_column][\/vc_row][vc_row][vc_column width=&#8220;2\/3&#8243;][vc_column_text] Offene Stellen [\/vc_column_text][vc_column_text][\/vc_column_text][\/vc_column][vc_column width=&#8220;1\/3&#8243;][\/vc_column][\/vc_row]","og_url":"https:\/\/www.gipa.eu\/careers\/","og_site_name":"GiPA","article_modified_time":"2016-03-04T17:21:40+00:00","twitter_card":"summary_large_image","twitter_misc":{"Gesch\u00e4tzte Lesezeit":"1\u00a0Minute"},"schema":{"@context":"https:\/\/schema.org","@graph":[{"@type":"WebPage","@id":"https:\/\/www.gipa.eu\/careers\/","url":"https:\/\/www.gipa.eu\/careers\/","name":"Karriere - GiPA","isPartOf":{"@id":"https:\/\/www.gipa.eu\/#website"},"datePublished":"2015-11-13T15:19:34+00:00","dateModified":"2016-03-04T17:21:40+00:00","breadcrumb":{"@id":"https:\/\/www.gipa.eu\/careers\/#breadcrumb"},"inLanguage":"de","potentialAction":[{"@type":"ReadAction","target":["https:\/\/www.gipa.eu\/careers\/"]}]},{"@type":"BreadcrumbList","@id":"https:\/\/www.gipa.eu\/careers\/#breadcrumb","itemListElement":[{"@type":"ListItem","position":1,"name":"Home","item":"https:\/\/www.gipa.eu\/"},{"@type":"ListItem","position":2,"name":"Karriere"}]},{"@type":"WebSite","@id":"https:\/\/www.gipa.eu\/#website","url":"https:\/\/www.gipa.eu\/","name":"GiPA","description":"Solutions for parts &amp; services intelligence","publisher":{"@id":"https:\/\/www.gipa.eu\/#organization"},"potentialAction":[{"@type":"SearchAction","target":{"@type":"EntryPoint","urlTemplate":"https:\/\/www.gipa.eu\/?s={search_term_string}"},"query-input":{"@type":"PropertyValueSpecification","valueRequired":true,"valueName":"search_term_string"}}],"inLanguage":"de"},{"@type":"Organization","@id":"https:\/\/www.gipa.eu\/#organization","name":"GiPA","url":"https:\/\/www.gipa.eu\/","logo":{"@type":"ImageObject","inLanguage":"de","@id":"https:\/\/www.gipa.eu\/#\/schema\/logo\/image\/","url":"https:\/\/www.gipa.eu\/wp-content\/uploads\/2015\/12\/gipa.png","contentUrl":"https:\/\/www.gipa.eu\/wp-content\/uploads\/2015\/12\/gipa.png","width":428,"height":136,"caption":"GiPA"},"image":{"@id":"https:\/\/www.gipa.eu\/#\/schema\/logo\/image\/"}}]}},"_links":{"self":[{"href":"https:\/\/www.gipa.eu\/de\/wp-json\/wp\/v2\/pages\/6806","targetHints":{"allow":["GET"]}}],"collection":[{"href":"https:\/\/www.gipa.eu\/de\/wp-json\/wp\/v2\/pages"}],"about":[{"href":"https:\/\/www.gipa.eu\/de\/wp-json\/wp\/v2\/types\/page"}],"author":[{"embeddable":true,"href":"https:\/\/www.gipa.eu\/de\/wp-json\/wp\/v2\/users\/8"}],"replies":[{"embeddable":true,"href":"https:\/\/www.gipa.eu\/de\/wp-json\/wp\/v2\/comments?post=6806"}],"version-history":[{"count":0,"href":"https:\/\/www.gipa.eu\/de\/wp-json\/wp\/v2\/pages\/6806\/revisions"}],"wp:attachment":[{"href":"https:\/\/www.gipa.eu\/de\/wp-json\/wp\/v2\/media?parent=6806"}],"curies":[{"name":"wp","href":"https:\/\/api.w.org\/{rel}","templated":true}]}}