
{"id":6898,"date":"2016-02-16T16:51:31","date_gmt":"2016-02-16T15:51:31","guid":{"rendered":"https:\/\/www.gipa.eu\/de\/kontakt\/dominican-republic\/"},"modified":"2016-11-07T15:02:53","modified_gmt":"2016-11-07T14:02:53","slug":"dominican-republic","status":"publish","type":"page","link":"https:\/\/www.gipa.eu\/de\/kontakt\/dominican-republic\/","title":{"rendered":"Dominikanische Republik"},"content":{"rendered":"<div class=\"row\">\n        <div class=\"span4\">\n                        Cruz de Valle Verde 16-3<br \/>\r\nSanta Cruz del Monte<br \/>\r\nMX - Satelite Naucalpan, Estado de MEXICO          <p>\n                  <\/p>\n        <div class=\"clearfix\">\n                        &nbsp;\n                    <\/div>\n                    <iframe loading=\"lazy\"  width=\"100%\" height=\"200\" frameborder=\"0\" style=\"border:0\" allowfullscreen=\"allowfullscreen\" src=\"https:\/\/www.google.com\/maps\/embed?pb=!1m10!1m8!1m3!1d7720.348784246197!2d-90.508311!3d14.64604!3m2!1i1024!2i768!4f13.1!5e0!3m2!1sfr!2sus!4v1451318716907\" ><\/iframe>\n            <\/div>\n        <div class=\"span8\">\n                            \n        <!-- script recaptcha -->\n        <script src=\"https:\/\/www.google.com\/recaptcha\/api.js\"><\/script>\n\n        <script src=\"https:\/\/www.google.com\/recaptcha\/api.js?render=6LdgBYAaAAAAAGutMI62k7U1HlGw1gC1qVmMmBwT\"><\/script>\n        <script>\n            grecaptcha.ready(function () {\n                grecaptcha.execute('6LdgBYAaAAAAAGutMI62k7U1HlGw1gC1qVmMmBwT', { action: 'contact' }).then(function (token) {\n                    var recaptchaResponse = document.getElementById('recaptchaResponse');\n                    recaptchaResponse.value = token;\n                });\n            });\n        <\/script>\n\n        <form class = \"form-horizontal\" role = \"form\" id = \"contactForm\" method = \"post\">\n\n            <div class = \"control-group\">\n                <label class=\"control-label\" for=\"name\">Name (Pflichtfeld)<\/label>\n                <div class=\"controls\">\n                    <input required=\"required\" class=\"input-block-level\" type=\"text\" id=\"name\" name=\"contact[name]\" placeholder=\"\" value=\"\" \/>\n                                    <\/div>\n            <\/div>\n\n            \n            <div class=\"control-group\">\n                <label class=\"control-label\" for=\"email\">E-Mail (Pflichtfeld)<\/label>\n                <div class=\"controls\">\n                    <input required=\"required\" class=\"input-block-level\" type=\"email\" id=\"email\" name=\"contact[email]\" placeholder=\"\" value=\"\" \/>\n                                    <\/div>\n            <\/div>\n\n            \n                        <div class=\"control-group\">\n                <label class=\"control-label\" for=\"message\">Nachricht (Pflichtfeld)<\/label>\n                <div class=\"controls\">\n                    <textarea required=\"required\" class=\"input-block-level\"  name=\"contact[message]\" id=\"message\" cols=\"40\" rows=\"10\"><\/textarea>\n                                    <\/div>\n            <\/div>\n            \n            <div class=\"control-group\" style=\"margin-left=15px;\">\n            <label for=\"consent\">\n                <input required=\"required\" class=\"input-block-level\" type=\"checkbox\" id=\"consent\" name=\"contact[consent]\" style=\"position:relative; bottom:2px;\" value=\"Ich stimme zu, dass meine bereitgestellten Informationen ausschlie\u00dflich dazu verwendet werden, meine Anfrage zu bearbeiten.  \r\n\" \/>\n            Ich stimme zu, dass meine bereitgestellten Informationen ausschlie\u00dflich dazu verwendet werden, meine Anfrage zu bearbeiten.  \r\n            <\/label>\n                \n            <\/div>\n\n            <div class=\"form-actions\">\n                <button type=\"submit\" name=\"form\" class=\"btn-bt default\">Absenden<\/button>\n            <\/div>\n\n            <input type=\"hidden\" name=\"recaptcha_response\" id=\"recaptchaResponse\">\n\n                        <p>Um Ihre Rechte zu kennen und auszu\u00fcben, einschlie\u00dflich des Widerrufs der Einwilligung in die Nutzung der an GiPA gelieferten Daten, lesen Sie bitte unsere <a href='\/de\/privacy-policy-rgpd'>Datenschutzerkl\u00e4rung<\/a>.<\/p>\n                    <\/form>\n    <\/div>\n<\/div>\n\n","protected":false},"excerpt":{"rendered":"Cruz de Valle Verde 16-3 Santa Cruz del Monte MX - Satelite Naucalpan, Estado de MEXICO &nbsp; Name (Pflichtfeld) E-Mail (Pflichtfeld) Nachricht (Pflichtfeld) Ich stimme zu, dass meine bereitgestellten Informationen ausschlie\u00dflich dazu verwendet werden, meine Anfrage zu bearbeiten. Absenden Um Ihre Rechte zu kennen und auszu\u00fcben, einschlie\u00dflich des Widerrufs der Einwilligung in die Nutzung der [...]","protected":false},"author":8,"featured_media":0,"parent":6815,"menu_order":0,"comment_status":"closed","ping_status":"closed","template":"","meta":{"footnotes":""},"class_list":["post-6898","page","type-page","status-publish","hentry"],"yoast_head":"<!-- This site is optimized with the Yoast SEO plugin v27.4 - https:\/\/yoast.com\/product\/yoast-seo-wordpress\/ -->\n<title>Dominikanische Republik - GiPA<\/title>\n<meta name=\"robots\" content=\"index, follow, max-snippet:-1, max-image-preview:large, max-video-preview:-1\" \/>\n<link rel=\"canonical\" href=\"https:\/\/www.gipa.eu\/contact-us\/dominican-republic\/\" \/>\n<meta property=\"og:locale\" content=\"de_DE\" \/>\n<meta property=\"og:type\" content=\"article\" \/>\n<meta property=\"og:title\" content=\"Dominikanische Republik - GiPA\" \/>\n<meta property=\"og:url\" content=\"https:\/\/www.gipa.eu\/contact-us\/dominican-republic\/\" \/>\n<meta property=\"og:site_name\" content=\"GiPA\" \/>\n<meta property=\"article:modified_time\" content=\"2016-11-07T14:02:53+00:00\" \/>\n<meta name=\"twitter:card\" content=\"summary_large_image\" \/>\n<script type=\"application\/ld+json\" class=\"yoast-schema-graph\">{\"@context\":\"https:\\\/\\\/schema.org\",\"@graph\":[{\"@type\":\"WebPage\",\"@id\":\"https:\\\/\\\/www.gipa.eu\\\/contact-us\\\/dominican-republic\\\/\",\"url\":\"https:\\\/\\\/www.gipa.eu\\\/contact-us\\\/dominican-republic\\\/\",\"name\":\"Dominikanische Republik - GiPA\",\"isPartOf\":{\"@id\":\"https:\\\/\\\/www.gipa.eu\\\/#website\"},\"datePublished\":\"2016-02-16T15:51:31+00:00\",\"dateModified\":\"2016-11-07T14:02:53+00:00\",\"breadcrumb\":{\"@id\":\"https:\\\/\\\/www.gipa.eu\\\/contact-us\\\/dominican-republic\\\/#breadcrumb\"},\"inLanguage\":\"de\",\"potentialAction\":[{\"@type\":\"ReadAction\",\"target\":[\"https:\\\/\\\/www.gipa.eu\\\/contact-us\\\/dominican-republic\\\/\"]}]},{\"@type\":\"BreadcrumbList\",\"@id\":\"https:\\\/\\\/www.gipa.eu\\\/contact-us\\\/dominican-republic\\\/#breadcrumb\",\"itemListElement\":[{\"@type\":\"ListItem\",\"position\":1,\"name\":\"Home\",\"item\":\"https:\\\/\\\/www.gipa.eu\\\/\"},{\"@type\":\"ListItem\",\"position\":2,\"name\":\"Kontakt\",\"item\":\"https:\\\/\\\/www.gipa.eu\\\/de\\\/kontakt\\\/\"},{\"@type\":\"ListItem\",\"position\":3,\"name\":\"Dominikanische Republik\"}]},{\"@type\":\"WebSite\",\"@id\":\"https:\\\/\\\/www.gipa.eu\\\/#website\",\"url\":\"https:\\\/\\\/www.gipa.eu\\\/\",\"name\":\"GiPA\",\"description\":\"Solutions for parts &amp; services intelligence\",\"publisher\":{\"@id\":\"https:\\\/\\\/www.gipa.eu\\\/#organization\"},\"potentialAction\":[{\"@type\":\"SearchAction\",\"target\":{\"@type\":\"EntryPoint\",\"urlTemplate\":\"https:\\\/\\\/www.gipa.eu\\\/?s={search_term_string}\"},\"query-input\":{\"@type\":\"PropertyValueSpecification\",\"valueRequired\":true,\"valueName\":\"search_term_string\"}}],\"inLanguage\":\"de\"},{\"@type\":\"Organization\",\"@id\":\"https:\\\/\\\/www.gipa.eu\\\/#organization\",\"name\":\"GiPA\",\"url\":\"https:\\\/\\\/www.gipa.eu\\\/\",\"logo\":{\"@type\":\"ImageObject\",\"inLanguage\":\"de\",\"@id\":\"https:\\\/\\\/www.gipa.eu\\\/#\\\/schema\\\/logo\\\/image\\\/\",\"url\":\"https:\\\/\\\/www.gipa.eu\\\/wp-content\\\/uploads\\\/2015\\\/12\\\/gipa.png\",\"contentUrl\":\"https:\\\/\\\/www.gipa.eu\\\/wp-content\\\/uploads\\\/2015\\\/12\\\/gipa.png\",\"width\":428,\"height\":136,\"caption\":\"GiPA\"},\"image\":{\"@id\":\"https:\\\/\\\/www.gipa.eu\\\/#\\\/schema\\\/logo\\\/image\\\/\"}}]}<\/script>\n<!-- \/ Yoast SEO plugin. -->","yoast_head_json":{"title":"Dominikanische Republik - GiPA","robots":{"index":"index","follow":"follow","max-snippet":"max-snippet:-1","max-image-preview":"max-image-preview:large","max-video-preview":"max-video-preview:-1"},"canonical":"https:\/\/www.gipa.eu\/contact-us\/dominican-republic\/","og_locale":"de_DE","og_type":"article","og_title":"Dominikanische Republik - GiPA","og_url":"https:\/\/www.gipa.eu\/contact-us\/dominican-republic\/","og_site_name":"GiPA","article_modified_time":"2016-11-07T14:02:53+00:00","twitter_card":"summary_large_image","schema":{"@context":"https:\/\/schema.org","@graph":[{"@type":"WebPage","@id":"https:\/\/www.gipa.eu\/contact-us\/dominican-republic\/","url":"https:\/\/www.gipa.eu\/contact-us\/dominican-republic\/","name":"Dominikanische Republik - GiPA","isPartOf":{"@id":"https:\/\/www.gipa.eu\/#website"},"datePublished":"2016-02-16T15:51:31+00:00","dateModified":"2016-11-07T14:02:53+00:00","breadcrumb":{"@id":"https:\/\/www.gipa.eu\/contact-us\/dominican-republic\/#breadcrumb"},"inLanguage":"de","potentialAction":[{"@type":"ReadAction","target":["https:\/\/www.gipa.eu\/contact-us\/dominican-republic\/"]}]},{"@type":"BreadcrumbList","@id":"https:\/\/www.gipa.eu\/contact-us\/dominican-republic\/#breadcrumb","itemListElement":[{"@type":"ListItem","position":1,"name":"Home","item":"https:\/\/www.gipa.eu\/"},{"@type":"ListItem","position":2,"name":"Kontakt","item":"https:\/\/www.gipa.eu\/de\/kontakt\/"},{"@type":"ListItem","position":3,"name":"Dominikanische Republik"}]},{"@type":"WebSite","@id":"https:\/\/www.gipa.eu\/#website","url":"https:\/\/www.gipa.eu\/","name":"GiPA","description":"Solutions for parts &amp; services intelligence","publisher":{"@id":"https:\/\/www.gipa.eu\/#organization"},"potentialAction":[{"@type":"SearchAction","target":{"@type":"EntryPoint","urlTemplate":"https:\/\/www.gipa.eu\/?s={search_term_string}"},"query-input":{"@type":"PropertyValueSpecification","valueRequired":true,"valueName":"search_term_string"}}],"inLanguage":"de"},{"@type":"Organization","@id":"https:\/\/www.gipa.eu\/#organization","name":"GiPA","url":"https:\/\/www.gipa.eu\/","logo":{"@type":"ImageObject","inLanguage":"de","@id":"https:\/\/www.gipa.eu\/#\/schema\/logo\/image\/","url":"https:\/\/www.gipa.eu\/wp-content\/uploads\/2015\/12\/gipa.png","contentUrl":"https:\/\/www.gipa.eu\/wp-content\/uploads\/2015\/12\/gipa.png","width":428,"height":136,"caption":"GiPA"},"image":{"@id":"https:\/\/www.gipa.eu\/#\/schema\/logo\/image\/"}}]}},"_links":{"self":[{"href":"https:\/\/www.gipa.eu\/de\/wp-json\/wp\/v2\/pages\/6898","targetHints":{"allow":["GET"]}}],"collection":[{"href":"https:\/\/www.gipa.eu\/de\/wp-json\/wp\/v2\/pages"}],"about":[{"href":"https:\/\/www.gipa.eu\/de\/wp-json\/wp\/v2\/types\/page"}],"author":[{"embeddable":true,"href":"https:\/\/www.gipa.eu\/de\/wp-json\/wp\/v2\/users\/8"}],"replies":[{"embeddable":true,"href":"https:\/\/www.gipa.eu\/de\/wp-json\/wp\/v2\/comments?post=6898"}],"version-history":[{"count":0,"href":"https:\/\/www.gipa.eu\/de\/wp-json\/wp\/v2\/pages\/6898\/revisions"}],"up":[{"embeddable":true,"href":"https:\/\/www.gipa.eu\/de\/wp-json\/wp\/v2\/pages\/6815"}],"wp:attachment":[{"href":"https:\/\/www.gipa.eu\/de\/wp-json\/wp\/v2\/media?parent=6898"}],"curies":[{"name":"wp","href":"https:\/\/api.w.org\/{rel}","templated":true}]}}