
{"id":5962,"date":"2015-11-13T16:20:07","date_gmt":"2015-11-13T15:20:07","guid":{"rendered":"https:\/\/www.gipa.eu\/es\/what-do-we-offer\/"},"modified":"2016-04-22T13:25:31","modified_gmt":"2016-04-22T12:25:31","slug":"que-ofrecemos","status":"publish","type":"page","link":"https:\/\/www.gipa.eu\/es\/que-ofrecemos\/","title":{"rendered":"\u00bfQu\u00e9 ofrecemos?"},"content":{"rendered":"<div class=\"wpb-content-wrapper\"><p>[vc_row class=\u00bbwhat-do-we-offer-services\u00bb][vc_column width=\u00bb1\/2&#8243;][services_medium title=\u00bbGran conocimiento del mercado y de su ambiente competitivo\u00bb icon=\u00bbmoon-stats\u00bb icon_color=\u00bb#ffffff\u00bb circle_color=\u00bb#f79520&#8243; border_color=\u00bb#f79520&#8243;]<\/p>\n<p style=\"text-align: left;\">Desde 1986, GiPA ha llevado a cabo observatorios del parque automovil\u00edstico y del comportamiento del consumidor en la posventa cada a\u00f1o. Estos estudios se realizan en m\u00e1s de 30 pa\u00edses. Tambi\u00e9n abarcamos el mercado de 2 ruedas y camiones, en algunos de los pa\u00edses.<br \/>\nDados los cambios tan r\u00e1pidos en el mercado y las necesidades de actualizar conocimientos regularmente, nosotros proporcionamos todas las respuestas a los problemas espec\u00edficos que tengan relaci\u00f3n con el sector de la automoci\u00f3n (identificar oportunidades de mercado, monitorizaci\u00f3n de la satisfacci\u00f3n del cliente, &#8230;).<\/p>\n<p>[\/services_medium][\/vc_column][vc_column width=\u00bb1\/2&#8243;][services_medium title=\u00bbTransformar la experiencia del consumidor en una forma de ganar fidelidad y clientes.\u00bb icon=\u00bbmoon-user-plus-2&#8243; icon_color=\u00bb#ffffff\u00bb circle_color=\u00bb#f79520&#8243; border_color=\u00bb#f79520&#8243;]<\/p>\n<p style=\"text-align: left;\">Todas las relaciones entre GiPA y sus clientes son resultado de la uni\u00f3n cont\u00ednua entre calidad, satisfacci\u00f3n, lealtad y la disposici\u00f3n por proponer y recomendar.<br \/>\nComo expertos en el mercado de la posventa de la automoci\u00f3n, estamos encantados de ayudarles a medir y monitorizar la experiencia del cliente y determinar el cambio m\u00e1s productivo para tu compa\u00f1\u00eda.<br \/>\nEn cualquier caso, tanto si est\u00e1n interesados en mediciones continuas o puntuales, GiPA siempre ofrece la mejor soluci\u00f3n para identificar las oportunidades.<\/p>\n<p>[\/services_medium][\/vc_column][\/vc_row][vc_row parallax=\u00bbcontent-moving\u00bb type=\u00bbfull_width_background\u00bb bg_image=\u00bb7849&#8243; bg_position=\u00bbcenter center\u00bb parallax_bg=\u00bbtrue\u00bb bg_color=\u00bb#f6f6f6&#8243; text_color=\u00bblight\u00bb class=\u00bbwhat-do-we-offer-services \u00ab][vc_column][vc_raw_html el_class=\u00bbanchor-container\u00bb]JTNDcCUyMHN0eWxlJTNEJTIybWFyZ2luJTNBJTIwMHB4JTNCJTIyJTNFJTNDYSUyMGlkJTNEJTIybWFuYWdlLWRldmVsb3AlMjIlMjBjbGFzcyUzRCUyMmFuY2hvci1zdGlja3ktZ2VyZXIlMjIlM0UlMjZuYnNwJTNCJTNDJTJGYSUzRSUzQyUyRnAlM0U=[\/vc_raw_html][\/vc_column][vc_column width=\u00bb1\/2&#8243;][services_medium title=\u00bbGestionar su marca y su comunicaci\u00f3n\u00bb icon=\u00bbmoon-bubbles-3&#8243; icon_color=\u00bb#ffffff\u00bb circle_color=\u00bb#f79520&#8243; border_color=\u00bb#f79520&#8243; dynamic_content_link=\u00bb#manage-develop\u00bb]<\/p>\n<p style=\"text-align: left;\">Los consumidores prefieren pagar m\u00e1s por productos\/servicios de una marca con reconocimiento.<br \/>\nEl desarrollo de tu negocio depende directamente de la fuerza de tu marca. La notoriedad de la marca y su imagen son los componentes clave para conocer la salud de tu marca.<br \/>\nTanto si te quieres posicionar en relaci\u00f3n a tus competidores o conocer tus fortalezas y debilidades a fondo, nosotros siempre te sugerimos el enfoque m\u00e1s eficiente para ti.<\/p>\n<p>[\/services_medium][\/vc_column][vc_column width=\u00bb1\/2&#8243;][services_medium title=\u00bbDesarrollar tus productos y servicios\u00bb icon=\u00bbmoon-lamp-4&#8243; icon_color=\u00bb#ffffff\u00bb circle_color=\u00bb#f79520&#8243; border_color=\u00bb#f79520&#8243; dynamic_content_link=\u00bb#manage-develop\u00bb]<\/p>\n<p style=\"text-align: left;\">La innovaci\u00f3n es un punto clave para el crecimiento en tu negocio.<br \/>\nOptimizar tu servicio y el valor del producto es frecuentemente una oportunidad.<br \/>\nEl dise\u00f1o de un nuevo producto y nuevas ofertas de servicio tambi\u00e9n proporciona una plataforma para ganar clientes.<br \/>\nNuestra estrategia permite identificar oportunidades y generar ideas; ayudamos a seleccionar las ofertas m\u00e1s valiosas para tu negocio, determinar el \u00abproduct mix\u00bb y evaluar el potencial.<\/p>\n<p>[\/services_medium][\/vc_column][\/vc_row][vc_row class=\u00bbwhat-do-we-offer-services \u00ab][vc_column][vc_raw_html el_class=\u00bbanchor-container\u00bb]JTNDcCUyMHN0eWxlJTNEJTIybWFyZ2luJTNBJTIwMHB4JTNCJTIyJTNFJTNDYSUyMGlkJTNEJTIyZGV0ZXJtaW5lLWF1ZGl0JTIyJTIwY2xhc3MlM0QlMjJhbmNob3Itc3RpY2t5LWdlcmVyJTIyJTNFJTI2bmJzcCUzQiUzQyUyRmElM0UlM0MlMkZwJTNF[\/vc_raw_html][\/vc_column][vc_column width=\u00bb1\/2&#8243;][services_medium title=\u00bbDeterminar el posicionamiento del precio \u00f3ptimo\u00bb icon=\u00bbmoon-calculate-2&#8243; icon_color=\u00bb#ffffff\u00bb circle_color=\u00bb#f79520&#8243; border_color=\u00bb#f79520&#8243; dynamic_content_link=\u00bb#determine-audit\u00bb]<\/p>\n<p style=\"text-align: left;\">\u00bfSus productos se venden al precio \u00f3ptimo? El precio \u00f3ptimo es aquel que maximiza los beneficios (el precio m\u00e1s alto para el mayor volumen).<br \/>\nPodemos ayudar a optimizar su estrategia de precio:<br \/>\n&#8211; Analizando el posicionamiento de la marca dentro de su campo de competidores<br \/>\n&#8211; Identificar el umbral psicol\u00f3gico de aceptaci\u00f3n del producto por los consumidores.<\/p>\n<p>[\/services_medium][\/vc_column][vc_column width=\u00bb1\/2&#8243;][services_medium title=\u00bbAuditar el servicio de calidad de tu red y la de tus competidores: estudios mystery \u00bb icon=\u00bbmoon-eye\u00bb icon_color=\u00bb#ffffff\u00bb circle_color=\u00bb#f79520&#8243; border_color=\u00bb#f79520&#8243; dynamic_content_link=\u00bb#determine-audit\u00bb]<\/p>\n<p style=\"text-align: left;\">Con el fin de proporcionar a la marca una experiencia constante, las herramientas de monitorizaci\u00f3n son \u00fatiles para medir el desempe\u00f1o de la red. Llamadas mystery, visitas mystery, auditor\u00eda de la competencia\u2026 Estamos convencidos de que el \u00e9xito de los estudios mystery shopping dependen de un conocimiento del sector excelente.<br \/>\nNuestros estudios mystery proporcionan toda la ayuda necesaria para identificar los fallos y las \u00e1reas de excelencia a lo largo del proceso del consumidor.<br \/>\nOfrecemos todas las herramientas necesarias para identificar, responder y gestionar tu red y maximizar los beneficios de tu negocio.<\/p>\n<p>[\/services_medium][\/vc_column][vc_column][textbar style=\u00bbstyle_2&#8243; button_title=\u00bbCont\u00e1ctanos\u00bb button_link=\u00bb\/es\/para-contactar\/\u00bb icon=\u00bbsteadysets-icon-type\u00bb][\/textbar][\/vc_column][\/vc_row]<\/p>\n<\/div>","protected":false},"excerpt":{"rendered":"<p>[vc_row class=\u00bbwhat-do-we-offer-services\u00bb][vc_column width=\u00bb1\/2&#8243;][services_medium title=\u00bbGran conocimiento del mercado y de su ambiente competitivo\u00bb icon=\u00bbmoon-stats\u00bb icon_color=\u00bb#ffffff\u00bb circle_color=\u00bb#f79520&#8243; border_color=\u00bb#f79520&#8243;] Desde 1986, GiPA ha llevado a cabo observatorios del parque automovil\u00edstico y del comportamiento del consumidor en la posventa cada a\u00f1o. Estos estudios se realizan en m\u00e1s de 30 pa\u00edses. Tambi\u00e9n abarcamos el mercado de 2 ruedas y camiones, [&hellip;]<\/p>\n","protected":false},"author":8,"featured_media":0,"parent":0,"menu_order":0,"comment_status":"closed","ping_status":"closed","template":"","meta":{"footnotes":""},"class_list":["post-5962","page","type-page","status-publish","hentry"],"yoast_head":"<!-- This site is optimized with the Yoast SEO plugin v27.3 - https:\/\/yoast.com\/product\/yoast-seo-wordpress\/ -->\n<title>\u00bfQu\u00e9 ofrecemos? - GiPA<\/title>\n<meta name=\"robots\" content=\"index, follow, max-snippet:-1, max-image-preview:large, max-video-preview:-1\" \/>\n<link rel=\"canonical\" href=\"https:\/\/www.gipa.eu\/es\/que-ofrecemos\/\" \/>\n<meta property=\"og:locale\" content=\"es_ES\" \/>\n<meta property=\"og:type\" content=\"article\" \/>\n<meta property=\"og:title\" content=\"\u00bfQu\u00e9 ofrecemos? - GiPA\" \/>\n<meta property=\"og:description\" content=\"[vc_row class=\u00bbwhat-do-we-offer-services\u00bb][vc_column width=\u00bb1\/2&#8243;][services_medium title=\u00bbGran conocimiento del mercado y de su ambiente competitivo\u00bb icon=\u00bbmoon-stats\u00bb icon_color=\u00bb#ffffff\u00bb circle_color=\u00bb#f79520&#8243; border_color=\u00bb#f79520&#8243;] Desde 1986, GiPA ha llevado a cabo observatorios del parque automovil\u00edstico y del comportamiento del consumidor en la posventa cada a\u00f1o. Estos estudios se realizan en m\u00e1s de 30 pa\u00edses. Tambi\u00e9n abarcamos el mercado de 2 ruedas y camiones, [&hellip;]\" \/>\n<meta property=\"og:url\" content=\"https:\/\/www.gipa.eu\/es\/que-ofrecemos\/\" \/>\n<meta property=\"og:site_name\" content=\"GiPA\" \/>\n<meta property=\"article:modified_time\" content=\"2016-04-22T12:25:31+00:00\" \/>\n<meta name=\"twitter:card\" content=\"summary_large_image\" \/>\n<meta name=\"twitter:label1\" content=\"Tiempo de lectura\" \/>\n\t<meta name=\"twitter:data1\" content=\"4 minutos\" \/>\n<script type=\"application\/ld+json\" class=\"yoast-schema-graph\">{\"@context\":\"https:\\\/\\\/schema.org\",\"@graph\":[{\"@type\":\"WebPage\",\"@id\":\"https:\\\/\\\/www.gipa.eu\\\/es\\\/que-ofrecemos\\\/\",\"url\":\"https:\\\/\\\/www.gipa.eu\\\/es\\\/que-ofrecemos\\\/\",\"name\":\"\u00bfQu\u00e9 ofrecemos? - GiPA\",\"isPartOf\":{\"@id\":\"https:\\\/\\\/www.gipa.eu\\\/#website\"},\"datePublished\":\"2015-11-13T15:20:07+00:00\",\"dateModified\":\"2016-04-22T12:25:31+00:00\",\"breadcrumb\":{\"@id\":\"https:\\\/\\\/www.gipa.eu\\\/es\\\/que-ofrecemos\\\/#breadcrumb\"},\"inLanguage\":\"es\",\"potentialAction\":[{\"@type\":\"ReadAction\",\"target\":[\"https:\\\/\\\/www.gipa.eu\\\/es\\\/que-ofrecemos\\\/\"]}]},{\"@type\":\"BreadcrumbList\",\"@id\":\"https:\\\/\\\/www.gipa.eu\\\/es\\\/que-ofrecemos\\\/#breadcrumb\",\"itemListElement\":[{\"@type\":\"ListItem\",\"position\":1,\"name\":\"Home\",\"item\":\"https:\\\/\\\/www.gipa.eu\\\/\"},{\"@type\":\"ListItem\",\"position\":2,\"name\":\"\u00bfQu\u00e9 ofrecemos?\"}]},{\"@type\":\"WebSite\",\"@id\":\"https:\\\/\\\/www.gipa.eu\\\/#website\",\"url\":\"https:\\\/\\\/www.gipa.eu\\\/\",\"name\":\"GiPA\",\"description\":\"Solutions for parts &amp; services intelligence\",\"publisher\":{\"@id\":\"https:\\\/\\\/www.gipa.eu\\\/#organization\"},\"potentialAction\":[{\"@type\":\"SearchAction\",\"target\":{\"@type\":\"EntryPoint\",\"urlTemplate\":\"https:\\\/\\\/www.gipa.eu\\\/?s={search_term_string}\"},\"query-input\":{\"@type\":\"PropertyValueSpecification\",\"valueRequired\":true,\"valueName\":\"search_term_string\"}}],\"inLanguage\":\"es\"},{\"@type\":\"Organization\",\"@id\":\"https:\\\/\\\/www.gipa.eu\\\/#organization\",\"name\":\"GiPA\",\"url\":\"https:\\\/\\\/www.gipa.eu\\\/\",\"logo\":{\"@type\":\"ImageObject\",\"inLanguage\":\"es\",\"@id\":\"https:\\\/\\\/www.gipa.eu\\\/#\\\/schema\\\/logo\\\/image\\\/\",\"url\":\"https:\\\/\\\/www.gipa.eu\\\/wp-content\\\/uploads\\\/2015\\\/12\\\/gipa.png\",\"contentUrl\":\"https:\\\/\\\/www.gipa.eu\\\/wp-content\\\/uploads\\\/2015\\\/12\\\/gipa.png\",\"width\":428,\"height\":136,\"caption\":\"GiPA\"},\"image\":{\"@id\":\"https:\\\/\\\/www.gipa.eu\\\/#\\\/schema\\\/logo\\\/image\\\/\"}}]}<\/script>\n<!-- \/ Yoast SEO plugin. -->","yoast_head_json":{"title":"\u00bfQu\u00e9 ofrecemos? - GiPA","robots":{"index":"index","follow":"follow","max-snippet":"max-snippet:-1","max-image-preview":"max-image-preview:large","max-video-preview":"max-video-preview:-1"},"canonical":"https:\/\/www.gipa.eu\/es\/que-ofrecemos\/","og_locale":"es_ES","og_type":"article","og_title":"\u00bfQu\u00e9 ofrecemos? - GiPA","og_description":"[vc_row class=\u00bbwhat-do-we-offer-services\u00bb][vc_column width=\u00bb1\/2&#8243;][services_medium title=\u00bbGran conocimiento del mercado y de su ambiente competitivo\u00bb icon=\u00bbmoon-stats\u00bb icon_color=\u00bb#ffffff\u00bb circle_color=\u00bb#f79520&#8243; border_color=\u00bb#f79520&#8243;] Desde 1986, GiPA ha llevado a cabo observatorios del parque automovil\u00edstico y del comportamiento del consumidor en la posventa cada a\u00f1o. Estos estudios se realizan en m\u00e1s de 30 pa\u00edses. Tambi\u00e9n abarcamos el mercado de 2 ruedas y camiones, [&hellip;]","og_url":"https:\/\/www.gipa.eu\/es\/que-ofrecemos\/","og_site_name":"GiPA","article_modified_time":"2016-04-22T12:25:31+00:00","twitter_card":"summary_large_image","twitter_misc":{"Tiempo de lectura":"4 minutos"},"schema":{"@context":"https:\/\/schema.org","@graph":[{"@type":"WebPage","@id":"https:\/\/www.gipa.eu\/es\/que-ofrecemos\/","url":"https:\/\/www.gipa.eu\/es\/que-ofrecemos\/","name":"\u00bfQu\u00e9 ofrecemos? - GiPA","isPartOf":{"@id":"https:\/\/www.gipa.eu\/#website"},"datePublished":"2015-11-13T15:20:07+00:00","dateModified":"2016-04-22T12:25:31+00:00","breadcrumb":{"@id":"https:\/\/www.gipa.eu\/es\/que-ofrecemos\/#breadcrumb"},"inLanguage":"es","potentialAction":[{"@type":"ReadAction","target":["https:\/\/www.gipa.eu\/es\/que-ofrecemos\/"]}]},{"@type":"BreadcrumbList","@id":"https:\/\/www.gipa.eu\/es\/que-ofrecemos\/#breadcrumb","itemListElement":[{"@type":"ListItem","position":1,"name":"Home","item":"https:\/\/www.gipa.eu\/"},{"@type":"ListItem","position":2,"name":"\u00bfQu\u00e9 ofrecemos?"}]},{"@type":"WebSite","@id":"https:\/\/www.gipa.eu\/#website","url":"https:\/\/www.gipa.eu\/","name":"GiPA","description":"Solutions for parts &amp; services intelligence","publisher":{"@id":"https:\/\/www.gipa.eu\/#organization"},"potentialAction":[{"@type":"SearchAction","target":{"@type":"EntryPoint","urlTemplate":"https:\/\/www.gipa.eu\/?s={search_term_string}"},"query-input":{"@type":"PropertyValueSpecification","valueRequired":true,"valueName":"search_term_string"}}],"inLanguage":"es"},{"@type":"Organization","@id":"https:\/\/www.gipa.eu\/#organization","name":"GiPA","url":"https:\/\/www.gipa.eu\/","logo":{"@type":"ImageObject","inLanguage":"es","@id":"https:\/\/www.gipa.eu\/#\/schema\/logo\/image\/","url":"https:\/\/www.gipa.eu\/wp-content\/uploads\/2015\/12\/gipa.png","contentUrl":"https:\/\/www.gipa.eu\/wp-content\/uploads\/2015\/12\/gipa.png","width":428,"height":136,"caption":"GiPA"},"image":{"@id":"https:\/\/www.gipa.eu\/#\/schema\/logo\/image\/"}}]}},"_links":{"self":[{"href":"https:\/\/www.gipa.eu\/es\/wp-json\/wp\/v2\/pages\/5962","targetHints":{"allow":["GET"]}}],"collection":[{"href":"https:\/\/www.gipa.eu\/es\/wp-json\/wp\/v2\/pages"}],"about":[{"href":"https:\/\/www.gipa.eu\/es\/wp-json\/wp\/v2\/types\/page"}],"author":[{"embeddable":true,"href":"https:\/\/www.gipa.eu\/es\/wp-json\/wp\/v2\/users\/8"}],"replies":[{"embeddable":true,"href":"https:\/\/www.gipa.eu\/es\/wp-json\/wp\/v2\/comments?post=5962"}],"version-history":[{"count":0,"href":"https:\/\/www.gipa.eu\/es\/wp-json\/wp\/v2\/pages\/5962\/revisions"}],"wp:attachment":[{"href":"https:\/\/www.gipa.eu\/es\/wp-json\/wp\/v2\/media?parent=5962"}],"curies":[{"name":"wp","href":"https:\/\/api.w.org\/{rel}","templated":true}]}}