
{"id":4583,"date":"2016-01-08T14:28:11","date_gmt":"2016-01-08T13:28:11","guid":{"rendered":"https:\/\/www.gipa.eu\/fr\/?page_id=4583"},"modified":"2016-01-08T14:28:47","modified_gmt":"2016-01-08T13:28:47","slug":"allemagne","status":"publish","type":"page","link":"https:\/\/www.gipa.eu\/fr\/contactez-nous\/allemagne\/","title":{"rendered":"Allemagne"},"content":{"rendered":"<div class=\"row\">\n        <div class=\"span4\">\n                        Elisabeth-Selbert-Str.2<br \/>\r\n40764 Langenfeld<br \/>\r\nGermany          <p>\n                  T\u00e9l\u00e9phone : +49 152 5101 8000                  <\/p>\n        <div class=\"clearfix\">\n                        &nbsp;\n                    <\/div>\n                    <iframe loading=\"lazy\"  width=\"100%\" height=\"200\" frameborder=\"0\" style=\"border:0\" allowfullscreen=\"allowfullscreen\" src=\"https:\/\/www.google.com\/maps\/embed?pb=!1m18!1m12!1m3!1d2581.355239968521!2d8.59006931585252!3d49.68528277937716!2m3!1f0!2f0!3f0!3m2!1i1024!2i768!4f13.1!3m3!1m2!1s0x4797d7cc887614eb%3A0x2917a49300322150!2sSchwanheimer+Str.+157%2C+64625+Bensheim%2C+Allemagne!5e0!3m2!1sfr!2sfr!4v1503401985574\" ><\/iframe>\n            <\/div>\n        <div class=\"span8\">\n                            \n        <!-- script recaptcha -->\n        <script src=\"https:\/\/www.google.com\/recaptcha\/api.js\"><\/script>\n\n        <script src=\"https:\/\/www.google.com\/recaptcha\/api.js?render=6LdgBYAaAAAAAGutMI62k7U1HlGw1gC1qVmMmBwT\"><\/script>\n        <script>\n            grecaptcha.ready(function () {\n                grecaptcha.execute('6LdgBYAaAAAAAGutMI62k7U1HlGw1gC1qVmMmBwT', { action: 'contact' }).then(function (token) {\n                    var recaptchaResponse = document.getElementById('recaptchaResponse');\n                    recaptchaResponse.value = token;\n                });\n            });\n        <\/script>\n\n        <form class = \"form-horizontal\" role = \"form\" id = \"contactForm\" method = \"post\">\n\n            <div class = \"control-group\">\n                <label class=\"control-label\" for=\"name\">Votre nom (obligatoire)<\/label>\n                <div class=\"controls\">\n                    <input required=\"required\" class=\"input-block-level\" type=\"text\" id=\"name\" name=\"contact[name]\" placeholder=\"\" value=\"\" \/>\n                                    <\/div>\n            <\/div>\n\n            \n            <div class=\"control-group\">\n                <label class=\"control-label\" for=\"email\">Votre email (obligatoire)<\/label>\n                <div class=\"controls\">\n                    <input required=\"required\" class=\"input-block-level\" type=\"email\" id=\"email\" name=\"contact[email]\" placeholder=\"\" value=\"\" \/>\n                                    <\/div>\n            <\/div>\n\n            \n                        <div class=\"control-group\">\n                <label class=\"control-label\" for=\"message\">Votre message (obligatoire)<\/label>\n                <div class=\"controls\">\n                    <textarea required=\"required\" class=\"input-block-level\"  name=\"contact[message]\" id=\"message\" cols=\"40\" rows=\"10\"><\/textarea>\n                                    <\/div>\n            <\/div>\n            \n            <div class=\"control-group\" style=\"margin-left=15px;\">\n            <label for=\"consent\">\n                <input required=\"required\" class=\"input-block-level\" type=\"checkbox\" id=\"consent\" name=\"contact[consent]\" style=\"position:relative; bottom:2px;\" value=\"J\u2019accepte que les informations saisies soient utilis\u00e9es uniquement pour permettre de g\u00e9rer ma demande.\r\n\" \/>\n            J\u2019accepte que les informations saisies soient utilis\u00e9es uniquement pour permettre de g\u00e9rer ma demande.\r\n            <\/label>\n                \n            <\/div>\n\n            <div class=\"form-actions\">\n                <button type=\"submit\" name=\"form\" class=\"btn-bt default\">Envoyer<\/button>\n            <\/div>\n\n            <input type=\"hidden\" name=\"recaptcha_response\" id=\"recaptchaResponse\">\n\n                        <p>Pour conna\u00eetre et exercer vos droits, notamment de retrait de consentement \u00e0 l\u2019utilisation des donn\u00e9es communiqu\u00e9es \u00e0 GiPA, veuillez consulter notre <a href='\/fr\/privacy-policy-rgpd'>politique de confidentialit\u00e9<\/a>.<\/p>\n                    <\/form>\n    <\/div>\n<\/div>\n\n","protected":false},"excerpt":{"rendered":"Elisabeth-Selbert-Str.2 40764 Langenfeld Germany T\u00e9l\u00e9phone : +49 152 5101 8000 &nbsp; Votre nom (obligatoire) Votre email (obligatoire) Votre message (obligatoire) J\u2019accepte que les informations saisies soient utilis\u00e9es uniquement pour permettre de g\u00e9rer ma demande. Envoyer Pour conna\u00eetre et exercer vos droits, notamment de retrait de consentement \u00e0 l\u2019utilisation des donn\u00e9es communiqu\u00e9es \u00e0 GiPA, veuillez consulter [...]","protected":false},"author":8,"featured_media":0,"parent":2774,"menu_order":0,"comment_status":"closed","ping_status":"closed","template":"","meta":{"footnotes":""},"class_list":["post-4583","page","type-page","status-publish","hentry"],"yoast_head":"<!-- This site is optimized with the Yoast SEO plugin v27.4 - https:\/\/yoast.com\/product\/yoast-seo-wordpress\/ -->\n<title>Allemagne - GiPA<\/title>\n<meta name=\"robots\" content=\"index, follow, max-snippet:-1, max-image-preview:large, max-video-preview:-1\" \/>\n<link rel=\"canonical\" href=\"https:\/\/www.gipa.eu\/contact-us\/germany\/\" \/>\n<meta property=\"og:locale\" content=\"fr_FR\" \/>\n<meta property=\"og:type\" content=\"article\" \/>\n<meta property=\"og:title\" content=\"Allemagne - GiPA\" \/>\n<meta property=\"og:url\" content=\"https:\/\/www.gipa.eu\/contact-us\/germany\/\" \/>\n<meta property=\"og:site_name\" content=\"GiPA\" \/>\n<meta property=\"article:modified_time\" content=\"2016-01-08T13:28:47+00:00\" \/>\n<meta name=\"twitter:card\" content=\"summary_large_image\" \/>\n<script type=\"application\/ld+json\" class=\"yoast-schema-graph\">{\"@context\":\"https:\\\/\\\/schema.org\",\"@graph\":[{\"@type\":\"WebPage\",\"@id\":\"https:\\\/\\\/www.gipa.eu\\\/contact-us\\\/germany\\\/\",\"url\":\"https:\\\/\\\/www.gipa.eu\\\/contact-us\\\/germany\\\/\",\"name\":\"Allemagne - GiPA\",\"isPartOf\":{\"@id\":\"https:\\\/\\\/www.gipa.eu\\\/#website\"},\"datePublished\":\"2016-01-08T13:28:11+00:00\",\"dateModified\":\"2016-01-08T13:28:47+00:00\",\"breadcrumb\":{\"@id\":\"https:\\\/\\\/www.gipa.eu\\\/contact-us\\\/germany\\\/#breadcrumb\"},\"inLanguage\":\"fr-FR\",\"potentialAction\":[{\"@type\":\"ReadAction\",\"target\":[\"https:\\\/\\\/www.gipa.eu\\\/contact-us\\\/germany\\\/\"]}]},{\"@type\":\"BreadcrumbList\",\"@id\":\"https:\\\/\\\/www.gipa.eu\\\/contact-us\\\/germany\\\/#breadcrumb\",\"itemListElement\":[{\"@type\":\"ListItem\",\"position\":1,\"name\":\"Home\",\"item\":\"https:\\\/\\\/www.gipa.eu\\\/\"},{\"@type\":\"ListItem\",\"position\":2,\"name\":\"Contactez-nous\",\"item\":\"https:\\\/\\\/www.gipa.eu\\\/fr\\\/contactez-nous\\\/\"},{\"@type\":\"ListItem\",\"position\":3,\"name\":\"Allemagne\"}]},{\"@type\":\"WebSite\",\"@id\":\"https:\\\/\\\/www.gipa.eu\\\/#website\",\"url\":\"https:\\\/\\\/www.gipa.eu\\\/\",\"name\":\"GiPA\",\"description\":\"Solutions for parts &amp; services intelligence\",\"publisher\":{\"@id\":\"https:\\\/\\\/www.gipa.eu\\\/#organization\"},\"potentialAction\":[{\"@type\":\"SearchAction\",\"target\":{\"@type\":\"EntryPoint\",\"urlTemplate\":\"https:\\\/\\\/www.gipa.eu\\\/?s={search_term_string}\"},\"query-input\":{\"@type\":\"PropertyValueSpecification\",\"valueRequired\":true,\"valueName\":\"search_term_string\"}}],\"inLanguage\":\"fr-FR\"},{\"@type\":\"Organization\",\"@id\":\"https:\\\/\\\/www.gipa.eu\\\/#organization\",\"name\":\"GiPA\",\"url\":\"https:\\\/\\\/www.gipa.eu\\\/\",\"logo\":{\"@type\":\"ImageObject\",\"inLanguage\":\"fr-FR\",\"@id\":\"https:\\\/\\\/www.gipa.eu\\\/#\\\/schema\\\/logo\\\/image\\\/\",\"url\":\"https:\\\/\\\/www.gipa.eu\\\/wp-content\\\/uploads\\\/2015\\\/12\\\/gipa.png\",\"contentUrl\":\"https:\\\/\\\/www.gipa.eu\\\/wp-content\\\/uploads\\\/2015\\\/12\\\/gipa.png\",\"width\":428,\"height\":136,\"caption\":\"GiPA\"},\"image\":{\"@id\":\"https:\\\/\\\/www.gipa.eu\\\/#\\\/schema\\\/logo\\\/image\\\/\"}}]}<\/script>\n<!-- \/ Yoast SEO plugin. -->","yoast_head_json":{"title":"Allemagne - GiPA","robots":{"index":"index","follow":"follow","max-snippet":"max-snippet:-1","max-image-preview":"max-image-preview:large","max-video-preview":"max-video-preview:-1"},"canonical":"https:\/\/www.gipa.eu\/contact-us\/germany\/","og_locale":"fr_FR","og_type":"article","og_title":"Allemagne - GiPA","og_url":"https:\/\/www.gipa.eu\/contact-us\/germany\/","og_site_name":"GiPA","article_modified_time":"2016-01-08T13:28:47+00:00","twitter_card":"summary_large_image","schema":{"@context":"https:\/\/schema.org","@graph":[{"@type":"WebPage","@id":"https:\/\/www.gipa.eu\/contact-us\/germany\/","url":"https:\/\/www.gipa.eu\/contact-us\/germany\/","name":"Allemagne - GiPA","isPartOf":{"@id":"https:\/\/www.gipa.eu\/#website"},"datePublished":"2016-01-08T13:28:11+00:00","dateModified":"2016-01-08T13:28:47+00:00","breadcrumb":{"@id":"https:\/\/www.gipa.eu\/contact-us\/germany\/#breadcrumb"},"inLanguage":"fr-FR","potentialAction":[{"@type":"ReadAction","target":["https:\/\/www.gipa.eu\/contact-us\/germany\/"]}]},{"@type":"BreadcrumbList","@id":"https:\/\/www.gipa.eu\/contact-us\/germany\/#breadcrumb","itemListElement":[{"@type":"ListItem","position":1,"name":"Home","item":"https:\/\/www.gipa.eu\/"},{"@type":"ListItem","position":2,"name":"Contactez-nous","item":"https:\/\/www.gipa.eu\/fr\/contactez-nous\/"},{"@type":"ListItem","position":3,"name":"Allemagne"}]},{"@type":"WebSite","@id":"https:\/\/www.gipa.eu\/#website","url":"https:\/\/www.gipa.eu\/","name":"GiPA","description":"Solutions for parts &amp; services intelligence","publisher":{"@id":"https:\/\/www.gipa.eu\/#organization"},"potentialAction":[{"@type":"SearchAction","target":{"@type":"EntryPoint","urlTemplate":"https:\/\/www.gipa.eu\/?s={search_term_string}"},"query-input":{"@type":"PropertyValueSpecification","valueRequired":true,"valueName":"search_term_string"}}],"inLanguage":"fr-FR"},{"@type":"Organization","@id":"https:\/\/www.gipa.eu\/#organization","name":"GiPA","url":"https:\/\/www.gipa.eu\/","logo":{"@type":"ImageObject","inLanguage":"fr-FR","@id":"https:\/\/www.gipa.eu\/#\/schema\/logo\/image\/","url":"https:\/\/www.gipa.eu\/wp-content\/uploads\/2015\/12\/gipa.png","contentUrl":"https:\/\/www.gipa.eu\/wp-content\/uploads\/2015\/12\/gipa.png","width":428,"height":136,"caption":"GiPA"},"image":{"@id":"https:\/\/www.gipa.eu\/#\/schema\/logo\/image\/"}}]}},"_links":{"self":[{"href":"https:\/\/www.gipa.eu\/fr\/wp-json\/wp\/v2\/pages\/4583","targetHints":{"allow":["GET"]}}],"collection":[{"href":"https:\/\/www.gipa.eu\/fr\/wp-json\/wp\/v2\/pages"}],"about":[{"href":"https:\/\/www.gipa.eu\/fr\/wp-json\/wp\/v2\/types\/page"}],"author":[{"embeddable":true,"href":"https:\/\/www.gipa.eu\/fr\/wp-json\/wp\/v2\/users\/8"}],"replies":[{"embeddable":true,"href":"https:\/\/www.gipa.eu\/fr\/wp-json\/wp\/v2\/comments?post=4583"}],"version-history":[{"count":0,"href":"https:\/\/www.gipa.eu\/fr\/wp-json\/wp\/v2\/pages\/4583\/revisions"}],"up":[{"embeddable":true,"href":"https:\/\/www.gipa.eu\/fr\/wp-json\/wp\/v2\/pages\/2774"}],"wp:attachment":[{"href":"https:\/\/www.gipa.eu\/fr\/wp-json\/wp\/v2\/media?parent=4583"}],"curies":[{"name":"wp","href":"https:\/\/api.w.org\/{rel}","templated":true}]}}