
{"id":6431,"date":"2015-11-13T16:20:07","date_gmt":"2015-11-13T15:20:07","guid":{"rendered":"https:\/\/www.gipa.eu\/pl\/what-do-we-offer\/"},"modified":"2016-04-22T13:24:10","modified_gmt":"2016-04-22T12:24:10","slug":"what-do-we-offer","status":"publish","type":"page","link":"https:\/\/www.gipa.eu\/pl\/what-do-we-offer\/","title":{"rendered":"Co oferujemy"},"content":{"rendered":"<div class=\"wpb-content-wrapper\"><p>[vc_row class=&#8221;what-do-we-offer-services&#8221;][vc_column width=&#8221;1\/2&#8243;][services_medium title=&#8221;Kompleksowa znajomo\u015b\u0107 rynku i otoczenia konkurencyjnego&#8221; icon=&#8221;moon-stats&#8221; icon_color=&#8221;#ffffff&#8221; circle_color=&#8221;#f79520&#8243; border_color=&#8221;#f79520&#8243;]<\/p>\n<p style=\"text-align: left;\">Od 1986 roku GiPA przeprowadza badania parku samochodowego oraz zachowa\u0144 konsument\u00f3w na rynku posprzeda\u017cowym. Badania te przeprowadzane s\u0105 co roku w ponad 30 krajach. Ponadto, w niekt\u00f3rych krajach dost\u0119pne s\u0105 tak\u017ce badania rynku jedno\u015blad\u00f3w oraz samochod\u00f3w ci\u0119\u017carowych.<br \/>\nBior\u0105c pod uwag\u0119 dynamik\u0119 zmian na rynkach oraz Pa\u0144stwa potrzeby regularnego monitoringu, zapewniamy odpowiedzi na wszystkie zagadnienia dotycz\u0105ce sektora motoryzacyjnego (identyfikacja mo\u017cliwo\u015bci rynkowych, \u015bledzenie satysfakcji klienta &#8230;).<\/p>\n<p>[\/services_medium][\/vc_column][vc_column width=&#8221;1\/2&#8243;][services_medium title=&#8221;Wykorzystanie do\u015bwiadczenia klienta w celu budowania lojalno\u015bci i tworzenia strategii pozyskiwania nowych klient\u00f3w &#8221; icon=&#8221;moon-user-plus-2&#8243; icon_color=&#8221;#ffffff&#8221; circle_color=&#8221;#f79520&#8243; border_color=&#8221;#f79520&#8243;]<\/p>\n<p style=\"text-align: left;\">Relacje pomi\u0119dzy GiPA i jej klientami maj\u0105 na celu trwa\u0142e po\u0142\u0105czenie jako\u015bci z satysfakcj\u0105, efektywno\u015bci\u0105 i lojalno\u015bci\u0105. Zawsze s\u0142u\u017cymy wsparciem i polecamy najlepsze rozwi\u0105zania.<br \/>\nJako eksperci rynku motoryzacyjnego, pomo\u017cemy Pa\u0144stwu w zbadaniu i monitorowaniu do\u015bwiadcze\u0144 klient\u00f3w oraz okre\u015blaniu najbardziej dochodowych dla Pa\u0144stwa firmy strategii.<br \/>\nNiezale\u017cnie od tego, czy s\u0105 Pa\u0144stwo zainteresowani badaniami cyklicznymi czy tylko jednorazowym pomiarem, GiPA zawsze zaoferuje najlepsze rozwi\u0105zania.<\/p>\n<p>[\/services_medium][\/vc_column][\/vc_row][vc_row parallax=&#8221;content-moving&#8221; type=&#8221;full_width_background&#8221; bg_image=&#8221;7849&#8243; bg_position=&#8221;center center&#8221; parallax_bg=&#8221;true&#8221; bg_color=&#8221;#f6f6f6&#8243; text_color=&#8221;light&#8221; class=&#8221;what-do-we-offer-services &#8222;][vc_column][vc_raw_html el_class=&#8221;anchor-container&#8221;]JTNDcCUyMHN0eWxlJTNEJTIybWFyZ2luJTNBJTIwMHB4JTNCJTIyJTNFJTNDYSUyMGlkJTNEJTIybWFuYWdlLWRldmVsb3AlMjIlMjBjbGFzcyUzRCUyMmFuY2hvci1zdGlja3ktZ2VyZXIlMjIlM0UlMjZuYnNwJTNCJTNDJTJGYSUzRSUzQyUyRnAlM0U=[\/vc_raw_html][\/vc_column][vc_column width=&#8221;1\/2&#8243;][services_medium title=&#8221;Zarz\u0105dzanie mark\u0105 i tworzenie strategii jej komunikacji &#8221; icon=&#8221;moon-bubbles-3&#8243; icon_color=&#8221;#ffffff&#8221; circle_color=&#8221;#f79520&#8243; border_color=&#8221;#f79520&#8243; dynamic_content_link=&#8221;#manage-develop&#8221;]<\/p>\n<p style=\"text-align: left;\">Konsumenci s\u0105 sk\u0142onni zap\u0142aci\u0107 wi\u0119cej za produkty \/ us\u0142ugi znanej marki.<br \/>\nWydajno\u015b\u0107 firmy zale\u017cy bezpo\u015brednio od si\u0142y marki. \u015awiadomo\u015b\u0107 marki i jej wizerunek s\u0105 kluczowymi elementami wyznaczaj\u0105cymi pozycj\u0119 marki.<br \/>\nNiezale\u017cnie od tego, czy chc\u0105 Pa\u0144stwo okre\u015bli\u0107 swoj\u0105 pozycj\u0119 w stosunku do konkurencji, czy te\u017c pozna\u0107 w\u0142asne s\u0142abe i mocne strony, zawsze zaproponujemy najlepsze rozwi\u0105zanie.<\/p>\n<p>[\/services_medium][\/vc_column][vc_column width=&#8221;1\/2&#8243;][services_medium title=&#8221;Ulepszenie i rozw\u00f3j produkt\u00f3w oraz us\u0142ug&#8221; icon=&#8221;moon-lamp-4&#8243; icon_color=&#8221;#ffffff&#8221; circle_color=&#8221;#f79520&#8243; border_color=&#8221;#f79520&#8243; dynamic_content_link=&#8221;#manage-develop&#8221;]<\/p>\n<p style=\"text-align: left;\">Innowacyjno\u015b\u0107 jest jednym z g\u0142\u00f3wnych czynnik\u00f3w sukcesu i rozwoju firmy.<br \/>\nOptymalizacja Pa\u0144stwa us\u0142ug i gamy produkt\u00f3w stanowi cz\u0119sto \u017ar\u00f3d\u0142o rozwoju.<br \/>\nStworzenie nowych produkt\u00f3w i ofert serwisowych tworzy mo\u017cliwo\u015bci pozyskania nowych klient\u00f3w&#8230;<br \/>\nNasze rozwi\u0105zania pomog\u0105 Pa\u0144stwu zidentyfikowa\u0107 mo\u017cliwo\u015bci i przygotowa\u0107 produkty koncepcyjne; pomo\u017cemy wybra\u0107 najbardziej obiecuj\u0105ce oferty dla Pa\u0144stwa biznesu poprzez okre\u015blenie asortymentu produkt\u00f3w oraz okre\u015blenie ich potencja\u0142u.l.<\/p>\n<p>[\/services_medium][\/vc_column][\/vc_row][vc_row class=&#8221;what-do-we-offer-services &#8222;][vc_column][vc_raw_html el_class=&#8221;anchor-container&#8221;]JTNDcCUyMHN0eWxlJTNEJTIybWFyZ2luJTNBJTIwMHB4JTNCJTIyJTNFJTNDYSUyMGlkJTNEJTIyZGV0ZXJtaW5lLWF1ZGl0JTIyJTIwY2xhc3MlM0QlMjJhbmNob3Itc3RpY2t5LWdlcmVyJTIyJTNFJTI2bmJzcCUzQiUzQyUyRmElM0UlM0MlMkZwJTNF[\/vc_raw_html][\/vc_column][vc_column width=&#8221;1\/2&#8243;][services_medium title=&#8221;Okre\u015blanie optymalnego pozycjonowania cenowego&#8221; icon=&#8221;moon-calculate-2&#8243; icon_color=&#8221;#ffffff&#8221; circle_color=&#8221;#f79520&#8243; border_color=&#8221;#f79520&#8243; dynamic_content_link=&#8221;#determine-audit&#8221;]<\/p>\n<p style=\"text-align: left;\">Czy Pa\u0144stwa produkty sprzedawane s\u0105 w odpowiedniej cenie? Odpowiednia cena to taka, kt\u00f3ra maksymalizuje Pa\u0144stwa zyski (najwy\u017csza cena przy najlepszej wielko\u015bci sprzeda\u017cy). Mo\u017cemy wspom\u00f3c optymalizacj\u0119 Pa\u0144stwa strategii cenowej poprzez:<br \/>\n&#8211; Analiz\u0119 pozycji marki w otoczeniu konkurencyjnym<br \/>\n&#8211; Identyfikacj\u0119 prog\u00f3w akceptacji produktu przez klienta.<\/p>\n<p>[\/services_medium][\/vc_column][vc_column width=&#8221;1\/2&#8243;][services_medium title=&#8221;Audyt jako\u015bci us\u0142ug w Pa\u0144stwa sieci i w\u015br\u00f3d konkurencji: metoda mystery client&#8221; icon=&#8221;moon-eye&#8221; icon_color=&#8221;#ffffff&#8221; circle_color=&#8221;#f79520&#8243; border_color=&#8221;#f79520&#8243; dynamic_content_link=&#8221;#determine-audit&#8221;]<\/p>\n<p style=\"text-align: left;\">Narz\u0119dzie to jest niezwykle efektywne w badaniu wydajno\u015bci sieci. Jeste\u015bmy przekonani, \u017ce sukces bada\u0144 typu mystery &#8211; mystery calls, mystery visits, audyt konkurencji&#8230; &#8211; uzale\u017cniony jest od doskona\u0142ej znajomo\u015bci rynku.<br \/>\nNasze programy badawcze typu mystery dostarcz\u0105 Pa\u0144stwu wszystkich niezb\u0119dnych informacji do zidentyfikowania wszelkich niedoskona\u0142o\u015bci oraz zalet Pa\u0144stwa produkt\u00f3w i us\u0142ug w procesie zakupowym.<br \/>\nOferujemy Pa\u0144stwu wszystkie niezb\u0119dne metody i narz\u0119dzia do zarz\u0105dzania sieci\u0105 w spos\u00f3b maksymalizuj\u0105cy zyski Pa\u0144stwa biznesu.<\/p>\n<p>[\/services_medium][\/vc_column][vc_column][textbar style=&#8221;style_2&#8243; button_title=&#8221;Kontakt&#8221; button_link=&#8221;\/pl\/kontakt\/&#8221; icon=&#8221;steadysets-icon-type&#8221;][\/textbar][\/vc_column][\/vc_row]<\/p>\n<\/div>","protected":false},"excerpt":{"rendered":"<p>[vc_row class=&#8221;what-do-we-offer-services&#8221;][vc_column width=&#8221;1\/2&#8243;][services_medium title=&#8221;Kompleksowa znajomo\u015b\u0107 rynku i otoczenia konkurencyjnego&#8221; icon=&#8221;moon-stats&#8221; icon_color=&#8221;#ffffff&#8221; circle_color=&#8221;#f79520&#8243; border_color=&#8221;#f79520&#8243;] Od 1986 roku GiPA przeprowadza badania parku samochodowego oraz zachowa\u0144 konsument\u00f3w na rynku posprzeda\u017cowym. Badania te przeprowadzane s\u0105 co roku w ponad 30 krajach. Ponadto, w niekt\u00f3rych krajach dost\u0119pne s\u0105 tak\u017ce badania rynku jedno\u015blad\u00f3w oraz samochod\u00f3w ci\u0119\u017carowych. Bior\u0105c pod uwag\u0119 dynamik\u0119 zmian [&hellip;]<\/p>\n","protected":false},"author":8,"featured_media":0,"parent":0,"menu_order":0,"comment_status":"closed","ping_status":"closed","template":"","meta":{"footnotes":""},"class_list":["post-6431","page","type-page","status-publish","hentry"],"yoast_head":"<!-- This site is optimized with the Yoast SEO plugin v27.3 - https:\/\/yoast.com\/product\/yoast-seo-wordpress\/ -->\n<title>Co oferujemy - GiPA<\/title>\n<meta name=\"robots\" content=\"index, follow, max-snippet:-1, max-image-preview:large, max-video-preview:-1\" \/>\n<link rel=\"canonical\" href=\"https:\/\/www.gipa.eu\/what-do-we-offer\/\" \/>\n<meta property=\"og:locale\" content=\"pl_PL\" \/>\n<meta property=\"og:type\" content=\"article\" \/>\n<meta property=\"og:title\" content=\"Co oferujemy - GiPA\" \/>\n<meta property=\"og:description\" content=\"[vc_row class=&#8221;what-do-we-offer-services&#8221;][vc_column width=&#8221;1\/2&#8243;][services_medium title=&#8221;Kompleksowa znajomo\u015b\u0107 rynku i otoczenia konkurencyjnego&#8221; icon=&#8221;moon-stats&#8221; icon_color=&#8221;#ffffff&#8221; circle_color=&#8221;#f79520&#8243; border_color=&#8221;#f79520&#8243;] Od 1986 roku GiPA przeprowadza badania parku samochodowego oraz zachowa\u0144 konsument\u00f3w na rynku posprzeda\u017cowym. Badania te przeprowadzane s\u0105 co roku w ponad 30 krajach. Ponadto, w niekt\u00f3rych krajach dost\u0119pne s\u0105 tak\u017ce badania rynku jedno\u015blad\u00f3w oraz samochod\u00f3w ci\u0119\u017carowych. Bior\u0105c pod uwag\u0119 dynamik\u0119 zmian [&hellip;]\" \/>\n<meta property=\"og:url\" content=\"https:\/\/www.gipa.eu\/what-do-we-offer\/\" \/>\n<meta property=\"og:site_name\" content=\"GiPA\" \/>\n<meta property=\"article:modified_time\" content=\"2016-04-22T12:24:10+00:00\" \/>\n<meta name=\"twitter:card\" content=\"summary_large_image\" \/>\n<meta name=\"twitter:label1\" content=\"Szacowany czas czytania\" \/>\n\t<meta name=\"twitter:data1\" content=\"4 minuty\" \/>\n<script type=\"application\/ld+json\" class=\"yoast-schema-graph\">{\"@context\":\"https:\\\/\\\/schema.org\",\"@graph\":[{\"@type\":\"WebPage\",\"@id\":\"https:\\\/\\\/www.gipa.eu\\\/what-do-we-offer\\\/\",\"url\":\"https:\\\/\\\/www.gipa.eu\\\/what-do-we-offer\\\/\",\"name\":\"Co oferujemy - GiPA\",\"isPartOf\":{\"@id\":\"https:\\\/\\\/www.gipa.eu\\\/#website\"},\"datePublished\":\"2015-11-13T15:20:07+00:00\",\"dateModified\":\"2016-04-22T12:24:10+00:00\",\"breadcrumb\":{\"@id\":\"https:\\\/\\\/www.gipa.eu\\\/what-do-we-offer\\\/#breadcrumb\"},\"inLanguage\":\"pl-PL\",\"potentialAction\":[{\"@type\":\"ReadAction\",\"target\":[\"https:\\\/\\\/www.gipa.eu\\\/what-do-we-offer\\\/\"]}]},{\"@type\":\"BreadcrumbList\",\"@id\":\"https:\\\/\\\/www.gipa.eu\\\/what-do-we-offer\\\/#breadcrumb\",\"itemListElement\":[{\"@type\":\"ListItem\",\"position\":1,\"name\":\"Home\",\"item\":\"https:\\\/\\\/www.gipa.eu\\\/\"},{\"@type\":\"ListItem\",\"position\":2,\"name\":\"Co oferujemy\"}]},{\"@type\":\"WebSite\",\"@id\":\"https:\\\/\\\/www.gipa.eu\\\/#website\",\"url\":\"https:\\\/\\\/www.gipa.eu\\\/\",\"name\":\"GiPA\",\"description\":\"Solutions for parts &amp; services intelligence\",\"publisher\":{\"@id\":\"https:\\\/\\\/www.gipa.eu\\\/#organization\"},\"potentialAction\":[{\"@type\":\"SearchAction\",\"target\":{\"@type\":\"EntryPoint\",\"urlTemplate\":\"https:\\\/\\\/www.gipa.eu\\\/?s={search_term_string}\"},\"query-input\":{\"@type\":\"PropertyValueSpecification\",\"valueRequired\":true,\"valueName\":\"search_term_string\"}}],\"inLanguage\":\"pl-PL\"},{\"@type\":\"Organization\",\"@id\":\"https:\\\/\\\/www.gipa.eu\\\/#organization\",\"name\":\"GiPA\",\"url\":\"https:\\\/\\\/www.gipa.eu\\\/\",\"logo\":{\"@type\":\"ImageObject\",\"inLanguage\":\"pl-PL\",\"@id\":\"https:\\\/\\\/www.gipa.eu\\\/#\\\/schema\\\/logo\\\/image\\\/\",\"url\":\"https:\\\/\\\/www.gipa.eu\\\/wp-content\\\/uploads\\\/2015\\\/12\\\/gipa.png\",\"contentUrl\":\"https:\\\/\\\/www.gipa.eu\\\/wp-content\\\/uploads\\\/2015\\\/12\\\/gipa.png\",\"width\":428,\"height\":136,\"caption\":\"GiPA\"},\"image\":{\"@id\":\"https:\\\/\\\/www.gipa.eu\\\/#\\\/schema\\\/logo\\\/image\\\/\"}}]}<\/script>\n<!-- \/ Yoast SEO plugin. -->","yoast_head_json":{"title":"Co oferujemy - GiPA","robots":{"index":"index","follow":"follow","max-snippet":"max-snippet:-1","max-image-preview":"max-image-preview:large","max-video-preview":"max-video-preview:-1"},"canonical":"https:\/\/www.gipa.eu\/what-do-we-offer\/","og_locale":"pl_PL","og_type":"article","og_title":"Co oferujemy - GiPA","og_description":"[vc_row class=&#8221;what-do-we-offer-services&#8221;][vc_column width=&#8221;1\/2&#8243;][services_medium title=&#8221;Kompleksowa znajomo\u015b\u0107 rynku i otoczenia konkurencyjnego&#8221; icon=&#8221;moon-stats&#8221; icon_color=&#8221;#ffffff&#8221; circle_color=&#8221;#f79520&#8243; border_color=&#8221;#f79520&#8243;] Od 1986 roku GiPA przeprowadza badania parku samochodowego oraz zachowa\u0144 konsument\u00f3w na rynku posprzeda\u017cowym. Badania te przeprowadzane s\u0105 co roku w ponad 30 krajach. Ponadto, w niekt\u00f3rych krajach dost\u0119pne s\u0105 tak\u017ce badania rynku jedno\u015blad\u00f3w oraz samochod\u00f3w ci\u0119\u017carowych. Bior\u0105c pod uwag\u0119 dynamik\u0119 zmian [&hellip;]","og_url":"https:\/\/www.gipa.eu\/what-do-we-offer\/","og_site_name":"GiPA","article_modified_time":"2016-04-22T12:24:10+00:00","twitter_card":"summary_large_image","twitter_misc":{"Szacowany czas czytania":"4 minuty"},"schema":{"@context":"https:\/\/schema.org","@graph":[{"@type":"WebPage","@id":"https:\/\/www.gipa.eu\/what-do-we-offer\/","url":"https:\/\/www.gipa.eu\/what-do-we-offer\/","name":"Co oferujemy - GiPA","isPartOf":{"@id":"https:\/\/www.gipa.eu\/#website"},"datePublished":"2015-11-13T15:20:07+00:00","dateModified":"2016-04-22T12:24:10+00:00","breadcrumb":{"@id":"https:\/\/www.gipa.eu\/what-do-we-offer\/#breadcrumb"},"inLanguage":"pl-PL","potentialAction":[{"@type":"ReadAction","target":["https:\/\/www.gipa.eu\/what-do-we-offer\/"]}]},{"@type":"BreadcrumbList","@id":"https:\/\/www.gipa.eu\/what-do-we-offer\/#breadcrumb","itemListElement":[{"@type":"ListItem","position":1,"name":"Home","item":"https:\/\/www.gipa.eu\/"},{"@type":"ListItem","position":2,"name":"Co oferujemy"}]},{"@type":"WebSite","@id":"https:\/\/www.gipa.eu\/#website","url":"https:\/\/www.gipa.eu\/","name":"GiPA","description":"Solutions for parts &amp; services intelligence","publisher":{"@id":"https:\/\/www.gipa.eu\/#organization"},"potentialAction":[{"@type":"SearchAction","target":{"@type":"EntryPoint","urlTemplate":"https:\/\/www.gipa.eu\/?s={search_term_string}"},"query-input":{"@type":"PropertyValueSpecification","valueRequired":true,"valueName":"search_term_string"}}],"inLanguage":"pl-PL"},{"@type":"Organization","@id":"https:\/\/www.gipa.eu\/#organization","name":"GiPA","url":"https:\/\/www.gipa.eu\/","logo":{"@type":"ImageObject","inLanguage":"pl-PL","@id":"https:\/\/www.gipa.eu\/#\/schema\/logo\/image\/","url":"https:\/\/www.gipa.eu\/wp-content\/uploads\/2015\/12\/gipa.png","contentUrl":"https:\/\/www.gipa.eu\/wp-content\/uploads\/2015\/12\/gipa.png","width":428,"height":136,"caption":"GiPA"},"image":{"@id":"https:\/\/www.gipa.eu\/#\/schema\/logo\/image\/"}}]}},"_links":{"self":[{"href":"https:\/\/www.gipa.eu\/pl\/wp-json\/wp\/v2\/pages\/6431","targetHints":{"allow":["GET"]}}],"collection":[{"href":"https:\/\/www.gipa.eu\/pl\/wp-json\/wp\/v2\/pages"}],"about":[{"href":"https:\/\/www.gipa.eu\/pl\/wp-json\/wp\/v2\/types\/page"}],"author":[{"embeddable":true,"href":"https:\/\/www.gipa.eu\/pl\/wp-json\/wp\/v2\/users\/8"}],"replies":[{"embeddable":true,"href":"https:\/\/www.gipa.eu\/pl\/wp-json\/wp\/v2\/comments?post=6431"}],"version-history":[{"count":0,"href":"https:\/\/www.gipa.eu\/pl\/wp-json\/wp\/v2\/pages\/6431\/revisions"}],"wp:attachment":[{"href":"https:\/\/www.gipa.eu\/pl\/wp-json\/wp\/v2\/media?parent=6431"}],"curies":[{"name":"wp","href":"https:\/\/api.w.org\/{rel}","templated":true}]}}