
{"id":6605,"date":"2015-11-13T16:19:34","date_gmt":"2015-11-13T15:19:34","guid":{"rendered":"https:\/\/www.gipa.eu\/pl\/careers\/"},"modified":"2016-03-04T18:22:05","modified_gmt":"2016-03-04T17:22:05","slug":"careers","status":"publish","type":"page","link":"https:\/\/www.gipa.eu\/pl\/careers\/","title":{"rendered":"Kariera"},"content":{"rendered":"<div class=\"wpb-content-wrapper\"><p>[vc_row][vc_column width=&#8221;2\/3&#8243; css=&#8221;.vc_custom_1451384347116{padding-top: 30px !important;}&#8221;][textbar style=&#8221;style_2&#8243; button_title=&#8221;Aplikuj teraz&#8221; button_link=&#8221;\/pl\/spontaneous-applications\/&#8221; icon=&#8221;steadysets-icon-type&#8221;]<\/p>\n<p style=\"text-align: left;\">Czy jeste\u015b zainteresowany prac\u0105 w firmie nieb\u0119d\u0105cej korporacj\u0105, kt\u00f3ra jest liderem w swojej bran\u017cy i dzia\u0142a w ponad 30 krajach?<\/p>\n<p>&nbsp;<\/p>\n<p style=\"text-align: left;\">GiPA poszukuje nowych, utalentowanych ludzi do naszego zespo\u0142u. Do\u0142\u0105cz do nas!<\/p>\n<p>[\/textbar][\/vc_column][vc_column width=&#8221;1\/3&#8243;][vc_single_image image=&#8221;4264&#8243; img_size=&#8221;medium&#8221; alignment=&#8221;right&#8221;][\/vc_column][\/vc_row][vc_row][vc_column width=&#8221;2\/3&#8243;][vc_column_text]<\/p>\n<h2 style=\"text-align: center;\">Poszukujemy na stanowiska<\/h2>\n<p>[\/vc_column_text][vc_column_text]<div class=\"job_listings\" data-location=\"\" data-keywords=\"\" data-show_filters=\"false\" data-show_pagination=\"false\" data-per_page=\"10\" data-orderby=\"featured\" data-order=\"DESC\" data-categories=\"\" data-disable-form-state-storage=\"\" data-featured_first=\"false\" data-post_id=\"6605\" >\t<p class=\"no_job_listings_found\">Nie znaleziono og\u0142osze\u0144.<\/p>\n<\/div>[\/vc_column_text][\/vc_column][vc_column width=&#8221;1\/3&#8243;][\/vc_column][\/vc_row]<\/p>\n<\/div>","protected":false},"excerpt":{"rendered":"<p>[vc_row][vc_column width=&#8221;2\/3&#8243; css=&#8221;.vc_custom_1451384347116{padding-top: 30px !important;}&#8221;][textbar style=&#8221;style_2&#8243; button_title=&#8221;Aplikuj teraz&#8221; button_link=&#8221;\/pl\/spontaneous-applications\/&#8221; icon=&#8221;steadysets-icon-type&#8221;] Czy jeste\u015b zainteresowany prac\u0105 w firmie nieb\u0119d\u0105cej korporacj\u0105, kt\u00f3ra jest liderem w swojej bran\u017cy i dzia\u0142a w ponad 30 krajach? &nbsp; GiPA poszukuje nowych, utalentowanych ludzi do naszego zespo\u0142u. Do\u0142\u0105cz do nas! [\/textbar][\/vc_column][vc_column width=&#8221;1\/3&#8243;][vc_single_image image=&#8221;4264&#8243; img_size=&#8221;medium&#8221; alignment=&#8221;right&#8221;][\/vc_column][\/vc_row][vc_row][vc_column width=&#8221;2\/3&#8243;][vc_column_text] Poszukujemy na stanowiska [\/vc_column_text][vc_column_text][\/vc_column_text][\/vc_column][vc_column width=&#8221;1\/3&#8243;][\/vc_column][\/vc_row]<\/p>\n","protected":false},"author":8,"featured_media":0,"parent":0,"menu_order":0,"comment_status":"closed","ping_status":"closed","template":"","meta":{"footnotes":""},"class_list":["post-6605","page","type-page","status-publish","hentry"],"yoast_head":"<!-- This site is optimized with the Yoast SEO plugin v27.3 - https:\/\/yoast.com\/product\/yoast-seo-wordpress\/ -->\n<title>Kariera - GiPA<\/title>\n<meta name=\"robots\" content=\"index, follow, max-snippet:-1, max-image-preview:large, max-video-preview:-1\" \/>\n<link rel=\"canonical\" href=\"https:\/\/www.gipa.eu\/careers\/\" \/>\n<meta property=\"og:locale\" content=\"pl_PL\" \/>\n<meta property=\"og:type\" content=\"article\" \/>\n<meta property=\"og:title\" content=\"Kariera - GiPA\" \/>\n<meta property=\"og:description\" content=\"[vc_row][vc_column width=&#8221;2\/3&#8243; css=&#8221;.vc_custom_1451384347116{padding-top: 30px !important;}&#8221;][textbar style=&#8221;style_2&#8243; button_title=&#8221;Aplikuj teraz&#8221; button_link=&#8221;\/pl\/spontaneous-applications\/&#8221; icon=&#8221;steadysets-icon-type&#8221;] Czy jeste\u015b zainteresowany prac\u0105 w firmie nieb\u0119d\u0105cej korporacj\u0105, kt\u00f3ra jest liderem w swojej bran\u017cy i dzia\u0142a w ponad 30 krajach? &nbsp; GiPA poszukuje nowych, utalentowanych ludzi do naszego zespo\u0142u. Do\u0142\u0105cz do nas! [\/textbar][\/vc_column][vc_column width=&#8221;1\/3&#8243;][vc_single_image image=&#8221;4264&#8243; img_size=&#8221;medium&#8221; alignment=&#8221;right&#8221;][\/vc_column][\/vc_row][vc_row][vc_column width=&#8221;2\/3&#8243;][vc_column_text] Poszukujemy na stanowiska [\/vc_column_text][vc_column_text][\/vc_column_text][\/vc_column][vc_column width=&#8221;1\/3&#8243;][\/vc_column][\/vc_row]\" \/>\n<meta property=\"og:url\" content=\"https:\/\/www.gipa.eu\/careers\/\" \/>\n<meta property=\"og:site_name\" content=\"GiPA\" \/>\n<meta property=\"article:modified_time\" content=\"2016-03-04T17:22:05+00:00\" \/>\n<meta name=\"twitter:card\" content=\"summary_large_image\" \/>\n<meta name=\"twitter:label1\" content=\"Szacowany czas czytania\" \/>\n\t<meta name=\"twitter:data1\" content=\"1 minuta\" \/>\n<script type=\"application\/ld+json\" class=\"yoast-schema-graph\">{\"@context\":\"https:\\\/\\\/schema.org\",\"@graph\":[{\"@type\":\"WebPage\",\"@id\":\"https:\\\/\\\/www.gipa.eu\\\/careers\\\/\",\"url\":\"https:\\\/\\\/www.gipa.eu\\\/careers\\\/\",\"name\":\"Kariera - GiPA\",\"isPartOf\":{\"@id\":\"https:\\\/\\\/www.gipa.eu\\\/#website\"},\"datePublished\":\"2015-11-13T15:19:34+00:00\",\"dateModified\":\"2016-03-04T17:22:05+00:00\",\"breadcrumb\":{\"@id\":\"https:\\\/\\\/www.gipa.eu\\\/careers\\\/#breadcrumb\"},\"inLanguage\":\"pl-PL\",\"potentialAction\":[{\"@type\":\"ReadAction\",\"target\":[\"https:\\\/\\\/www.gipa.eu\\\/careers\\\/\"]}]},{\"@type\":\"BreadcrumbList\",\"@id\":\"https:\\\/\\\/www.gipa.eu\\\/careers\\\/#breadcrumb\",\"itemListElement\":[{\"@type\":\"ListItem\",\"position\":1,\"name\":\"Home\",\"item\":\"https:\\\/\\\/www.gipa.eu\\\/\"},{\"@type\":\"ListItem\",\"position\":2,\"name\":\"Kariera\"}]},{\"@type\":\"WebSite\",\"@id\":\"https:\\\/\\\/www.gipa.eu\\\/#website\",\"url\":\"https:\\\/\\\/www.gipa.eu\\\/\",\"name\":\"GiPA\",\"description\":\"Solutions for parts &amp; services intelligence\",\"publisher\":{\"@id\":\"https:\\\/\\\/www.gipa.eu\\\/#organization\"},\"potentialAction\":[{\"@type\":\"SearchAction\",\"target\":{\"@type\":\"EntryPoint\",\"urlTemplate\":\"https:\\\/\\\/www.gipa.eu\\\/?s={search_term_string}\"},\"query-input\":{\"@type\":\"PropertyValueSpecification\",\"valueRequired\":true,\"valueName\":\"search_term_string\"}}],\"inLanguage\":\"pl-PL\"},{\"@type\":\"Organization\",\"@id\":\"https:\\\/\\\/www.gipa.eu\\\/#organization\",\"name\":\"GiPA\",\"url\":\"https:\\\/\\\/www.gipa.eu\\\/\",\"logo\":{\"@type\":\"ImageObject\",\"inLanguage\":\"pl-PL\",\"@id\":\"https:\\\/\\\/www.gipa.eu\\\/#\\\/schema\\\/logo\\\/image\\\/\",\"url\":\"https:\\\/\\\/www.gipa.eu\\\/wp-content\\\/uploads\\\/2015\\\/12\\\/gipa.png\",\"contentUrl\":\"https:\\\/\\\/www.gipa.eu\\\/wp-content\\\/uploads\\\/2015\\\/12\\\/gipa.png\",\"width\":428,\"height\":136,\"caption\":\"GiPA\"},\"image\":{\"@id\":\"https:\\\/\\\/www.gipa.eu\\\/#\\\/schema\\\/logo\\\/image\\\/\"}}]}<\/script>\n<!-- \/ Yoast SEO plugin. -->","yoast_head_json":{"title":"Kariera - GiPA","robots":{"index":"index","follow":"follow","max-snippet":"max-snippet:-1","max-image-preview":"max-image-preview:large","max-video-preview":"max-video-preview:-1"},"canonical":"https:\/\/www.gipa.eu\/careers\/","og_locale":"pl_PL","og_type":"article","og_title":"Kariera - GiPA","og_description":"[vc_row][vc_column width=&#8221;2\/3&#8243; css=&#8221;.vc_custom_1451384347116{padding-top: 30px !important;}&#8221;][textbar style=&#8221;style_2&#8243; button_title=&#8221;Aplikuj teraz&#8221; button_link=&#8221;\/pl\/spontaneous-applications\/&#8221; icon=&#8221;steadysets-icon-type&#8221;] Czy jeste\u015b zainteresowany prac\u0105 w firmie nieb\u0119d\u0105cej korporacj\u0105, kt\u00f3ra jest liderem w swojej bran\u017cy i dzia\u0142a w ponad 30 krajach? &nbsp; GiPA poszukuje nowych, utalentowanych ludzi do naszego zespo\u0142u. Do\u0142\u0105cz do nas! [\/textbar][\/vc_column][vc_column width=&#8221;1\/3&#8243;][vc_single_image image=&#8221;4264&#8243; img_size=&#8221;medium&#8221; alignment=&#8221;right&#8221;][\/vc_column][\/vc_row][vc_row][vc_column width=&#8221;2\/3&#8243;][vc_column_text] Poszukujemy na stanowiska [\/vc_column_text][vc_column_text][\/vc_column_text][\/vc_column][vc_column width=&#8221;1\/3&#8243;][\/vc_column][\/vc_row]","og_url":"https:\/\/www.gipa.eu\/careers\/","og_site_name":"GiPA","article_modified_time":"2016-03-04T17:22:05+00:00","twitter_card":"summary_large_image","twitter_misc":{"Szacowany czas czytania":"1 minuta"},"schema":{"@context":"https:\/\/schema.org","@graph":[{"@type":"WebPage","@id":"https:\/\/www.gipa.eu\/careers\/","url":"https:\/\/www.gipa.eu\/careers\/","name":"Kariera - GiPA","isPartOf":{"@id":"https:\/\/www.gipa.eu\/#website"},"datePublished":"2015-11-13T15:19:34+00:00","dateModified":"2016-03-04T17:22:05+00:00","breadcrumb":{"@id":"https:\/\/www.gipa.eu\/careers\/#breadcrumb"},"inLanguage":"pl-PL","potentialAction":[{"@type":"ReadAction","target":["https:\/\/www.gipa.eu\/careers\/"]}]},{"@type":"BreadcrumbList","@id":"https:\/\/www.gipa.eu\/careers\/#breadcrumb","itemListElement":[{"@type":"ListItem","position":1,"name":"Home","item":"https:\/\/www.gipa.eu\/"},{"@type":"ListItem","position":2,"name":"Kariera"}]},{"@type":"WebSite","@id":"https:\/\/www.gipa.eu\/#website","url":"https:\/\/www.gipa.eu\/","name":"GiPA","description":"Solutions for parts &amp; services intelligence","publisher":{"@id":"https:\/\/www.gipa.eu\/#organization"},"potentialAction":[{"@type":"SearchAction","target":{"@type":"EntryPoint","urlTemplate":"https:\/\/www.gipa.eu\/?s={search_term_string}"},"query-input":{"@type":"PropertyValueSpecification","valueRequired":true,"valueName":"search_term_string"}}],"inLanguage":"pl-PL"},{"@type":"Organization","@id":"https:\/\/www.gipa.eu\/#organization","name":"GiPA","url":"https:\/\/www.gipa.eu\/","logo":{"@type":"ImageObject","inLanguage":"pl-PL","@id":"https:\/\/www.gipa.eu\/#\/schema\/logo\/image\/","url":"https:\/\/www.gipa.eu\/wp-content\/uploads\/2015\/12\/gipa.png","contentUrl":"https:\/\/www.gipa.eu\/wp-content\/uploads\/2015\/12\/gipa.png","width":428,"height":136,"caption":"GiPA"},"image":{"@id":"https:\/\/www.gipa.eu\/#\/schema\/logo\/image\/"}}]}},"_links":{"self":[{"href":"https:\/\/www.gipa.eu\/pl\/wp-json\/wp\/v2\/pages\/6605","targetHints":{"allow":["GET"]}}],"collection":[{"href":"https:\/\/www.gipa.eu\/pl\/wp-json\/wp\/v2\/pages"}],"about":[{"href":"https:\/\/www.gipa.eu\/pl\/wp-json\/wp\/v2\/types\/page"}],"author":[{"embeddable":true,"href":"https:\/\/www.gipa.eu\/pl\/wp-json\/wp\/v2\/users\/8"}],"replies":[{"embeddable":true,"href":"https:\/\/www.gipa.eu\/pl\/wp-json\/wp\/v2\/comments?post=6605"}],"version-history":[{"count":0,"href":"https:\/\/www.gipa.eu\/pl\/wp-json\/wp\/v2\/pages\/6605\/revisions"}],"wp:attachment":[{"href":"https:\/\/www.gipa.eu\/pl\/wp-json\/wp\/v2\/media?parent=6605"}],"curies":[{"name":"wp","href":"https:\/\/api.w.org\/{rel}","templated":true}]}}