
{"id":14005,"date":"2019-04-19T10:31:06","date_gmt":"2019-04-19T09:31:06","guid":{"rendered":"https:\/\/www.gipa.eu\/?page_id=14005"},"modified":"2026-03-30T18:36:34","modified_gmt":"2026-03-30T17:36:34","slug":"contact-us","status":"publish","type":"page","link":"https:\/\/www.gipa.eu\/tr\/contact-us\/","title":{"rendered":"Bizimle \u0130leti\u015fime Ge\u00e7in"},"content":{"rendered":"<div class=\"wpb-content-wrapper\"><p>[vc_row][vc_column][vc_column_text]<div id=\"mapplic1\"><\/div>[\/vc_column_text][vc_row_inner][vc_column_inner width=&#8221;1\/4&#8243;][vc_column_text]<h2 class=\"shortcode_h2\">Avrupa<\/h2><\/p>\n<ul>\n<li><a href=\"https:\/\/www.gipa.eu\/tr\/contact-us\/belgique\/\">Bel\u00e7ika<\/a><\/li>\n<li><a href=\"https:\/\/www.gipa.eu\/tr\/contact-us\/germany\/\">Almanya<\/a><\/li>\n<li><a href=\"https:\/\/www.gipa.eu\/tr\/contact-us\/spain\/\">\u0130spanya<\/a><\/li>\n<li><a href=\"https:\/\/www.gipa.eu\/tr\/contact-us\/france\/\">Fransa<\/a><\/li>\n<li><a href=\"https:\/\/www.gipa.eu\/tr\/contact-us\/italy\/\">\u0130talya<\/a><\/li>\n<li><a href=\"https:\/\/www.gipa.eu\/tr\/contact-us\/netherlands\/\">Hollanda<\/a><\/li>\n<li><a href=\"https:\/\/www.gipa.eu\/tr\/contact-us\/poland\/\">Polonya<\/a><\/li>\n<li><a href=\"https:\/\/www.gipa.eu\/tr\/contact-us\/portugal\/\">Portekiz<\/a><\/li>\n<li><a href=\"https:\/\/www.gipa.eu\/tr\/contact-us\/united-kingdom\/\">Birle\u015fik Krall\u0131k<\/a><\/li>\n<li><a href=\"https:\/\/www.gipa.eu\/tr\/contact-us\/turkey\/\">Turkey<\/a><\/li>\n<li><a href=\"https:\/\/www.gipa.eu\/zh-hans\/contact-us\/ukraine\/\">Ukraine<\/a><\/li>\n<li><a href=\"https:\/\/www.gipa.eu\/tr\/contact-us\/europe\/\">Di\u011fer \u00dclkeler<\/a><\/li>\n<\/ul>\n<p>[\/vc_column_text][\/vc_column_inner][vc_column_inner width=&#8221;1\/4&#8243;][vc_column_text]<h2 class=\"shortcode_h2\">Asya<\/h2><\/p>\n<ul>\n<li><a href=\"https:\/\/www.gipa.eu\/tr\/contact-us\/china\/\">\u00c7in<\/a><\/li>\n<li><a href=\"https:\/\/www.gipa.eu\/tr\/contact-us\/india\/\">Hindistan<\/a><\/li>\n<li><a href=\"https:\/\/www.gipa.eu\/tr\/contact-us\/indonesia\/\">Endonezya<\/a><\/li>\n<li><a href=\"https:\/\/www.gipa.eu\/tr\/contact-us\/japan\/\">Japonya<\/a><\/li>\n<li><a href=\"https:\/\/www.gipa.eu\/tr\/contact-us\/malaysia\/\">Malezya<\/a><\/li>\n<li><a href=\"https:\/\/www.gipa.eu\/tr\/contact-us\/south-korea\/\">G\u00fcney Kore<\/a><\/li>\n<li><a href=\"https:\/\/www.gipa.eu\/tr\/contact-us\/thailand\/\">Tayland<\/a><\/li>\n<li><a href=\"https:\/\/www.gipa.eu\/tr\/contact-us\/vietnam\/\">Vietnam<\/a><\/li>\n<li><a href=\"https:\/\/www.gipa.eu\/tr\/contact-us\/asia\/\">Di\u011fer \u00fclkeler<\/a><\/li>\n<\/ul>\n<p>[\/vc_column_text][\/vc_column_inner][vc_column_inner width=&#8221;1\/4&#8243;][vc_column_text]<h2 class=\"shortcode_h2\">Amerika<\/h2><\/p>\n<ul>\n<li><a href=\"https:\/\/www.gipa.eu\/tr\/contact-us\/argentina\/\">Arjantin<\/a><\/li>\n<li><a href=\"https:\/\/www.gipa.eu\/tr\/contact-us\/brazil\/\">Brezilya<\/a><\/li>\n<li><a href=\"https:\/\/www.gipa.eu\/tr\/contact-us\/central-america\/\">Orta Amerika<\/a><\/li>\n<li><a href=\"https:\/\/www.gipa.eu\/tr\/contact-us\/chile\/\">\u015eili<\/a><\/li>\n<li><a href=\"https:\/\/www.gipa.eu\/tr\/contact-us\/colombia\/\">Kolombiya<\/a><\/li>\n<li><a href=\"https:\/\/www.gipa.eu\/tr\/contact-us\/ecuador\/\">Ekvador<\/a><\/li>\n<li><a href=\"https:\/\/www.gipa.eu\/tr\/contact-us\/mexico\/\">Meksika<\/a><\/li>\n<li><a href=\"https:\/\/www.gipa.eu\/tr\/contact-us\/peru\/\">Peru<\/a><\/li>\n<li><a href=\"https:\/\/www.gipa.eu\/tr\/contact-us\/dominican-republic\/\">Dominik Cumhuriyeti<\/a><\/li>\n<li><a href=\"https:\/\/www.gipa.eu\/tr\/contact-us\/america\/\">Di\u011fer \u00fclkeler<\/a><\/li>\n<\/ul>\n<p>[\/vc_column_text][\/vc_column_inner][vc_column_inner width=&#8221;1\/4&#8243;][vc_column_text]<h2 class=\"shortcode_h2\">Afrika<\/h2><\/p>\n<ul>\n<li><a href=\"https:\/\/www.gipa.eu\/tr\/contact-us\/south-africa\/\">G\u00fcney Afrika<\/a><\/li>\n<li><a href=\"https:\/\/www.gipa.eu\/tr\/contact-us\/algeria\/\">Cezayir<\/a><\/li>\n<li><a href=\"https:\/\/www.gipa.eu\/tr\/contact-us\/morocco\/\">Fas<\/a><\/li>\n<li><a href=\"https:\/\/www.gipa.eu\/tr\/contact-us\/africa\/\">Di\u011fer \u00fclkeler<\/a><\/li>\n<\/ul>\n<p>[\/vc_column_text][\/vc_column_inner][\/vc_row_inner][vc_column_text]GiPA&#8217;ya sa\u011flanan verilerin kullan\u0131m\u0131na ili\u015fkin r\u0131zan\u0131n geri \u00e7ekilmesi de dahil olmak \u00fczere haklar\u0131n\u0131z\u0131 bilmek ve kullanmak i\u00e7in l\u00fctfen\u00a0<a href=\"https:\/\/www.gipa.eu\/tr\/privacy-policy-rgpd\/\" target=\"_blank\" rel=\"noopener noreferrer\">gizlilik politikam\u0131za<\/a> bak\u0131n.[\/vc_column_text][\/vc_column][\/vc_row][vc_row type=&#8221;full_width_background&#8221; bg_color=&#8221;#f79520&#8243; text_color=&#8221;light&#8221; top_padding=&#8221;45&#8243; bottom_padding=&#8221;70&#8243; class=&#8221;reduced-margin&#8221;][vc_column][textbar button_title=&#8221;Bize kat\u0131l&#8221; button_link=&#8221;\/tr\/careers\/&#8221; icon=&#8221;steadysets-icon-type&#8221;]<\/p>\n<h2>30\u2019dan fazla \u00fclkede mevcut ve kendi faaliyet alan\u0131nda lider ve<br \/>\nsizlere de\u011fer veren bir \u015firkette \u00e7al\u0131\u015fmak ister misiniz?<\/h2>\n<p>[\/textbar][\/vc_column][\/vc_row]<\/p>\n<\/div>","protected":false},"excerpt":{"rendered":"<p>[vc_row][vc_column][vc_column_text][\/vc_column_text][vc_row_inner][vc_column_inner width=&#8221;1\/4&#8243;][vc_column_text] Bel\u00e7ika Almanya \u0130spanya Fransa \u0130talya Hollanda Polonya Portekiz Birle\u015fik Krall\u0131k Turkey Ukraine Di\u011fer \u00dclkeler [\/vc_column_text][\/vc_column_inner][vc_column_inner width=&#8221;1\/4&#8243;][vc_column_text] \u00c7in Hindistan Endonezya Japonya Malezya G\u00fcney Kore Tayland Vietnam Di\u011fer \u00fclkeler [\/vc_column_text][\/vc_column_inner][vc_column_inner width=&#8221;1\/4&#8243;][vc_column_text] Arjantin Brezilya Orta Amerika \u015eili Kolombiya Ekvador Meksika Peru Dominik Cumhuriyeti Di\u011fer \u00fclkeler [\/vc_column_text][\/vc_column_inner][vc_column_inner width=&#8221;1\/4&#8243;][vc_column_text] G\u00fcney Afrika Cezayir Fas Di\u011fer \u00fclkeler [\/vc_column_text][\/vc_column_inner][\/vc_row_inner][vc_column_text]GiPA&#8217;ya sa\u011flanan verilerin [&hellip;]<\/p>\n","protected":false},"author":8,"featured_media":0,"parent":0,"menu_order":0,"comment_status":"closed","ping_status":"closed","template":"","meta":{"footnotes":""},"class_list":["post-14005","page","type-page","status-publish","hentry"],"yoast_head":"<!-- This site is optimized with the Yoast SEO plugin v27.3 - https:\/\/yoast.com\/product\/yoast-seo-wordpress\/ -->\n<title>Bizimle \u0130leti\u015fime Ge\u00e7in - GiPA<\/title>\n<meta name=\"robots\" content=\"index, follow, max-snippet:-1, max-image-preview:large, max-video-preview:-1\" \/>\n<link rel=\"canonical\" href=\"https:\/\/www.gipa.eu\/tr\/contact-us\/\" \/>\n<meta property=\"og:locale\" content=\"tr_TR\" \/>\n<meta property=\"og:type\" content=\"article\" \/>\n<meta property=\"og:title\" content=\"Bizimle \u0130leti\u015fime Ge\u00e7in - GiPA\" \/>\n<meta property=\"og:description\" content=\"[vc_row][vc_column][vc_column_text][\/vc_column_text][vc_row_inner][vc_column_inner width=&#8221;1\/4&#8243;][vc_column_text] Bel\u00e7ika Almanya \u0130spanya Fransa \u0130talya Hollanda Polonya Portekiz Birle\u015fik Krall\u0131k Turkey Ukraine Di\u011fer \u00dclkeler [\/vc_column_text][\/vc_column_inner][vc_column_inner width=&#8221;1\/4&#8243;][vc_column_text] \u00c7in Hindistan Endonezya Japonya Malezya G\u00fcney Kore Tayland Vietnam Di\u011fer \u00fclkeler [\/vc_column_text][\/vc_column_inner][vc_column_inner width=&#8221;1\/4&#8243;][vc_column_text] Arjantin Brezilya Orta Amerika \u015eili Kolombiya Ekvador Meksika Peru Dominik Cumhuriyeti Di\u011fer \u00fclkeler [\/vc_column_text][\/vc_column_inner][vc_column_inner width=&#8221;1\/4&#8243;][vc_column_text] G\u00fcney Afrika Cezayir Fas Di\u011fer \u00fclkeler [\/vc_column_text][\/vc_column_inner][\/vc_row_inner][vc_column_text]GiPA&#8217;ya sa\u011flanan verilerin [&hellip;]\" \/>\n<meta property=\"og:url\" content=\"https:\/\/www.gipa.eu\/tr\/contact-us\/\" \/>\n<meta property=\"og:site_name\" content=\"GiPA\" \/>\n<meta property=\"article:modified_time\" content=\"2026-03-30T17:36:34+00:00\" \/>\n<meta name=\"twitter:card\" content=\"summary_large_image\" \/>\n<meta name=\"twitter:label1\" content=\"Tahmini okuma s\u00fcresi\" \/>\n\t<meta name=\"twitter:data1\" content=\"1 dakika\" \/>\n<script type=\"application\/ld+json\" class=\"yoast-schema-graph\">{\"@context\":\"https:\\\/\\\/schema.org\",\"@graph\":[{\"@type\":\"WebPage\",\"@id\":\"https:\\\/\\\/www.gipa.eu\\\/tr\\\/contact-us\\\/\",\"url\":\"https:\\\/\\\/www.gipa.eu\\\/tr\\\/contact-us\\\/\",\"name\":\"Bizimle \u0130leti\u015fime Ge\u00e7in - GiPA\",\"isPartOf\":{\"@id\":\"https:\\\/\\\/www.gipa.eu\\\/#website\"},\"datePublished\":\"2019-04-19T09:31:06+00:00\",\"dateModified\":\"2026-03-30T17:36:34+00:00\",\"breadcrumb\":{\"@id\":\"https:\\\/\\\/www.gipa.eu\\\/tr\\\/contact-us\\\/#breadcrumb\"},\"inLanguage\":\"tr\",\"potentialAction\":[{\"@type\":\"ReadAction\",\"target\":[\"https:\\\/\\\/www.gipa.eu\\\/tr\\\/contact-us\\\/\"]}]},{\"@type\":\"BreadcrumbList\",\"@id\":\"https:\\\/\\\/www.gipa.eu\\\/tr\\\/contact-us\\\/#breadcrumb\",\"itemListElement\":[{\"@type\":\"ListItem\",\"position\":1,\"name\":\"Home\",\"item\":\"https:\\\/\\\/www.gipa.eu\\\/tr\\\/\"},{\"@type\":\"ListItem\",\"position\":2,\"name\":\"Bizimle \u0130leti\u015fime Ge\u00e7in\"}]},{\"@type\":\"WebSite\",\"@id\":\"https:\\\/\\\/www.gipa.eu\\\/#website\",\"url\":\"https:\\\/\\\/www.gipa.eu\\\/\",\"name\":\"GiPA\",\"description\":\"Solutions for parts &amp; services intelligence\",\"publisher\":{\"@id\":\"https:\\\/\\\/www.gipa.eu\\\/#organization\"},\"potentialAction\":[{\"@type\":\"SearchAction\",\"target\":{\"@type\":\"EntryPoint\",\"urlTemplate\":\"https:\\\/\\\/www.gipa.eu\\\/?s={search_term_string}\"},\"query-input\":{\"@type\":\"PropertyValueSpecification\",\"valueRequired\":true,\"valueName\":\"search_term_string\"}}],\"inLanguage\":\"tr\"},{\"@type\":\"Organization\",\"@id\":\"https:\\\/\\\/www.gipa.eu\\\/#organization\",\"name\":\"GiPA\",\"url\":\"https:\\\/\\\/www.gipa.eu\\\/\",\"logo\":{\"@type\":\"ImageObject\",\"inLanguage\":\"tr\",\"@id\":\"https:\\\/\\\/www.gipa.eu\\\/#\\\/schema\\\/logo\\\/image\\\/\",\"url\":\"https:\\\/\\\/www.gipa.eu\\\/wp-content\\\/uploads\\\/2015\\\/12\\\/gipa.png\",\"contentUrl\":\"https:\\\/\\\/www.gipa.eu\\\/wp-content\\\/uploads\\\/2015\\\/12\\\/gipa.png\",\"width\":428,\"height\":136,\"caption\":\"GiPA\"},\"image\":{\"@id\":\"https:\\\/\\\/www.gipa.eu\\\/#\\\/schema\\\/logo\\\/image\\\/\"}}]}<\/script>\n<!-- \/ Yoast SEO plugin. -->","yoast_head_json":{"title":"Bizimle \u0130leti\u015fime Ge\u00e7in - GiPA","robots":{"index":"index","follow":"follow","max-snippet":"max-snippet:-1","max-image-preview":"max-image-preview:large","max-video-preview":"max-video-preview:-1"},"canonical":"https:\/\/www.gipa.eu\/tr\/contact-us\/","og_locale":"tr_TR","og_type":"article","og_title":"Bizimle \u0130leti\u015fime Ge\u00e7in - GiPA","og_description":"[vc_row][vc_column][vc_column_text][\/vc_column_text][vc_row_inner][vc_column_inner width=&#8221;1\/4&#8243;][vc_column_text] Bel\u00e7ika Almanya \u0130spanya Fransa \u0130talya Hollanda Polonya Portekiz Birle\u015fik Krall\u0131k Turkey Ukraine Di\u011fer \u00dclkeler [\/vc_column_text][\/vc_column_inner][vc_column_inner width=&#8221;1\/4&#8243;][vc_column_text] \u00c7in Hindistan Endonezya Japonya Malezya G\u00fcney Kore Tayland Vietnam Di\u011fer \u00fclkeler [\/vc_column_text][\/vc_column_inner][vc_column_inner width=&#8221;1\/4&#8243;][vc_column_text] Arjantin Brezilya Orta Amerika \u015eili Kolombiya Ekvador Meksika Peru Dominik Cumhuriyeti Di\u011fer \u00fclkeler [\/vc_column_text][\/vc_column_inner][vc_column_inner width=&#8221;1\/4&#8243;][vc_column_text] G\u00fcney Afrika Cezayir Fas Di\u011fer \u00fclkeler [\/vc_column_text][\/vc_column_inner][\/vc_row_inner][vc_column_text]GiPA&#8217;ya sa\u011flanan verilerin [&hellip;]","og_url":"https:\/\/www.gipa.eu\/tr\/contact-us\/","og_site_name":"GiPA","article_modified_time":"2026-03-30T17:36:34+00:00","twitter_card":"summary_large_image","twitter_misc":{"Tahmini okuma s\u00fcresi":"1 dakika"},"schema":{"@context":"https:\/\/schema.org","@graph":[{"@type":"WebPage","@id":"https:\/\/www.gipa.eu\/tr\/contact-us\/","url":"https:\/\/www.gipa.eu\/tr\/contact-us\/","name":"Bizimle \u0130leti\u015fime Ge\u00e7in - GiPA","isPartOf":{"@id":"https:\/\/www.gipa.eu\/#website"},"datePublished":"2019-04-19T09:31:06+00:00","dateModified":"2026-03-30T17:36:34+00:00","breadcrumb":{"@id":"https:\/\/www.gipa.eu\/tr\/contact-us\/#breadcrumb"},"inLanguage":"tr","potentialAction":[{"@type":"ReadAction","target":["https:\/\/www.gipa.eu\/tr\/contact-us\/"]}]},{"@type":"BreadcrumbList","@id":"https:\/\/www.gipa.eu\/tr\/contact-us\/#breadcrumb","itemListElement":[{"@type":"ListItem","position":1,"name":"Home","item":"https:\/\/www.gipa.eu\/tr\/"},{"@type":"ListItem","position":2,"name":"Bizimle \u0130leti\u015fime Ge\u00e7in"}]},{"@type":"WebSite","@id":"https:\/\/www.gipa.eu\/#website","url":"https:\/\/www.gipa.eu\/","name":"GiPA","description":"Solutions for parts &amp; services intelligence","publisher":{"@id":"https:\/\/www.gipa.eu\/#organization"},"potentialAction":[{"@type":"SearchAction","target":{"@type":"EntryPoint","urlTemplate":"https:\/\/www.gipa.eu\/?s={search_term_string}"},"query-input":{"@type":"PropertyValueSpecification","valueRequired":true,"valueName":"search_term_string"}}],"inLanguage":"tr"},{"@type":"Organization","@id":"https:\/\/www.gipa.eu\/#organization","name":"GiPA","url":"https:\/\/www.gipa.eu\/","logo":{"@type":"ImageObject","inLanguage":"tr","@id":"https:\/\/www.gipa.eu\/#\/schema\/logo\/image\/","url":"https:\/\/www.gipa.eu\/wp-content\/uploads\/2015\/12\/gipa.png","contentUrl":"https:\/\/www.gipa.eu\/wp-content\/uploads\/2015\/12\/gipa.png","width":428,"height":136,"caption":"GiPA"},"image":{"@id":"https:\/\/www.gipa.eu\/#\/schema\/logo\/image\/"}}]}},"_links":{"self":[{"href":"https:\/\/www.gipa.eu\/tr\/wp-json\/wp\/v2\/pages\/14005","targetHints":{"allow":["GET"]}}],"collection":[{"href":"https:\/\/www.gipa.eu\/tr\/wp-json\/wp\/v2\/pages"}],"about":[{"href":"https:\/\/www.gipa.eu\/tr\/wp-json\/wp\/v2\/types\/page"}],"author":[{"embeddable":true,"href":"https:\/\/www.gipa.eu\/tr\/wp-json\/wp\/v2\/users\/8"}],"replies":[{"embeddable":true,"href":"https:\/\/www.gipa.eu\/tr\/wp-json\/wp\/v2\/comments?post=14005"}],"version-history":[{"count":1,"href":"https:\/\/www.gipa.eu\/tr\/wp-json\/wp\/v2\/pages\/14005\/revisions"}],"predecessor-version":[{"id":29326,"href":"https:\/\/www.gipa.eu\/tr\/wp-json\/wp\/v2\/pages\/14005\/revisions\/29326"}],"wp:attachment":[{"href":"https:\/\/www.gipa.eu\/tr\/wp-json\/wp\/v2\/media?parent=14005"}],"curies":[{"name":"wp","href":"https:\/\/api.w.org\/{rel}","templated":true}]}}