
{"id":14093,"date":"2016-02-16T16:44:28","date_gmt":"2016-02-16T15:44:28","guid":{"rendered":"https:\/\/www.gipa.eu\/contact-us\/malaysia\/"},"modified":"2019-04-19T10:57:32","modified_gmt":"2019-04-19T09:57:32","slug":"malaysia","status":"publish","type":"page","link":"https:\/\/www.gipa.eu\/tr\/contact-us\/malaysia\/","title":{"rendered":"Malezya"},"content":{"rendered":"<div class=\"row\">\n        <div class=\"span4\">\n                        Unit 21-2 Block F, Jalan PJS 5\/30,<br \/>\r\nPetaling Jaya Commercial Centre (PJCC),<br \/>\r\n46000 Petaling Jaya, Selangor          <p>\n                  Telefon: +603 (7781) 1509                  <\/p>\n        <div class=\"clearfix\">\n                        &nbsp;\n                    <\/div>\n                    <iframe loading=\"lazy\"  width=\"100%\" height=\"200\" frameborder=\"0\" style=\"border:0\" allowfullscreen=\"allowfullscreen\" src=\"https:\/\/www.google.com\/maps\/embed?pb=!1m18!1m12!1m3!1d3984.0588072560126!2d101.62403131418931!3d3.0789753544400598!2m3!1f0!2f0!3f0!3m2!1i1024!2i768!4f13.1!3m3!1m2!1s0x31cc4b84a4f079eb%3A0x6c61ebf5162cdc17!2sIn3+Data+Solutions+Sdn.+Bhd.!5e0!3m2!1sfr!2sfr!4v1461314532302\" ><\/iframe>\n            <\/div>\n        <div class=\"span8\">\n                            \n        <!-- script recaptcha -->\n        <script src=\"https:\/\/www.google.com\/recaptcha\/api.js\"><\/script>\n\n        <script src=\"https:\/\/www.google.com\/recaptcha\/api.js?render=6LdgBYAaAAAAAGutMI62k7U1HlGw1gC1qVmMmBwT\"><\/script>\n        <script>\n            grecaptcha.ready(function () {\n                grecaptcha.execute('6LdgBYAaAAAAAGutMI62k7U1HlGw1gC1qVmMmBwT', { action: 'contact' }).then(function (token) {\n                    var recaptchaResponse = document.getElementById('recaptchaResponse');\n                    recaptchaResponse.value = token;\n                });\n            });\n        <\/script>\n\n        <form class = \"form-horizontal\" role = \"form\" id = \"contactForm\" method = \"post\">\n\n            <div class = \"control-group\">\n                <label class=\"control-label\" for=\"name\">Ad\u0131n\u0131z (gereklidir)<\/label>\n                <div class=\"controls\">\n                    <input required=\"required\" class=\"input-block-level\" type=\"text\" id=\"name\" name=\"contact[name]\" placeholder=\"\" value=\"\" \/>\n                                    <\/div>\n            <\/div>\n\n            \n            <div class=\"control-group\">\n                <label class=\"control-label\" for=\"email\">E-posta adresiniz (gereklidir)<\/label>\n                <div class=\"controls\">\n                    <input required=\"required\" class=\"input-block-level\" type=\"email\" id=\"email\" name=\"contact[email]\" placeholder=\"\" value=\"\" \/>\n                                    <\/div>\n            <\/div>\n\n            \n                        <div class=\"control-group\">\n                <label class=\"control-label\" for=\"message\">Mesaj\u0131n\u0131z (gereklidir)<\/label>\n                <div class=\"controls\">\n                    <textarea required=\"required\" class=\"input-block-level\"  name=\"contact[message]\" id=\"message\" cols=\"40\" rows=\"10\"><\/textarea>\n                                    <\/div>\n            <\/div>\n            \n            <div class=\"control-group\" style=\"margin-left=15px;\">\n            <label for=\"consent\">\n                <input required=\"required\" class=\"input-block-level\" type=\"checkbox\" id=\"consent\" name=\"contact[consent]\" style=\"position:relative; bottom:2px;\" value=\"Girilen bilgilerin yaln\u0131zca iste\u011fimin y\u00f6netilmesine yard\u0131mc\u0131 olmak i\u00e7in kullan\u0131ld\u0131\u011f\u0131n\u0131 kabul ediyorum.\r\n\" \/>\n            Girilen bilgilerin yaln\u0131zca iste\u011fimin y\u00f6netilmesine yard\u0131mc\u0131 olmak i\u00e7in kullan\u0131ld\u0131\u011f\u0131n\u0131 kabul ediyorum.\r\n            <\/label>\n                \n            <\/div>\n\n            <div class=\"form-actions\">\n                <button type=\"submit\" name=\"form\" class=\"btn-bt default\">G\u00f6nder<\/button>\n            <\/div>\n\n            <input type=\"hidden\" name=\"recaptcha_response\" id=\"recaptchaResponse\">\n\n                        <p>GiPA'ya sa\u011flanan verilerin kullan\u0131m\u0131na ili\u015fkin r\u0131zan\u0131n geri \u00e7ekilmesi de dahil olmak \u00fczere haklar\u0131n\u0131z\u0131 bilmek ve kullanmak i\u00e7in l\u00fctfen <a href=\"\/tr\/privacy-policy-rgpd\">gizlilik politikam\u0131za<\/a> bak\u0131n.<\/p>\n                    <\/form>\n    <\/div>\n<\/div>\n\n","protected":false},"excerpt":{"rendered":"Unit 21-2 Block F, Jalan PJS 5\/30, Petaling Jaya Commercial Centre (PJCC), 46000 Petaling Jaya, Selangor Telefon: +603 (7781) 1509 &nbsp; Ad\u0131n\u0131z (gereklidir) E-posta adresiniz (gereklidir) Mesaj\u0131n\u0131z (gereklidir) Girilen bilgilerin yaln\u0131zca iste\u011fimin y\u00f6netilmesine yard\u0131mc\u0131 olmak i\u00e7in kullan\u0131ld\u0131\u011f\u0131n\u0131 kabul ediyorum. G\u00f6nder GiPA'ya sa\u011flanan verilerin kullan\u0131m\u0131na ili\u015fkin r\u0131zan\u0131n geri \u00e7ekilmesi de dahil olmak \u00fczere haklar\u0131n\u0131z\u0131 bilmek ve [...]","protected":false},"author":8,"featured_media":0,"parent":14005,"menu_order":0,"comment_status":"closed","ping_status":"closed","template":"","meta":{"footnotes":""},"class_list":["post-14093","page","type-page","status-publish","hentry"],"yoast_head":"<!-- This site is optimized with the Yoast SEO plugin v27.3 - https:\/\/yoast.com\/product\/yoast-seo-wordpress\/ -->\n<title>Malezya - GiPA<\/title>\n<meta name=\"robots\" content=\"index, follow, max-snippet:-1, max-image-preview:large, max-video-preview:-1\" \/>\n<link rel=\"canonical\" href=\"https:\/\/www.gipa.eu\/contact-us\/malaysia\/\" \/>\n<meta property=\"og:locale\" content=\"tr_TR\" \/>\n<meta property=\"og:type\" content=\"article\" \/>\n<meta property=\"og:title\" content=\"Malezya - GiPA\" \/>\n<meta property=\"og:url\" content=\"https:\/\/www.gipa.eu\/contact-us\/malaysia\/\" \/>\n<meta property=\"og:site_name\" content=\"GiPA\" \/>\n<meta property=\"article:modified_time\" content=\"2019-04-19T09:57:32+00:00\" \/>\n<meta name=\"twitter:card\" content=\"summary_large_image\" \/>\n<script type=\"application\/ld+json\" class=\"yoast-schema-graph\">{\"@context\":\"https:\\\/\\\/schema.org\",\"@graph\":[{\"@type\":\"WebPage\",\"@id\":\"https:\\\/\\\/www.gipa.eu\\\/contact-us\\\/malaysia\\\/\",\"url\":\"https:\\\/\\\/www.gipa.eu\\\/contact-us\\\/malaysia\\\/\",\"name\":\"Malezya - GiPA\",\"isPartOf\":{\"@id\":\"https:\\\/\\\/www.gipa.eu\\\/#website\"},\"datePublished\":\"2016-02-16T15:44:28+00:00\",\"dateModified\":\"2019-04-19T09:57:32+00:00\",\"breadcrumb\":{\"@id\":\"https:\\\/\\\/www.gipa.eu\\\/contact-us\\\/malaysia\\\/#breadcrumb\"},\"inLanguage\":\"tr\",\"potentialAction\":[{\"@type\":\"ReadAction\",\"target\":[\"https:\\\/\\\/www.gipa.eu\\\/contact-us\\\/malaysia\\\/\"]}]},{\"@type\":\"BreadcrumbList\",\"@id\":\"https:\\\/\\\/www.gipa.eu\\\/contact-us\\\/malaysia\\\/#breadcrumb\",\"itemListElement\":[{\"@type\":\"ListItem\",\"position\":1,\"name\":\"Home\",\"item\":\"https:\\\/\\\/www.gipa.eu\\\/tr\\\/\"},{\"@type\":\"ListItem\",\"position\":2,\"name\":\"Bizimle \u0130leti\u015fime Ge\u00e7in\",\"item\":\"https:\\\/\\\/www.gipa.eu\\\/tr\\\/contact-us\\\/\"},{\"@type\":\"ListItem\",\"position\":3,\"name\":\"Malezya\"}]},{\"@type\":\"WebSite\",\"@id\":\"https:\\\/\\\/www.gipa.eu\\\/#website\",\"url\":\"https:\\\/\\\/www.gipa.eu\\\/\",\"name\":\"GiPA\",\"description\":\"Solutions for parts &amp; services intelligence\",\"publisher\":{\"@id\":\"https:\\\/\\\/www.gipa.eu\\\/#organization\"},\"potentialAction\":[{\"@type\":\"SearchAction\",\"target\":{\"@type\":\"EntryPoint\",\"urlTemplate\":\"https:\\\/\\\/www.gipa.eu\\\/?s={search_term_string}\"},\"query-input\":{\"@type\":\"PropertyValueSpecification\",\"valueRequired\":true,\"valueName\":\"search_term_string\"}}],\"inLanguage\":\"tr\"},{\"@type\":\"Organization\",\"@id\":\"https:\\\/\\\/www.gipa.eu\\\/#organization\",\"name\":\"GiPA\",\"url\":\"https:\\\/\\\/www.gipa.eu\\\/\",\"logo\":{\"@type\":\"ImageObject\",\"inLanguage\":\"tr\",\"@id\":\"https:\\\/\\\/www.gipa.eu\\\/#\\\/schema\\\/logo\\\/image\\\/\",\"url\":\"https:\\\/\\\/www.gipa.eu\\\/wp-content\\\/uploads\\\/2015\\\/12\\\/gipa.png\",\"contentUrl\":\"https:\\\/\\\/www.gipa.eu\\\/wp-content\\\/uploads\\\/2015\\\/12\\\/gipa.png\",\"width\":428,\"height\":136,\"caption\":\"GiPA\"},\"image\":{\"@id\":\"https:\\\/\\\/www.gipa.eu\\\/#\\\/schema\\\/logo\\\/image\\\/\"}}]}<\/script>\n<!-- \/ Yoast SEO plugin. -->","yoast_head_json":{"title":"Malezya - GiPA","robots":{"index":"index","follow":"follow","max-snippet":"max-snippet:-1","max-image-preview":"max-image-preview:large","max-video-preview":"max-video-preview:-1"},"canonical":"https:\/\/www.gipa.eu\/contact-us\/malaysia\/","og_locale":"tr_TR","og_type":"article","og_title":"Malezya - GiPA","og_url":"https:\/\/www.gipa.eu\/contact-us\/malaysia\/","og_site_name":"GiPA","article_modified_time":"2019-04-19T09:57:32+00:00","twitter_card":"summary_large_image","schema":{"@context":"https:\/\/schema.org","@graph":[{"@type":"WebPage","@id":"https:\/\/www.gipa.eu\/contact-us\/malaysia\/","url":"https:\/\/www.gipa.eu\/contact-us\/malaysia\/","name":"Malezya - GiPA","isPartOf":{"@id":"https:\/\/www.gipa.eu\/#website"},"datePublished":"2016-02-16T15:44:28+00:00","dateModified":"2019-04-19T09:57:32+00:00","breadcrumb":{"@id":"https:\/\/www.gipa.eu\/contact-us\/malaysia\/#breadcrumb"},"inLanguage":"tr","potentialAction":[{"@type":"ReadAction","target":["https:\/\/www.gipa.eu\/contact-us\/malaysia\/"]}]},{"@type":"BreadcrumbList","@id":"https:\/\/www.gipa.eu\/contact-us\/malaysia\/#breadcrumb","itemListElement":[{"@type":"ListItem","position":1,"name":"Home","item":"https:\/\/www.gipa.eu\/tr\/"},{"@type":"ListItem","position":2,"name":"Bizimle \u0130leti\u015fime Ge\u00e7in","item":"https:\/\/www.gipa.eu\/tr\/contact-us\/"},{"@type":"ListItem","position":3,"name":"Malezya"}]},{"@type":"WebSite","@id":"https:\/\/www.gipa.eu\/#website","url":"https:\/\/www.gipa.eu\/","name":"GiPA","description":"Solutions for parts &amp; services intelligence","publisher":{"@id":"https:\/\/www.gipa.eu\/#organization"},"potentialAction":[{"@type":"SearchAction","target":{"@type":"EntryPoint","urlTemplate":"https:\/\/www.gipa.eu\/?s={search_term_string}"},"query-input":{"@type":"PropertyValueSpecification","valueRequired":true,"valueName":"search_term_string"}}],"inLanguage":"tr"},{"@type":"Organization","@id":"https:\/\/www.gipa.eu\/#organization","name":"GiPA","url":"https:\/\/www.gipa.eu\/","logo":{"@type":"ImageObject","inLanguage":"tr","@id":"https:\/\/www.gipa.eu\/#\/schema\/logo\/image\/","url":"https:\/\/www.gipa.eu\/wp-content\/uploads\/2015\/12\/gipa.png","contentUrl":"https:\/\/www.gipa.eu\/wp-content\/uploads\/2015\/12\/gipa.png","width":428,"height":136,"caption":"GiPA"},"image":{"@id":"https:\/\/www.gipa.eu\/#\/schema\/logo\/image\/"}}]}},"_links":{"self":[{"href":"https:\/\/www.gipa.eu\/tr\/wp-json\/wp\/v2\/pages\/14093","targetHints":{"allow":["GET"]}}],"collection":[{"href":"https:\/\/www.gipa.eu\/tr\/wp-json\/wp\/v2\/pages"}],"about":[{"href":"https:\/\/www.gipa.eu\/tr\/wp-json\/wp\/v2\/types\/page"}],"author":[{"embeddable":true,"href":"https:\/\/www.gipa.eu\/tr\/wp-json\/wp\/v2\/users\/8"}],"replies":[{"embeddable":true,"href":"https:\/\/www.gipa.eu\/tr\/wp-json\/wp\/v2\/comments?post=14093"}],"version-history":[{"count":0,"href":"https:\/\/www.gipa.eu\/tr\/wp-json\/wp\/v2\/pages\/14093\/revisions"}],"up":[{"embeddable":true,"href":"https:\/\/www.gipa.eu\/tr\/wp-json\/wp\/v2\/pages\/14005"}],"wp:attachment":[{"href":"https:\/\/www.gipa.eu\/tr\/wp-json\/wp\/v2\/media?parent=14093"}],"curies":[{"name":"wp","href":"https:\/\/api.w.org\/{rel}","templated":true}]}}