
{"id":14127,"date":"2016-01-11T15:05:57","date_gmt":"2016-01-11T14:05:57","guid":{"rendered":"https:\/\/www.gipa.eu\/contact-us\/spain\/"},"modified":"2019-04-19T12:43:52","modified_gmt":"2019-04-19T11:43:52","slug":"spain","status":"publish","type":"page","link":"https:\/\/www.gipa.eu\/tr\/contact-us\/spain\/","title":{"rendered":"\u0130spanya"},"content":{"rendered":"<div class=\"row\">\n        <div class=\"span4\">\n                        C\/ Santa Engracia, 151\u00a0 4\u00ba 1\u00ba<br \/>\r\n28003 Madrid          <p>\n                  Telefon: + 34 91 535 84 60                  <\/p>\n        <div class=\"clearfix\">\n                        &nbsp;\n                    <\/div>\n                    <iframe loading=\"lazy\"  width=\"100%\" height=\"200\" frameborder=\"0\" style=\"border:0\" allowfullscreen=\"allowfullscreen\" src=\"https:\/\/www.google.com\/maps\/embed?pb=!1m18!1m12!1m3!1d3036.40768774957!2d-3.7050737842495804!3d40.44411276189694!2m3!1f0!2f0!3f0!3m2!1i1024!2i768!4f13.1!3m3!1m2!1s0xd4228f8081bff35%3A0x1ebedc7ce3fb683b!2sCalle+de+Sta+Engracia%2C+151%2C+28003+Madrid%2C+Espagne!5e0!3m2!1sfr!2sfr!4v1455630802179\" ><\/iframe>\n            <\/div>\n        <div class=\"span8\">\n                            \n        <!-- script recaptcha -->\n        <script src=\"https:\/\/www.google.com\/recaptcha\/api.js\"><\/script>\n\n        <script src=\"https:\/\/www.google.com\/recaptcha\/api.js?render=6LdgBYAaAAAAAGutMI62k7U1HlGw1gC1qVmMmBwT\"><\/script>\n        <script>\n            grecaptcha.ready(function () {\n                grecaptcha.execute('6LdgBYAaAAAAAGutMI62k7U1HlGw1gC1qVmMmBwT', { action: 'contact' }).then(function (token) {\n                    var recaptchaResponse = document.getElementById('recaptchaResponse');\n                    recaptchaResponse.value = token;\n                });\n            });\n        <\/script>\n\n        <form class = \"form-horizontal\" role = \"form\" id = \"contactForm\" method = \"post\">\n\n            <div class = \"control-group\">\n                <label class=\"control-label\" for=\"name\">Ad\u0131n\u0131z (gereklidir)<\/label>\n                <div class=\"controls\">\n                    <input required=\"required\" class=\"input-block-level\" type=\"text\" id=\"name\" name=\"contact[name]\" placeholder=\"\" value=\"\" \/>\n                                    <\/div>\n            <\/div>\n\n            \n            <div class=\"control-group\">\n                <label class=\"control-label\" for=\"email\">E-posta adresiniz (gereklidir)<\/label>\n                <div class=\"controls\">\n                    <input required=\"required\" class=\"input-block-level\" type=\"email\" id=\"email\" name=\"contact[email]\" placeholder=\"\" value=\"\" \/>\n                                    <\/div>\n            <\/div>\n\n            \n                        <div class=\"control-group\">\n                <label class=\"control-label\" for=\"message\">Mesaj\u0131n\u0131z (gereklidir)<\/label>\n                <div class=\"controls\">\n                    <textarea required=\"required\" class=\"input-block-level\"  name=\"contact[message]\" id=\"message\" cols=\"40\" rows=\"10\"><\/textarea>\n                                    <\/div>\n            <\/div>\n            \n            <div class=\"control-group\" style=\"margin-left=15px;\">\n            <label for=\"consent\">\n                <input required=\"required\" class=\"input-block-level\" type=\"checkbox\" id=\"consent\" name=\"contact[consent]\" style=\"position:relative; bottom:2px;\" value=\"Girilen bilgilerin yaln\u0131zca iste\u011fimin y\u00f6netilmesine yard\u0131mc\u0131 olmak i\u00e7in kullan\u0131ld\u0131\u011f\u0131n\u0131 kabul ediyorum.\r\n\" \/>\n            Girilen bilgilerin yaln\u0131zca iste\u011fimin y\u00f6netilmesine yard\u0131mc\u0131 olmak i\u00e7in kullan\u0131ld\u0131\u011f\u0131n\u0131 kabul ediyorum.\r\n            <\/label>\n                \n            <\/div>\n\n            <div class=\"form-actions\">\n                <button type=\"submit\" name=\"form\" class=\"btn-bt default\">G\u00f6nder<\/button>\n            <\/div>\n\n            <input type=\"hidden\" name=\"recaptcha_response\" id=\"recaptchaResponse\">\n\n                        <p>GiPA'ya sa\u011flanan verilerin kullan\u0131m\u0131na ili\u015fkin r\u0131zan\u0131n geri \u00e7ekilmesi de dahil olmak \u00fczere haklar\u0131n\u0131z\u0131 bilmek ve kullanmak i\u00e7in l\u00fctfen <a href=\"\/tr\/privacy-policy-rgpd\">gizlilik politikam\u0131za<\/a> bak\u0131n.<\/p>\n                    <\/form>\n    <\/div>\n<\/div>\n\n","protected":false},"excerpt":{"rendered":"C\/ Santa Engracia, 151\u00a0 4\u00ba 1\u00ba 28003 Madrid Telefon: + 34 91 535 84 60 &nbsp; Ad\u0131n\u0131z (gereklidir) E-posta adresiniz (gereklidir) Mesaj\u0131n\u0131z (gereklidir) Girilen bilgilerin yaln\u0131zca iste\u011fimin y\u00f6netilmesine yard\u0131mc\u0131 olmak i\u00e7in kullan\u0131ld\u0131\u011f\u0131n\u0131 kabul ediyorum. G\u00f6nder GiPA'ya sa\u011flanan verilerin kullan\u0131m\u0131na ili\u015fkin r\u0131zan\u0131n geri \u00e7ekilmesi de dahil olmak \u00fczere haklar\u0131n\u0131z\u0131 bilmek ve kullanmak i\u00e7in l\u00fctfen gizlilik politikam\u0131za [...]","protected":false},"author":8,"featured_media":0,"parent":14005,"menu_order":0,"comment_status":"closed","ping_status":"closed","template":"","meta":{"footnotes":""},"class_list":["post-14127","page","type-page","status-publish","hentry"],"yoast_head":"<!-- This site is optimized with the Yoast SEO plugin v27.3 - https:\/\/yoast.com\/product\/yoast-seo-wordpress\/ -->\n<title>\u0130spanya - GiPA<\/title>\n<meta name=\"robots\" content=\"index, follow, max-snippet:-1, max-image-preview:large, max-video-preview:-1\" \/>\n<link rel=\"canonical\" href=\"https:\/\/www.gipa.eu\/tr\/contact-us\/spain\/\" \/>\n<meta property=\"og:locale\" content=\"tr_TR\" \/>\n<meta property=\"og:type\" content=\"article\" \/>\n<meta property=\"og:title\" content=\"\u0130spanya - GiPA\" \/>\n<meta property=\"og:url\" content=\"https:\/\/www.gipa.eu\/tr\/contact-us\/spain\/\" \/>\n<meta property=\"og:site_name\" content=\"GiPA\" \/>\n<meta property=\"article:modified_time\" content=\"2019-04-19T11:43:52+00:00\" \/>\n<meta name=\"twitter:card\" content=\"summary_large_image\" \/>\n<script type=\"application\/ld+json\" class=\"yoast-schema-graph\">{\"@context\":\"https:\\\/\\\/schema.org\",\"@graph\":[{\"@type\":\"WebPage\",\"@id\":\"https:\\\/\\\/www.gipa.eu\\\/tr\\\/contact-us\\\/spain\\\/\",\"url\":\"https:\\\/\\\/www.gipa.eu\\\/tr\\\/contact-us\\\/spain\\\/\",\"name\":\"\u0130spanya - GiPA\",\"isPartOf\":{\"@id\":\"https:\\\/\\\/www.gipa.eu\\\/#website\"},\"datePublished\":\"2016-01-11T14:05:57+00:00\",\"dateModified\":\"2019-04-19T11:43:52+00:00\",\"breadcrumb\":{\"@id\":\"https:\\\/\\\/www.gipa.eu\\\/tr\\\/contact-us\\\/spain\\\/#breadcrumb\"},\"inLanguage\":\"tr\",\"potentialAction\":[{\"@type\":\"ReadAction\",\"target\":[\"https:\\\/\\\/www.gipa.eu\\\/tr\\\/contact-us\\\/spain\\\/\"]}]},{\"@type\":\"BreadcrumbList\",\"@id\":\"https:\\\/\\\/www.gipa.eu\\\/tr\\\/contact-us\\\/spain\\\/#breadcrumb\",\"itemListElement\":[{\"@type\":\"ListItem\",\"position\":1,\"name\":\"Home\",\"item\":\"https:\\\/\\\/www.gipa.eu\\\/tr\\\/\"},{\"@type\":\"ListItem\",\"position\":2,\"name\":\"Bizimle \u0130leti\u015fime Ge\u00e7in\",\"item\":\"https:\\\/\\\/www.gipa.eu\\\/tr\\\/contact-us\\\/\"},{\"@type\":\"ListItem\",\"position\":3,\"name\":\"\u0130spanya\"}]},{\"@type\":\"WebSite\",\"@id\":\"https:\\\/\\\/www.gipa.eu\\\/#website\",\"url\":\"https:\\\/\\\/www.gipa.eu\\\/\",\"name\":\"GiPA\",\"description\":\"Solutions for parts &amp; services intelligence\",\"publisher\":{\"@id\":\"https:\\\/\\\/www.gipa.eu\\\/#organization\"},\"potentialAction\":[{\"@type\":\"SearchAction\",\"target\":{\"@type\":\"EntryPoint\",\"urlTemplate\":\"https:\\\/\\\/www.gipa.eu\\\/?s={search_term_string}\"},\"query-input\":{\"@type\":\"PropertyValueSpecification\",\"valueRequired\":true,\"valueName\":\"search_term_string\"}}],\"inLanguage\":\"tr\"},{\"@type\":\"Organization\",\"@id\":\"https:\\\/\\\/www.gipa.eu\\\/#organization\",\"name\":\"GiPA\",\"url\":\"https:\\\/\\\/www.gipa.eu\\\/\",\"logo\":{\"@type\":\"ImageObject\",\"inLanguage\":\"tr\",\"@id\":\"https:\\\/\\\/www.gipa.eu\\\/#\\\/schema\\\/logo\\\/image\\\/\",\"url\":\"https:\\\/\\\/www.gipa.eu\\\/wp-content\\\/uploads\\\/2015\\\/12\\\/gipa.png\",\"contentUrl\":\"https:\\\/\\\/www.gipa.eu\\\/wp-content\\\/uploads\\\/2015\\\/12\\\/gipa.png\",\"width\":428,\"height\":136,\"caption\":\"GiPA\"},\"image\":{\"@id\":\"https:\\\/\\\/www.gipa.eu\\\/#\\\/schema\\\/logo\\\/image\\\/\"}}]}<\/script>\n<!-- \/ Yoast SEO plugin. -->","yoast_head_json":{"title":"\u0130spanya - GiPA","robots":{"index":"index","follow":"follow","max-snippet":"max-snippet:-1","max-image-preview":"max-image-preview:large","max-video-preview":"max-video-preview:-1"},"canonical":"https:\/\/www.gipa.eu\/tr\/contact-us\/spain\/","og_locale":"tr_TR","og_type":"article","og_title":"\u0130spanya - GiPA","og_url":"https:\/\/www.gipa.eu\/tr\/contact-us\/spain\/","og_site_name":"GiPA","article_modified_time":"2019-04-19T11:43:52+00:00","twitter_card":"summary_large_image","schema":{"@context":"https:\/\/schema.org","@graph":[{"@type":"WebPage","@id":"https:\/\/www.gipa.eu\/tr\/contact-us\/spain\/","url":"https:\/\/www.gipa.eu\/tr\/contact-us\/spain\/","name":"\u0130spanya - GiPA","isPartOf":{"@id":"https:\/\/www.gipa.eu\/#website"},"datePublished":"2016-01-11T14:05:57+00:00","dateModified":"2019-04-19T11:43:52+00:00","breadcrumb":{"@id":"https:\/\/www.gipa.eu\/tr\/contact-us\/spain\/#breadcrumb"},"inLanguage":"tr","potentialAction":[{"@type":"ReadAction","target":["https:\/\/www.gipa.eu\/tr\/contact-us\/spain\/"]}]},{"@type":"BreadcrumbList","@id":"https:\/\/www.gipa.eu\/tr\/contact-us\/spain\/#breadcrumb","itemListElement":[{"@type":"ListItem","position":1,"name":"Home","item":"https:\/\/www.gipa.eu\/tr\/"},{"@type":"ListItem","position":2,"name":"Bizimle \u0130leti\u015fime Ge\u00e7in","item":"https:\/\/www.gipa.eu\/tr\/contact-us\/"},{"@type":"ListItem","position":3,"name":"\u0130spanya"}]},{"@type":"WebSite","@id":"https:\/\/www.gipa.eu\/#website","url":"https:\/\/www.gipa.eu\/","name":"GiPA","description":"Solutions for parts &amp; services intelligence","publisher":{"@id":"https:\/\/www.gipa.eu\/#organization"},"potentialAction":[{"@type":"SearchAction","target":{"@type":"EntryPoint","urlTemplate":"https:\/\/www.gipa.eu\/?s={search_term_string}"},"query-input":{"@type":"PropertyValueSpecification","valueRequired":true,"valueName":"search_term_string"}}],"inLanguage":"tr"},{"@type":"Organization","@id":"https:\/\/www.gipa.eu\/#organization","name":"GiPA","url":"https:\/\/www.gipa.eu\/","logo":{"@type":"ImageObject","inLanguage":"tr","@id":"https:\/\/www.gipa.eu\/#\/schema\/logo\/image\/","url":"https:\/\/www.gipa.eu\/wp-content\/uploads\/2015\/12\/gipa.png","contentUrl":"https:\/\/www.gipa.eu\/wp-content\/uploads\/2015\/12\/gipa.png","width":428,"height":136,"caption":"GiPA"},"image":{"@id":"https:\/\/www.gipa.eu\/#\/schema\/logo\/image\/"}}]}},"_links":{"self":[{"href":"https:\/\/www.gipa.eu\/tr\/wp-json\/wp\/v2\/pages\/14127","targetHints":{"allow":["GET"]}}],"collection":[{"href":"https:\/\/www.gipa.eu\/tr\/wp-json\/wp\/v2\/pages"}],"about":[{"href":"https:\/\/www.gipa.eu\/tr\/wp-json\/wp\/v2\/types\/page"}],"author":[{"embeddable":true,"href":"https:\/\/www.gipa.eu\/tr\/wp-json\/wp\/v2\/users\/8"}],"replies":[{"embeddable":true,"href":"https:\/\/www.gipa.eu\/tr\/wp-json\/wp\/v2\/comments?post=14127"}],"version-history":[{"count":0,"href":"https:\/\/www.gipa.eu\/tr\/wp-json\/wp\/v2\/pages\/14127\/revisions"}],"up":[{"embeddable":true,"href":"https:\/\/www.gipa.eu\/tr\/wp-json\/wp\/v2\/pages\/14005"}],"wp:attachment":[{"href":"https:\/\/www.gipa.eu\/tr\/wp-json\/wp\/v2\/media?parent=14127"}],"curies":[{"name":"wp","href":"https:\/\/api.w.org\/{rel}","templated":true}]}}