
{"id":14160,"date":"2016-02-04T15:07:20","date_gmt":"2016-02-04T14:07:20","guid":{"rendered":"https:\/\/www.gipa.eu\/plenary\/"},"modified":"2019-05-02T08:40:35","modified_gmt":"2019-05-02T07:40:35","slug":"plenary","status":"publish","type":"page","link":"https:\/\/www.gipa.eu\/tr\/plenary\/","title":{"rendered":"Olaylar"},"content":{"rendered":"<div class=\"wpb-content-wrapper\"><p>[vc_row][vc_column width=&#8221;2\/3&#8243;][vc_column_text]<\/p>\n<div class=\"wpb_content_element block_title section_title inner-only_text \">\n<h1 style=\"text-align: center;\">Olaylar<\/h1>\n<\/div>\n<p>[\/vc_column_text][\/vc_column][vc_column width=&#8221;1\/3&#8243;][textbar style=&#8221;style_2&#8243; button_title=&#8221;Burada GIPA&#8217;n\u0131n en son haberlerini bulabilirsiniz!&#8221; button_link=&#8221;\/tr\/events&#8221; icon=&#8221;steadysets-icon-type&#8221;][\/textbar][\/vc_column][vc_column][separator width=&#8221;200px&#8221; height=&#8221;1px&#8221; position=&#8221;center&#8221; color=&#8221;#e1e1e1&#8243; margin_top=&#8221;40px&#8221; margin_bottom=&#8221;20px&#8221;][\/vc_column][\/vc_row][vc_row][vc_column width=&#8221;1\/3&#8243;][\/vc_column][vc_column width=&#8221;2\/3&#8243;][vc_column_text]<\/p>\n<p style=\"text-align: center;\">Tarih bi\u00e7imi aa \/ gg \/ yyyy \u015feklinde<\/p>\n<p>[\/vc_column_text][\/vc_column][\/vc_row][vc_row][vc_column][vc_tta_tour style=&#8221;outline&#8221; active_section=&#8221;1&#8243; el_class=&#8221;plenary-tower&#8221;][vc_tta_section title=&#8221;ATO araba ara\u015ft\u0131rmas\u0131&#8221; tab_id=&#8221;1455097984651-54c39792-5322&#8243; el_class=&#8221;plenary-tab-1&#8243;][vc_column_text]\n<table id=\"tablepress-46\" class=\"tablepress tablepress-id-46 custom-table\">\n<thead>\n<tr class=\"row-1\">\n\t<td class=\"column-1\"><\/td><th class=\"column-2\">Araba uzay\u0131na genel bak\u0131\u015f<\/th><th class=\"column-3\">S\u00fcr\u00fcc\u00fc \u00e7al\u0131\u015fmas\u0131<\/th><th class=\"column-4\">Ticaret \u00e7al\u0131\u015fmas\u0131<\/th><th class=\"column-5\">Tematik toplant\u0131<\/th>\n<\/tr>\n<\/thead>\n<tbody class=\"row-striping\">\n<tr class=\"row-2\">\n\t<td class=\"column-1\">Arjantin<\/td><td class=\"column-2\">03\/13\/2026<\/td><td class=\"column-3\">06\/11\/2026<\/td><td class=\"column-4\">09\/10\/2026<\/td><td class=\"column-5\">11\/12\/2026<\/td>\n<\/tr>\n<tr class=\"row-3\">\n\t<td class=\"column-1\">Brezilya<\/td><td class=\"column-2\">03\/26\/2026<\/td><td class=\"column-3\">05\/19\/2026<\/td><td class=\"column-4\">09\/22\/2026<\/td><td class=\"column-5\">11\/24\/2026<\/td>\n<\/tr>\n<tr class=\"row-4\">\n\t<td class=\"column-1\">\u00c7in<\/td><td class=\"column-2\">03\/12\/2026<\/td><td class=\"column-3\">06\/12\/2026<\/td><td class=\"column-4\">08\/07\/2026<\/td><td class=\"column-5\">11\/26\/2026<\/td>\n<\/tr>\n<tr class=\"row-5\">\n\t<td class=\"column-1\">Fransa<\/td><td class=\"column-2\">02\/05\/2026<\/td><td class=\"column-3\">04\/23\/2026<\/td><td class=\"column-4\">06\/25\/2026<\/td><td class=\"column-5\">10\/15\/2026<\/td>\n<\/tr>\n<tr class=\"row-6\">\n\t<td class=\"column-1\">Almanya<\/td><td class=\"column-2\">02\/25\/2026<\/td><td class=\"column-3\">04\/30\/2026<\/td><td class=\"column-4\">07\/24\/2026<\/td><td class=\"column-5\">10\/08\/2026<\/td>\n<\/tr>\n<tr class=\"row-7\">\n\t<td class=\"column-1\">\u0130talya<\/td><td class=\"column-2\">02\/11\/2026<\/td><td class=\"column-3\">03\/26\/2026<\/td><td class=\"column-4\">07\/09\/2026<\/td><td class=\"column-5\">10\/08\/2026<\/td>\n<\/tr>\n<tr class=\"row-8\">\n\t<td class=\"column-1\">Meksika<\/td><td class=\"column-2\">02\/26\/2026<\/td><td class=\"column-3\">04\/29\/2026<\/td><td class=\"column-4\">09\/03\/2026<\/td><td class=\"column-5\">10\/08\/2026<\/td>\n<\/tr>\n<tr class=\"row-9\">\n\t<td class=\"column-1\">Polonya<\/td><td class=\"column-2\">03\/11\/2026<\/td><td class=\"column-3\">05\/27\/2026<\/td><td class=\"column-4\">09\/16\/2026<\/td><td class=\"column-5\">11\/18\/2026<\/td>\n<\/tr>\n<tr class=\"row-10\">\n\t<td class=\"column-1\">Portekiz<\/td><td class=\"column-2\">02\/12\/2026<\/td><td class=\"column-3\">06\/18\/2026<\/td><td class=\"column-4\">07\/23\/2026<\/td><td class=\"column-5\">10\/22\/2026<\/td>\n<\/tr>\n<tr class=\"row-11\">\n\t<td class=\"column-1\">\u0130spanya<\/td><td class=\"column-2\">01\/29\/2026<\/td><td class=\"column-3\">04\/16\/2026<\/td><td class=\"column-4\">07\/02\/2026<\/td><td class=\"column-5\">10\/08\/2026<\/td>\n<\/tr>\n<tr class=\"row-12\">\n\t<td class=\"column-1\">Birle\u015fik Krall\u0131k<\/td><td class=\"column-2\">02\/04\/2026<\/td><td class=\"column-3\">05\/13\/2026<\/td><td class=\"column-4\">07\/15\/2026<\/td><td class=\"column-5\">10\/14\/2026<\/td>\n<\/tr>\n<\/tbody>\n<\/table>\n<!-- #tablepress-46 from cache -->[\/vc_column_text][\/vc_tta_section][vc_tta_section title=&#8221;PAD Ara\u00e7 Anketleri\/\u00c7al\u0131\u015fmas\u0131&#8221; tab_id=&#8221;1455097985090-eb957904-24a0&#8243; el_class=&#8221;plenary-tab-2&#8243;][vc_column_text]\n<table id=\"tablepress-49\" class=\"tablepress tablepress-id-49 custom-table-pad\">\n<thead>\n<tr class=\"row-1\">\n\t<td class=\"column-1\"><\/td><th colspan=\"2\" class=\"column-2\">S\u00fcr\u00fcc\u00fc \u00e7al\u0131\u015fmas\u0131<\/th><th colspan=\"2\" class=\"column-4\">Ticaret \u00e7al\u0131\u015fmas\u0131<\/th>\n<\/tr>\n<\/thead>\n<tbody class=\"row-striping\">\n<tr class=\"row-2\">\n\t<td class=\"column-1\"><\/td><td class=\"column-2\">Son<\/td><td class=\"column-3\">Sonraki<\/td><td class=\"column-4\">Son<\/td><td class=\"column-5\">Sonraki<\/td>\n<\/tr>\n<tr class=\"row-3\">\n\t<td class=\"column-1\">Avusturya<\/td><td class=\"column-2\">09\/30\/2023<\/td><td class=\"column-3\"><\/td><td class=\"column-4\"><\/td><td class=\"column-5\"><\/td>\n<\/tr>\n<tr class=\"row-4\">\n\t<td class=\"column-1\">Bel\u00e7ika<\/td><td class=\"column-2\">09\/30\/2022<\/td><td class=\"column-3\">05\/30\/2024<\/td><td class=\"column-4\">12\/30\/2022<\/td><td class=\"column-5\">10\/30\/2024<\/td>\n<\/tr>\n<tr class=\"row-5\">\n\t<td class=\"column-1\">Bulgaristan<\/td><td class=\"column-2\">12\/30\/2022<\/td><td class=\"column-3\"><\/td><td class=\"column-4\"><\/td><td class=\"column-5\"><\/td>\n<\/tr>\n<tr class=\"row-6\">\n\t<td class=\"column-1\">Hollanda<\/td><td class=\"column-2\">09\/30\/2022<\/td><td class=\"column-3\">05\/30\/2024<\/td><td class=\"column-4\">12\/30\/2022<\/td><td class=\"column-5\">10\/30\/2024<\/td>\n<\/tr>\n<tr class=\"row-7\">\n\t<td class=\"column-1\">H\u0131rvatistan<\/td><td class=\"column-2\">12\/30\/2022<\/td><td class=\"column-3\"><\/td><td class=\"column-4\"><\/td><td class=\"column-5\"><\/td>\n<\/tr>\n<tr class=\"row-8\">\n\t<td class=\"column-1\">\u0130svi\u00e7re<\/td><td class=\"column-2\">09\/30\/2023<\/td><td class=\"column-3\"><\/td><td class=\"column-4\"><\/td><td class=\"column-5\"><\/td>\n<\/tr>\n<tr class=\"row-9\">\n\t<td class=\"column-1\">Norve\u00e7<\/td><td class=\"column-2\">06\/30\/2023<\/td><td class=\"column-3\"><\/td><td class=\"column-4\">11\/30\/2021<\/td><td class=\"column-5\"><\/td>\n<\/tr>\n<tr class=\"row-10\">\n\t<td class=\"column-1\">Peru<\/td><td class=\"column-2\">12\/30\/2019<\/td><td class=\"column-3\">07\/30\/2025<\/td><td class=\"column-4\">01\/30\/2020<\/td><td class=\"column-5\"><\/td>\n<\/tr>\n<tr class=\"row-11\">\n\t<td class=\"column-1\">Romanya<\/td><td class=\"column-2\">05\/30\/2021<\/td><td class=\"column-3\">07\/30\/2024<\/td><td class=\"column-4\"><\/td><td class=\"column-5\"><\/td>\n<\/tr>\n<tr class=\"row-12\">\n\t<td class=\"column-1\">Slovakya<\/td><td class=\"column-2\">09\/30\/2023<\/td><td class=\"column-3\"><\/td><td class=\"column-4\"><\/td><td class=\"column-5\"><\/td>\n<\/tr>\n<tr class=\"row-13\">\n\t<td class=\"column-1\">Slovenya<\/td><td class=\"column-2\">12\/30\/2022<\/td><td class=\"column-3\"><\/td><td class=\"column-4\"><\/td><td class=\"column-5\"><\/td>\n<\/tr>\n<tr class=\"row-14\">\n\t<td class=\"column-1\">S\u00fcet<\/td><td class=\"column-2\">05\/30\/2020<\/td><td class=\"column-3\">07\/30\/2024<\/td><td class=\"column-4\">09\/30\/2020<\/td><td class=\"column-5\">11\/30\/2024<\/td>\n<\/tr>\n<tr class=\"row-15\">\n\t<td class=\"column-1\">S\u0131rbistan<\/td><td class=\"column-2\">12\/30\/2022<\/td><td class=\"column-3\"><\/td><td class=\"column-4\"><\/td><td class=\"column-5\"><\/td>\n<\/tr>\n<tr class=\"row-16\">\n\t<td class=\"column-1\">T\u00fcrkiye<\/td><td class=\"column-2\">09\/30\/2020<\/td><td class=\"column-3\">05\/30\/2024<\/td><td class=\"column-4\">12\/30\/2020<\/td><td class=\"column-5\">07\/30\/2024<\/td>\n<\/tr>\n<tr class=\"row-17\">\n\t<td class=\"column-1\">Yunanistan<\/td><td class=\"column-2\">05\/30\/2021<\/td><td class=\"column-3\">12\/30\/2024<\/td><td class=\"column-4\"><\/td><td class=\"column-5\"><\/td>\n<\/tr>\n<tr class=\"row-18\">\n\t<td class=\"column-1\">\u00c7ek Cumhuriyeti<\/td><td class=\"column-2\">09\/30\/2023<\/td><td class=\"column-3\"><\/td><td class=\"column-4\"><\/td><td class=\"column-5\"><\/td>\n<\/tr>\n<tr class=\"row-19\">\n\t<td class=\"column-1\">\u015eili<\/td><td class=\"column-2\">10\/30\/2018<\/td><td class=\"column-3\">08\/30\/2024<\/td><td class=\"column-4\">10\/30\/2018<\/td><td class=\"column-5\"><\/td>\n<\/tr>\n<\/tbody>\n<\/table>\n<!-- #tablepress-49 from cache -->[\/vc_column_text][\/vc_tta_section][vc_tta_section title=&#8221;\u00c7ok m\u00fc\u015fterili iki tekerlekli ara\u015ft\u0131rmas\u0131&#8221; tab_id=&#8221;1455098004885-4e9e0217-91c0&#8243; el_class=&#8221;plenary-tab-3&#8243;][vc_column_text]\n<table id=\"tablepress-48\" class=\"tablepress tablepress-id-48 custom-table\">\n<thead>\n<tr class=\"row-1\">\n\t<td class=\"column-1\"><\/td><th class=\"column-2\">S\u00fcr\u00fcc\u00fc \u00e7al\u0131\u015fmas\u0131<\/th><th class=\"column-3\">Ticaret \u00e7al\u0131\u015fmas\u0131<\/th>\n<\/tr>\n<\/thead>\n<tbody class=\"row-striping\">\n<tr class=\"row-2\">\n\t<td class=\"column-1\">Almanya<\/td><td class=\"column-2\">11\/14\/2026<\/td><td class=\"column-3\"><\/td>\n<\/tr>\n<tr class=\"row-3\">\n\t<td class=\"column-1\">Brezilya<\/td><td class=\"column-2\">12\/15\/2026<\/td><td class=\"column-3\"><\/td>\n<\/tr>\n<tr class=\"row-4\">\n\t<td class=\"column-1\">Endonezya<\/td><td class=\"column-2\">03\/18\/2022<\/td><td class=\"column-3\"><\/td>\n<\/tr>\n<tr class=\"row-5\">\n\t<td class=\"column-1\">Fransa<\/td><td class=\"column-2\">12\/15\/2026<\/td><td class=\"column-3\">12\/18\/2025<\/td>\n<\/tr>\n<tr class=\"row-6\">\n\t<td class=\"column-1\">\u0130spanya<\/td><td class=\"column-2\">06\/18\/2026<\/td><td class=\"column-3\">06\/20\/2025<\/td>\n<\/tr>\n<tr class=\"row-7\">\n\t<td class=\"column-1\">\u0130talya<\/td><td class=\"column-2\">10\/22\/2026<\/td><td class=\"column-3\">10\/23\/2025<\/td>\n<\/tr>\n<tr class=\"row-8\">\n\t<td class=\"column-1\">Meksika<\/td><td class=\"column-2\">08\/01\/2024<\/td><td class=\"column-3\"><\/td>\n<\/tr>\n<tr class=\"row-9\">\n\t<td class=\"column-1\">Portekiz<\/td><td class=\"column-2\">10\/19\/2023<\/td><td class=\"column-3\"><\/td>\n<\/tr>\n<tr class=\"row-10\">\n\t<td class=\"column-1\">Vietnam<\/td><td class=\"column-2\">05\/13\/2022<\/td><td class=\"column-3\"><\/td>\n<\/tr>\n<\/tbody>\n<\/table>\n<!-- #tablepress-48 from cache -->[\/vc_column_text][\/vc_tta_section][vc_tta_section title=&#8221;\u00c7ok m\u00fc\u015fterili a\u011f\u0131r vas\u0131ta ara\u015ft\u0131rmas\u0131&#8221; tab_id=&#8221;1455098006888-9df2425a-bcb8&#8243; el_class=&#8221;plenary-tab-4&#8243;][vc_column_text]\n<table id=\"tablepress-47\" class=\"tablepress tablepress-id-47 custom-table\">\n<thead>\n<tr class=\"row-1\">\n\t<td class=\"column-1\"><\/td><th class=\"column-2\">S\u00fcr\u00fcc\u00fc \u00e7al\u0131\u015fmas\u0131<\/th><th class=\"column-3\">Ticaret \u00e7al\u0131\u015fmas\u0131<\/th>\n<\/tr>\n<\/thead>\n<tbody class=\"row-striping\">\n<tr class=\"row-2\">\n\t<td class=\"column-1\">Almanya<\/td><td class=\"column-2\">12\/11\/2026<\/td><td class=\"column-3\">12\/11\/2025<\/td>\n<\/tr>\n<tr class=\"row-3\">\n\t<td class=\"column-1\">Fransa<\/td><td class=\"column-2\">12\/15\/2026<\/td><td class=\"column-3\">12\/18\/2025<\/td>\n<\/tr>\n<tr class=\"row-4\">\n\t<td class=\"column-1\">\u0130spanya<\/td><td class=\"column-2\">11\/19\/2026<\/td><td class=\"column-3\">11\/27\/2025<\/td>\n<\/tr>\n<tr class=\"row-5\">\n\t<td class=\"column-1\">\u0130talya<\/td><td class=\"column-2\">12\/10\/2026<\/td><td class=\"column-3\">12\/10\/2025<\/td>\n<\/tr>\n<tr class=\"row-6\">\n\t<td class=\"column-1\">Meksika<\/td><td class=\"column-2\">11\/19\/2026<\/td><td class=\"column-3\"><\/td>\n<\/tr>\n<tr class=\"row-7\">\n\t<td class=\"column-1\">Polonya<br \/>\n<\/td><td class=\"column-2\">11\/01\/2024<\/td><td class=\"column-3\"><\/td>\n<\/tr>\n<tr class=\"row-8\">\n\t<td class=\"column-1\">Portekiz<\/td><td class=\"column-2\">12\/17\/2026<\/td><td class=\"column-3\">12\/18\/2025<\/td>\n<\/tr>\n<tr class=\"row-9\">\n\t<td class=\"column-1\">Birle\u015fik Krall\u0131k<\/td><td class=\"column-2\">12\/19\/2026<\/td><td class=\"column-3\"><\/td>\n<\/tr>\n<tr class=\"row-10\">\n\t<td class=\"column-1\">Brezilya<\/td><td class=\"column-2\">12\/15\/2026<\/td><td class=\"column-3\">12\/18\/2025<\/td>\n<\/tr>\n<\/tbody>\n<\/table>\n<!-- #tablepress-47 from cache -->[\/vc_column_text][\/vc_tta_section][\/vc_tta_tour][\/vc_column][\/vc_row]<\/p>\n<\/div>","protected":false},"excerpt":{"rendered":"<p>[vc_row][vc_column width=&#8221;2\/3&#8243;][vc_column_text] Olaylar [\/vc_column_text][\/vc_column][vc_column width=&#8221;1\/3&#8243;][textbar style=&#8221;style_2&#8243; button_title=&#8221;Burada GIPA&#8217;n\u0131n en son haberlerini bulabilirsiniz!&#8221; button_link=&#8221;\/tr\/events&#8221; icon=&#8221;steadysets-icon-type&#8221;][\/textbar][\/vc_column][vc_column][separator width=&#8221;200px&#8221; height=&#8221;1px&#8221; position=&#8221;center&#8221; color=&#8221;#e1e1e1&#8243; margin_top=&#8221;40px&#8221; margin_bottom=&#8221;20px&#8221;][\/vc_column][\/vc_row][vc_row][vc_column width=&#8221;1\/3&#8243;][\/vc_column][vc_column width=&#8221;2\/3&#8243;][vc_column_text] Tarih bi\u00e7imi aa \/ gg \/ yyyy \u015feklinde [\/vc_column_text][\/vc_column][\/vc_row][vc_row][vc_column][vc_tta_tour style=&#8221;outline&#8221; active_section=&#8221;1&#8243; el_class=&#8221;plenary-tower&#8221;][vc_tta_section title=&#8221;ATO araba ara\u015ft\u0131rmas\u0131&#8221; tab_id=&#8221;1455097984651-54c39792-5322&#8243; el_class=&#8221;plenary-tab-1&#8243;][vc_column_text][\/vc_column_text][\/vc_tta_section][vc_tta_section title=&#8221;PAD Ara\u00e7 Anketleri\/\u00c7al\u0131\u015fmas\u0131&#8221; tab_id=&#8221;1455097985090-eb957904-24a0&#8243; el_class=&#8221;plenary-tab-2&#8243;][vc_column_text][\/vc_column_text][\/vc_tta_section][vc_tta_section title=&#8221;\u00c7ok m\u00fc\u015fterili iki tekerlekli ara\u015ft\u0131rmas\u0131&#8221; tab_id=&#8221;1455098004885-4e9e0217-91c0&#8243; el_class=&#8221;plenary-tab-3&#8243;][vc_column_text][\/vc_column_text][\/vc_tta_section][vc_tta_section title=&#8221;\u00c7ok m\u00fc\u015fterili a\u011f\u0131r vas\u0131ta [&hellip;]<\/p>\n","protected":false},"author":8,"featured_media":0,"parent":0,"menu_order":0,"comment_status":"closed","ping_status":"closed","template":"","meta":{"footnotes":""},"class_list":["post-14160","page","type-page","status-publish","hentry"],"yoast_head":"<!-- This site is optimized with the Yoast SEO plugin v27.4 - https:\/\/yoast.com\/product\/yoast-seo-wordpress\/ -->\n<title>Olaylar - GiPA<\/title>\n<meta name=\"robots\" content=\"index, follow, max-snippet:-1, max-image-preview:large, max-video-preview:-1\" \/>\n<link rel=\"canonical\" href=\"https:\/\/www.gipa.eu\/tr\/plenary\/\" \/>\n<meta property=\"og:locale\" content=\"tr_TR\" \/>\n<meta property=\"og:type\" content=\"article\" \/>\n<meta property=\"og:title\" content=\"Olaylar - GiPA\" \/>\n<meta property=\"og:description\" content=\"[vc_row][vc_column width=&#8221;2\/3&#8243;][vc_column_text] Olaylar [\/vc_column_text][\/vc_column][vc_column width=&#8221;1\/3&#8243;][textbar style=&#8221;style_2&#8243; button_title=&#8221;Burada GIPA&#8217;n\u0131n en son haberlerini bulabilirsiniz!&#8221; button_link=&#8221;\/tr\/events&#8221; icon=&#8221;steadysets-icon-type&#8221;][\/textbar][\/vc_column][vc_column][separator width=&#8221;200px&#8221; height=&#8221;1px&#8221; position=&#8221;center&#8221; color=&#8221;#e1e1e1&#8243; margin_top=&#8221;40px&#8221; margin_bottom=&#8221;20px&#8221;][\/vc_column][\/vc_row][vc_row][vc_column width=&#8221;1\/3&#8243;][\/vc_column][vc_column width=&#8221;2\/3&#8243;][vc_column_text] Tarih bi\u00e7imi aa \/ gg \/ yyyy \u015feklinde [\/vc_column_text][\/vc_column][\/vc_row][vc_row][vc_column][vc_tta_tour style=&#8221;outline&#8221; active_section=&#8221;1&#8243; el_class=&#8221;plenary-tower&#8221;][vc_tta_section title=&#8221;ATO araba ara\u015ft\u0131rmas\u0131&#8221; tab_id=&#8221;1455097984651-54c39792-5322&#8243; el_class=&#8221;plenary-tab-1&#8243;][vc_column_text][\/vc_column_text][\/vc_tta_section][vc_tta_section title=&#8221;PAD Ara\u00e7 Anketleri\/\u00c7al\u0131\u015fmas\u0131&#8221; tab_id=&#8221;1455097985090-eb957904-24a0&#8243; el_class=&#8221;plenary-tab-2&#8243;][vc_column_text][\/vc_column_text][\/vc_tta_section][vc_tta_section title=&#8221;\u00c7ok m\u00fc\u015fterili iki tekerlekli ara\u015ft\u0131rmas\u0131&#8221; tab_id=&#8221;1455098004885-4e9e0217-91c0&#8243; el_class=&#8221;plenary-tab-3&#8243;][vc_column_text][\/vc_column_text][\/vc_tta_section][vc_tta_section title=&#8221;\u00c7ok m\u00fc\u015fterili a\u011f\u0131r vas\u0131ta [&hellip;]\" \/>\n<meta property=\"og:url\" content=\"https:\/\/www.gipa.eu\/tr\/plenary\/\" \/>\n<meta property=\"og:site_name\" content=\"GiPA\" \/>\n<meta property=\"article:modified_time\" content=\"2019-05-02T07:40:35+00:00\" \/>\n<meta name=\"twitter:card\" content=\"summary_large_image\" \/>\n<meta name=\"twitter:label1\" content=\"Tahmini okuma s\u00fcresi\" \/>\n\t<meta name=\"twitter:data1\" content=\"1 dakika\" \/>\n<script type=\"application\/ld+json\" class=\"yoast-schema-graph\">{\"@context\":\"https:\\\/\\\/schema.org\",\"@graph\":[{\"@type\":\"WebPage\",\"@id\":\"https:\\\/\\\/www.gipa.eu\\\/tr\\\/plenary\\\/\",\"url\":\"https:\\\/\\\/www.gipa.eu\\\/tr\\\/plenary\\\/\",\"name\":\"Olaylar - GiPA\",\"isPartOf\":{\"@id\":\"https:\\\/\\\/www.gipa.eu\\\/#website\"},\"datePublished\":\"2016-02-04T14:07:20+00:00\",\"dateModified\":\"2019-05-02T07:40:35+00:00\",\"breadcrumb\":{\"@id\":\"https:\\\/\\\/www.gipa.eu\\\/tr\\\/plenary\\\/#breadcrumb\"},\"inLanguage\":\"tr\",\"potentialAction\":[{\"@type\":\"ReadAction\",\"target\":[\"https:\\\/\\\/www.gipa.eu\\\/tr\\\/plenary\\\/\"]}]},{\"@type\":\"BreadcrumbList\",\"@id\":\"https:\\\/\\\/www.gipa.eu\\\/tr\\\/plenary\\\/#breadcrumb\",\"itemListElement\":[{\"@type\":\"ListItem\",\"position\":1,\"name\":\"Home\",\"item\":\"https:\\\/\\\/www.gipa.eu\\\/tr\\\/\"},{\"@type\":\"ListItem\",\"position\":2,\"name\":\"Olaylar\"}]},{\"@type\":\"WebSite\",\"@id\":\"https:\\\/\\\/www.gipa.eu\\\/#website\",\"url\":\"https:\\\/\\\/www.gipa.eu\\\/\",\"name\":\"GiPA\",\"description\":\"Solutions for parts &amp; services intelligence\",\"publisher\":{\"@id\":\"https:\\\/\\\/www.gipa.eu\\\/#organization\"},\"potentialAction\":[{\"@type\":\"SearchAction\",\"target\":{\"@type\":\"EntryPoint\",\"urlTemplate\":\"https:\\\/\\\/www.gipa.eu\\\/?s={search_term_string}\"},\"query-input\":{\"@type\":\"PropertyValueSpecification\",\"valueRequired\":true,\"valueName\":\"search_term_string\"}}],\"inLanguage\":\"tr\"},{\"@type\":\"Organization\",\"@id\":\"https:\\\/\\\/www.gipa.eu\\\/#organization\",\"name\":\"GiPA\",\"url\":\"https:\\\/\\\/www.gipa.eu\\\/\",\"logo\":{\"@type\":\"ImageObject\",\"inLanguage\":\"tr\",\"@id\":\"https:\\\/\\\/www.gipa.eu\\\/#\\\/schema\\\/logo\\\/image\\\/\",\"url\":\"https:\\\/\\\/www.gipa.eu\\\/wp-content\\\/uploads\\\/2015\\\/12\\\/gipa.png\",\"contentUrl\":\"https:\\\/\\\/www.gipa.eu\\\/wp-content\\\/uploads\\\/2015\\\/12\\\/gipa.png\",\"width\":428,\"height\":136,\"caption\":\"GiPA\"},\"image\":{\"@id\":\"https:\\\/\\\/www.gipa.eu\\\/#\\\/schema\\\/logo\\\/image\\\/\"}}]}<\/script>\n<!-- \/ Yoast SEO plugin. -->","yoast_head_json":{"title":"Olaylar - GiPA","robots":{"index":"index","follow":"follow","max-snippet":"max-snippet:-1","max-image-preview":"max-image-preview:large","max-video-preview":"max-video-preview:-1"},"canonical":"https:\/\/www.gipa.eu\/tr\/plenary\/","og_locale":"tr_TR","og_type":"article","og_title":"Olaylar - GiPA","og_description":"[vc_row][vc_column width=&#8221;2\/3&#8243;][vc_column_text] Olaylar [\/vc_column_text][\/vc_column][vc_column width=&#8221;1\/3&#8243;][textbar style=&#8221;style_2&#8243; button_title=&#8221;Burada GIPA&#8217;n\u0131n en son haberlerini bulabilirsiniz!&#8221; button_link=&#8221;\/tr\/events&#8221; icon=&#8221;steadysets-icon-type&#8221;][\/textbar][\/vc_column][vc_column][separator width=&#8221;200px&#8221; height=&#8221;1px&#8221; position=&#8221;center&#8221; color=&#8221;#e1e1e1&#8243; margin_top=&#8221;40px&#8221; margin_bottom=&#8221;20px&#8221;][\/vc_column][\/vc_row][vc_row][vc_column width=&#8221;1\/3&#8243;][\/vc_column][vc_column width=&#8221;2\/3&#8243;][vc_column_text] Tarih bi\u00e7imi aa \/ gg \/ yyyy \u015feklinde [\/vc_column_text][\/vc_column][\/vc_row][vc_row][vc_column][vc_tta_tour style=&#8221;outline&#8221; active_section=&#8221;1&#8243; el_class=&#8221;plenary-tower&#8221;][vc_tta_section title=&#8221;ATO araba ara\u015ft\u0131rmas\u0131&#8221; tab_id=&#8221;1455097984651-54c39792-5322&#8243; el_class=&#8221;plenary-tab-1&#8243;][vc_column_text][\/vc_column_text][\/vc_tta_section][vc_tta_section title=&#8221;PAD Ara\u00e7 Anketleri\/\u00c7al\u0131\u015fmas\u0131&#8221; tab_id=&#8221;1455097985090-eb957904-24a0&#8243; el_class=&#8221;plenary-tab-2&#8243;][vc_column_text][\/vc_column_text][\/vc_tta_section][vc_tta_section title=&#8221;\u00c7ok m\u00fc\u015fterili iki tekerlekli ara\u015ft\u0131rmas\u0131&#8221; tab_id=&#8221;1455098004885-4e9e0217-91c0&#8243; el_class=&#8221;plenary-tab-3&#8243;][vc_column_text][\/vc_column_text][\/vc_tta_section][vc_tta_section title=&#8221;\u00c7ok m\u00fc\u015fterili a\u011f\u0131r vas\u0131ta [&hellip;]","og_url":"https:\/\/www.gipa.eu\/tr\/plenary\/","og_site_name":"GiPA","article_modified_time":"2019-05-02T07:40:35+00:00","twitter_card":"summary_large_image","twitter_misc":{"Tahmini okuma s\u00fcresi":"1 dakika"},"schema":{"@context":"https:\/\/schema.org","@graph":[{"@type":"WebPage","@id":"https:\/\/www.gipa.eu\/tr\/plenary\/","url":"https:\/\/www.gipa.eu\/tr\/plenary\/","name":"Olaylar - GiPA","isPartOf":{"@id":"https:\/\/www.gipa.eu\/#website"},"datePublished":"2016-02-04T14:07:20+00:00","dateModified":"2019-05-02T07:40:35+00:00","breadcrumb":{"@id":"https:\/\/www.gipa.eu\/tr\/plenary\/#breadcrumb"},"inLanguage":"tr","potentialAction":[{"@type":"ReadAction","target":["https:\/\/www.gipa.eu\/tr\/plenary\/"]}]},{"@type":"BreadcrumbList","@id":"https:\/\/www.gipa.eu\/tr\/plenary\/#breadcrumb","itemListElement":[{"@type":"ListItem","position":1,"name":"Home","item":"https:\/\/www.gipa.eu\/tr\/"},{"@type":"ListItem","position":2,"name":"Olaylar"}]},{"@type":"WebSite","@id":"https:\/\/www.gipa.eu\/#website","url":"https:\/\/www.gipa.eu\/","name":"GiPA","description":"Solutions for parts &amp; services intelligence","publisher":{"@id":"https:\/\/www.gipa.eu\/#organization"},"potentialAction":[{"@type":"SearchAction","target":{"@type":"EntryPoint","urlTemplate":"https:\/\/www.gipa.eu\/?s={search_term_string}"},"query-input":{"@type":"PropertyValueSpecification","valueRequired":true,"valueName":"search_term_string"}}],"inLanguage":"tr"},{"@type":"Organization","@id":"https:\/\/www.gipa.eu\/#organization","name":"GiPA","url":"https:\/\/www.gipa.eu\/","logo":{"@type":"ImageObject","inLanguage":"tr","@id":"https:\/\/www.gipa.eu\/#\/schema\/logo\/image\/","url":"https:\/\/www.gipa.eu\/wp-content\/uploads\/2015\/12\/gipa.png","contentUrl":"https:\/\/www.gipa.eu\/wp-content\/uploads\/2015\/12\/gipa.png","width":428,"height":136,"caption":"GiPA"},"image":{"@id":"https:\/\/www.gipa.eu\/#\/schema\/logo\/image\/"}}]}},"_links":{"self":[{"href":"https:\/\/www.gipa.eu\/tr\/wp-json\/wp\/v2\/pages\/14160","targetHints":{"allow":["GET"]}}],"collection":[{"href":"https:\/\/www.gipa.eu\/tr\/wp-json\/wp\/v2\/pages"}],"about":[{"href":"https:\/\/www.gipa.eu\/tr\/wp-json\/wp\/v2\/types\/page"}],"author":[{"embeddable":true,"href":"https:\/\/www.gipa.eu\/tr\/wp-json\/wp\/v2\/users\/8"}],"replies":[{"embeddable":true,"href":"https:\/\/www.gipa.eu\/tr\/wp-json\/wp\/v2\/comments?post=14160"}],"version-history":[{"count":0,"href":"https:\/\/www.gipa.eu\/tr\/wp-json\/wp\/v2\/pages\/14160\/revisions"}],"wp:attachment":[{"href":"https:\/\/www.gipa.eu\/tr\/wp-json\/wp\/v2\/media?parent=14160"}],"curies":[{"name":"wp","href":"https:\/\/api.w.org\/{rel}","templated":true}]}}